{"id":786,"date":"2021-07-24T10:35:52","date_gmt":"2021-07-24T10:35:52","guid":{"rendered":"http:\/\/localyaar.bf\/?post_type=product&#038;p=786"},"modified":"2025-01-31T15:59:06","modified_gmt":"2025-01-31T15:59:06","slug":"hemoral-gelules","status":"publish","type":"product","link":"https:\/\/localyaar.bf\/en\/boutique\/hemoral-gelules","title":{"rendered":"HEMORAL GELULES &#8211; Laboratoire Bangr Ya Wend Kuuni"},"content":{"rendered":"","protected":false},"excerpt":{"rendered":"<p><strong>Guerrissez vos h\u00e9morro\u00efdes, avec la solution naturelle \u00ab\u00a0h\u00e9moral g\u00e9lules\u00a0\u00bb \u00e0 base de plantes.<\/strong><\/p>\n<p><strong>Produit homologu\u00e9 par le minist\u00e8re de la sant\u00e9<\/strong><\/p>\n<p><strong>Date de fabrication : 15\/06\/2024<\/strong><\/p>\n<p><strong>Date de p\u00e9remption : 14\/06\/2027<\/strong><\/p>\n<p>&nbsp;<\/p>","protected":false},"featured_media":6460,"comment_status":"open","ping_status":"closed","template":"","meta":{"_eb_attr":"","om_disable_all_campaigns":false,"_monsterinsights_skip_tracking":false,"_monsterinsights_sitenote_active":false,"_monsterinsights_sitenote_note":"","_monsterinsights_sitenote_category":0},"product_cat":[26],"product_tag":[130,129,366,367,370,369,368,371],"class_list":{"0":"post-786","1":"product","2":"type-product","3":"status-publish","4":"has-post-thumbnail","6":"product_brand-laboratoire-bangre-ya-wend-kunni","7":"product_cat-sante-bien-etre","8":"product_tag-hemoral","9":"product_tag-hemorroide","10":"product_tag-laboratoire","11":"product_tag-laboratoire-bangr-ya-wend-kuuni","12":"product_tag-medecine","13":"product_tag-medecine-traditionelle","14":"product_tag-pharmacopee","15":"product_tag-traditionelle","17":"first","18":"instock","19":"sale","20":"purchasable","21":"product-type-simple","22":"col-xs-6 col-sm-4","23":"col-mf-5","24":"un-5-cols"},"aioseo_notices":[],"jetpack_likes_enabled":true,"jetpack_sharing_enabled":true,"_links":{"self":[{"href":"https:\/\/localyaar.bf\/en\/wp-json\/wp\/v2\/product\/786","targetHints":{"allow":["GET"]}}],"collection":[{"href":"https:\/\/localyaar.bf\/en\/wp-json\/wp\/v2\/product"}],"about":[{"href":"https:\/\/localyaar.bf\/en\/wp-json\/wp\/v2\/types\/product"}],"replies":[{"embeddable":true,"href":"https:\/\/localyaar.bf\/en\/wp-json\/wp\/v2\/comments?post=786"}],"wp:featuredmedia":[{"embeddable":true,"href":"https:\/\/localyaar.bf\/en\/wp-json\/wp\/v2\/media\/6460"}],"wp:attachment":[{"href":"https:\/\/localyaar.bf\/en\/wp-json\/wp\/v2\/media?parent=786"}],"wp:term":[{"taxonomy":"product_cat","embeddable":true,"href":"https:\/\/localyaar.bf\/en\/wp-json\/wp\/v2\/product_cat?post=786"},{"taxonomy":"product_tag","embeddable":true,"href":"https:\/\/localyaar.bf\/en\/wp-json\/wp\/v2\/product_tag?post=786"}],"curies":[{"name":"wp","href":"https:\/\/api.w.org\/{rel}","templated":true}]}}