{"id":7192,"date":"2026-01-15T13:10:27","date_gmt":"2026-01-15T13:10:27","guid":{"rendered":"https:\/\/localyaar.bf\/?post_type=product&#038;p=7192"},"modified":"2026-01-15T13:12:02","modified_gmt":"2026-01-15T13:12:02","slug":"ko-fee-cafe-capsule-aromatisee-delicate-made-in-burkinabe","status":"publish","type":"product","link":"https:\/\/localyaar.bf\/en\/boutique\/ko-fee-cafe-capsule-aromatisee-delicate-made-in-burkinabe","title":{"rendered":"KO-Fee caf\u00e9 capsule Aromatis\u00e9e &#038; D\u00e9licate- Made in Burkinab\u00e8"},"content":{"rendered":"","protected":false},"excerpt":{"rendered":"<p><strong>Composition:<\/strong><br \/>\nCaf\u00e9 Vert, Canelle, Clou de girofle, Graine de poivre, graine de cardamome, gomme arabique.<\/p>\n<p>Avec KO-Fee, caf\u00e9 transform\u00e9 et produit au Burkina Faso. Nos grains de caf\u00e9 sont s\u00e9lectionn\u00e9s avec soin.<br \/>\nProvenant de la plantations de caf\u00e9 situ\u00e9es majoritairement en Afrique de L&rsquo;Ouest, KO-Fee met en avant la vari\u00e9t\u00e9 Robusta cultiv\u00e9e dans les plaines de ses r\u00e9gions.<\/p>\n<p>Date de p\u00e9remption: 15\/09\/2027<\/p>","protected":false},"featured_media":7194,"comment_status":"open","ping_status":"closed","template":"","meta":{"_eb_attr":"","om_disable_all_campaigns":false,"_monsterinsights_skip_tracking":false,"_monsterinsights_sitenote_active":false,"_monsterinsights_sitenote_note":"","_monsterinsights_sitenote_category":0},"product_cat":[702],"product_tag":[699,707,701,704],"class_list":{"0":"post-7192","1":"product","2":"type-product","3":"status-publish","4":"has-post-thumbnail","6":"product_brand-ko-fee","7":"product_cat-ko-fee","8":"product_tag-cafe","9":"product_tag-capsule","10":"product_tag-delicate","11":"product_tag-ko-fee","13":"first","14":"instock","15":"sale","16":"shipping-taxable","17":"purchasable","18":"product-type-simple","19":"col-xs-6 col-sm-4","20":"col-mf-5","21":"un-5-cols"},"aioseo_notices":[],"jetpack_likes_enabled":true,"jetpack_sharing_enabled":true,"_links":{"self":[{"href":"https:\/\/localyaar.bf\/en\/wp-json\/wp\/v2\/product\/7192","targetHints":{"allow":["GET"]}}],"collection":[{"href":"https:\/\/localyaar.bf\/en\/wp-json\/wp\/v2\/product"}],"about":[{"href":"https:\/\/localyaar.bf\/en\/wp-json\/wp\/v2\/types\/product"}],"replies":[{"embeddable":true,"href":"https:\/\/localyaar.bf\/en\/wp-json\/wp\/v2\/comments?post=7192"}],"wp:featuredmedia":[{"embeddable":true,"href":"https:\/\/localyaar.bf\/en\/wp-json\/wp\/v2\/media\/7194"}],"wp:attachment":[{"href":"https:\/\/localyaar.bf\/en\/wp-json\/wp\/v2\/media?parent=7192"}],"wp:term":[{"taxonomy":"product_cat","embeddable":true,"href":"https:\/\/localyaar.bf\/en\/wp-json\/wp\/v2\/product_cat?post=7192"},{"taxonomy":"product_tag","embeddable":true,"href":"https:\/\/localyaar.bf\/en\/wp-json\/wp\/v2\/product_tag?post=7192"}],"curies":[{"name":"wp","href":"https:\/\/api.w.org\/{rel}","templated":true}]}}