{"id":7190,"date":"2026-01-15T13:01:12","date_gmt":"2026-01-15T13:01:12","guid":{"rendered":"https:\/\/localyaar.bf\/?post_type=product&#038;p=7190"},"modified":"2026-01-15T13:14:01","modified_gmt":"2026-01-15T13:14:01","slug":"ko-fee-cafe-capsule-corsee-tonique-made-in-burkinabe","status":"publish","type":"product","link":"https:\/\/localyaar.bf\/en\/boutique\/ko-fee-cafe-capsule-corsee-tonique-made-in-burkinabe","title":{"rendered":"KO-Fee caf\u00e9 capsule Cors\u00e9e &#038; Tonique- Made in Burkinab\u00e8"},"content":{"rendered":"","protected":false},"excerpt":{"rendered":"<p><strong>Composition:<\/strong><br \/>\nCaf\u00e9 Vert, Canelle, Clou de girofle, Graine de poivre, graine de cardamome, gomme arabique.<\/p>\n<p>Avec KO-Fee, caf\u00e9 transform\u00e9 et produit au Burkina Faso. Nos grains de caf\u00e9 sont s\u00e9lectionn\u00e9s avec soin.<br \/>\nProvenant de la plantations de caf\u00e9 situ\u00e9es majoritairement en Afrique de L&rsquo;Ouest, KO-Fee met en avant la vari\u00e9t\u00e9 Robusta cultiv\u00e9e dans les plaines de ses r\u00e9gions.<\/p>\n<p>Date de p\u00e9remption: 15\/09\/2027<\/p>","protected":false},"featured_media":7191,"comment_status":"open","ping_status":"closed","template":"","meta":{"_eb_attr":"","om_disable_all_campaigns":false,"_monsterinsights_skip_tracking":false,"_monsterinsights_sitenote_active":false,"_monsterinsights_sitenote_note":"","_monsterinsights_sitenote_category":0},"product_cat":[702],"product_tag":[699,707,705,704,706],"class_list":{"0":"post-7190","1":"product","2":"type-product","3":"status-publish","4":"has-post-thumbnail","6":"product_brand-ko-fee","7":"product_cat-ko-fee","8":"product_tag-cafe","9":"product_tag-capsule","10":"product_tag-corsee","11":"product_tag-ko-fee","12":"product_tag-tonique","14":"first","15":"instock","16":"sale","17":"shipping-taxable","18":"purchasable","19":"product-type-simple","20":"col-xs-6 col-sm-4","21":"col-mf-5","22":"un-5-cols"},"aioseo_notices":[],"jetpack_likes_enabled":true,"jetpack_sharing_enabled":true,"_links":{"self":[{"href":"https:\/\/localyaar.bf\/en\/wp-json\/wp\/v2\/product\/7190","targetHints":{"allow":["GET"]}}],"collection":[{"href":"https:\/\/localyaar.bf\/en\/wp-json\/wp\/v2\/product"}],"about":[{"href":"https:\/\/localyaar.bf\/en\/wp-json\/wp\/v2\/types\/product"}],"replies":[{"embeddable":true,"href":"https:\/\/localyaar.bf\/en\/wp-json\/wp\/v2\/comments?post=7190"}],"wp:featuredmedia":[{"embeddable":true,"href":"https:\/\/localyaar.bf\/en\/wp-json\/wp\/v2\/media\/7191"}],"wp:attachment":[{"href":"https:\/\/localyaar.bf\/en\/wp-json\/wp\/v2\/media?parent=7190"}],"wp:term":[{"taxonomy":"product_cat","embeddable":true,"href":"https:\/\/localyaar.bf\/en\/wp-json\/wp\/v2\/product_cat?post=7190"},{"taxonomy":"product_tag","embeddable":true,"href":"https:\/\/localyaar.bf\/en\/wp-json\/wp\/v2\/product_tag?post=7190"}],"curies":[{"name":"wp","href":"https:\/\/api.w.org\/{rel}","templated":true}]}}