{"id":7170,"date":"2026-01-14T20:20:26","date_gmt":"2026-01-14T20:20:26","guid":{"rendered":"https:\/\/localyaar.bf\/?post_type=product&#038;p=7170"},"modified":"2026-01-14T20:28:17","modified_gmt":"2026-01-14T20:28:17","slug":"poudre-de-patate-douce-500g-asma-agro","status":"publish","type":"product","link":"https:\/\/localyaar.bf\/en\/boutique\/poudre-de-patate-douce-500g-asma-agro","title":{"rendered":"Poudre de P\u00e2tate douce 500g (Wossofarn)- Asma Agro"},"content":{"rendered":"<ul>\n<li style=\"text-align: left;\"><strong>Sans gluten, additif, conservateur.<br \/>\nPlein de valeurs nutritives pour 100g.<\/strong><\/li>\n<li style=\"text-align: left;\"><strong>Vertus :<\/strong><\/li>\n<\/ul>\n<p><strong>Source naturelle d&rsquo;\u00e9nergie<\/strong><br \/>\n<strong>Riche en fibre naturelle<\/strong><br \/>\n<strong>Favorise une bonne digestion<\/strong><br \/>\n<strong>Contribue \u00e0 la sati\u00e9t\u00e9<\/strong><br \/>\n<strong>Sans mati\u00e8re grasses<\/strong><br \/>\n<strong>Facile \u00e0 dig\u00e9rer<\/strong><\/p>","protected":false},"excerpt":{"rendered":"<p>Sans gluten, additif, conservateur. Plein de valeurs nutritives pour 100g. Vertus : Source naturelle d&rsquo;\u00e9nergie Riche en fibre naturelle Favorise une bonne digestion Contribue \u00e0 la sati\u00e9t\u00e9 Sans mati\u00e8re grasses Facile \u00e0 dig\u00e9rer<\/p>","protected":false},"featured_media":7173,"comment_status":"open","ping_status":"closed","template":"","meta":{"_eb_attr":"","om_disable_all_campaigns":false,"_monsterinsights_skip_tracking":false,"_monsterinsights_sitenote_active":false,"_monsterinsights_sitenote_note":"","_monsterinsights_sitenote_category":0},"product_cat":[28,15],"product_tag":[695,694,693],"class_list":{"0":"post-7170","1":"product","2":"type-product","3":"status-publish","4":"has-post-thumbnail","6":"product_brand-asma-agro","7":"product_cat-alimentation-nutrition-consommez-des-produits-sains","8":"product_cat-pack-consommons-local","9":"product_tag-farine","10":"product_tag-patate","11":"product_tag-poudre-de-patate-douche","13":"first","14":"instock","15":"sale","16":"shipping-taxable","17":"purchasable","18":"product-type-simple","19":"col-xs-6 col-sm-4","20":"col-mf-5","21":"un-5-cols"},"aioseo_notices":[],"jetpack_likes_enabled":true,"jetpack_sharing_enabled":true,"_links":{"self":[{"href":"https:\/\/localyaar.bf\/en\/wp-json\/wp\/v2\/product\/7170","targetHints":{"allow":["GET"]}}],"collection":[{"href":"https:\/\/localyaar.bf\/en\/wp-json\/wp\/v2\/product"}],"about":[{"href":"https:\/\/localyaar.bf\/en\/wp-json\/wp\/v2\/types\/product"}],"replies":[{"embeddable":true,"href":"https:\/\/localyaar.bf\/en\/wp-json\/wp\/v2\/comments?post=7170"}],"wp:featuredmedia":[{"embeddable":true,"href":"https:\/\/localyaar.bf\/en\/wp-json\/wp\/v2\/media\/7173"}],"wp:attachment":[{"href":"https:\/\/localyaar.bf\/en\/wp-json\/wp\/v2\/media?parent=7170"}],"wp:term":[{"taxonomy":"product_cat","embeddable":true,"href":"https:\/\/localyaar.bf\/en\/wp-json\/wp\/v2\/product_cat?post=7170"},{"taxonomy":"product_tag","embeddable":true,"href":"https:\/\/localyaar.bf\/en\/wp-json\/wp\/v2\/product_tag?post=7170"}],"curies":[{"name":"wp","href":"https:\/\/api.w.org\/{rel}","templated":true}]}}