{"id":7128,"date":"2025-11-13T19:27:39","date_gmt":"2025-11-13T19:27:39","guid":{"rendered":"https:\/\/localyaar.bf\/?post_type=product&#038;p=7128"},"modified":"2025-11-13T19:28:13","modified_gmt":"2025-11-13T19:28:13","slug":"kits-epais-extra-long-30cm-100coton-poognere","status":"publish","type":"product","link":"https:\/\/localyaar.bf\/en\/boutique\/kits-epais-extra-long-30cm-100coton-poognere","title":{"rendered":"Kits \u00e9pais extra long 30cm 100%coton- Poogn\u00e9r\u00e9"},"content":{"rendered":"<p><strong>Pr\u00e9cautions et conseils d&rsquo;entretien :<\/strong><\/p>\n<ol>\n<li>Laver avec de l&rsquo;eau chaude avant la premi\u00e8re utilisation.<\/li>\n<li>Apr\u00e8s chaque usage, rincer imm\u00e9diatement \u00e0 l&rsquo;eau froide pour \u00e9viter les taches.<\/li>\n<li>Laver \u00e0 la main ou en machine, de pr\u00e9f\u00e9rence \u00e0 30\u00b0c, avec une lessive douce.<\/li>\n<li>Eviter l&rsquo;utilisation du d\u00e9tergent ou eau de javel.<\/li>\n<li>S\u00e9cher \u00e0 l&rsquo;air libre, de pr\u00e9f\u00e9rence au soleil.Ne pas repasser ni exposer directement \u00e0 une source de chaleur intense.<\/li>\n<li>Conserver dans un endroit propre et sec.<strong>Nos serviettes hygi\u00e9niques lavables sont con\u00e7ues pour une dur\u00e9e de 2ans, si elles sont entretenues avec soin.\u00a0<\/strong><\/li>\n<\/ol>","protected":false},"excerpt":{"rendered":"<p>Pr\u00e9cautions et conseils d&rsquo;entretien : Laver avec de l&rsquo;eau chaude avant la premi\u00e8re utilisation. Apr\u00e8s chaque usage, rincer imm\u00e9diatement \u00e0 l&rsquo;eau froide pour \u00e9viter les taches. Laver \u00e0 la main ou en machine, de pr\u00e9f\u00e9rence \u00e0 30\u00b0c, avec une lessive douce. Eviter l&rsquo;utilisation du d\u00e9tergent ou eau de javel. S\u00e9cher \u00e0 l&rsquo;air libre, de pr\u00e9f\u00e9rence&hellip;<\/p>","protected":false},"featured_media":7129,"comment_status":"open","ping_status":"closed","template":"","meta":{"_eb_attr":"","om_disable_all_campaigns":false,"_monsterinsights_skip_tracking":false,"_monsterinsights_sitenote_active":false,"_monsterinsights_sitenote_note":"","_monsterinsights_sitenote_category":0},"product_cat":[26],"product_tag":[686,685],"class_list":{"0":"post-7128","1":"product","2":"type-product","3":"status-publish","4":"has-post-thumbnail","6":"product_brand-poognere","7":"product_cat-sante-bien-etre","8":"product_tag-kits-hygienique","9":"product_tag-poognere","11":"first","12":"instock","13":"sale","14":"shipping-taxable","15":"purchasable","16":"product-type-simple","17":"col-xs-6 col-sm-4","18":"col-mf-5","19":"un-5-cols"},"aioseo_notices":[],"jetpack_likes_enabled":true,"jetpack_sharing_enabled":true,"_links":{"self":[{"href":"https:\/\/localyaar.bf\/en\/wp-json\/wp\/v2\/product\/7128","targetHints":{"allow":["GET"]}}],"collection":[{"href":"https:\/\/localyaar.bf\/en\/wp-json\/wp\/v2\/product"}],"about":[{"href":"https:\/\/localyaar.bf\/en\/wp-json\/wp\/v2\/types\/product"}],"replies":[{"embeddable":true,"href":"https:\/\/localyaar.bf\/en\/wp-json\/wp\/v2\/comments?post=7128"}],"wp:featuredmedia":[{"embeddable":true,"href":"https:\/\/localyaar.bf\/en\/wp-json\/wp\/v2\/media\/7129"}],"wp:attachment":[{"href":"https:\/\/localyaar.bf\/en\/wp-json\/wp\/v2\/media?parent=7128"}],"wp:term":[{"taxonomy":"product_cat","embeddable":true,"href":"https:\/\/localyaar.bf\/en\/wp-json\/wp\/v2\/product_cat?post=7128"},{"taxonomy":"product_tag","embeddable":true,"href":"https:\/\/localyaar.bf\/en\/wp-json\/wp\/v2\/product_tag?post=7128"}],"curies":[{"name":"wp","href":"https:\/\/api.w.org\/{rel}","templated":true}]}}