{"id":7050,"date":"2025-10-07T16:50:49","date_gmt":"2025-10-07T16:50:49","guid":{"rendered":"https:\/\/localyaar.bf\/?post_type=product&#038;p=7050"},"modified":"2025-10-08T14:01:26","modified_gmt":"2025-10-08T14:01:26","slug":"huile-de-soja-1l-sans-cholesterol-siatol","status":"publish","type":"product","link":"https:\/\/localyaar.bf\/en\/boutique\/huile-de-soja-1l-sans-cholesterol-siatol","title":{"rendered":"Huile de Soja 1Litre (sans cholest\u00e9rol) -Siatol"},"content":{"rendered":"<ul>\n<li data-start=\"75\" data-end=\"220\">\n<p data-start=\"78\" data-end=\"220\">\u2764\ufe0f\u00a0<strong data-start=\"81\" data-end=\"103\">Bonne pour le c\u0153ur<\/strong> : riche en acides gras insatur\u00e9s et sans cholest\u00e9rol, elle aide \u00e0 r\u00e9duire le risque de maladies cardiovasculaires.<\/p>\n<\/li>\n<li data-start=\"221\" data-end=\"315\">\n<p data-start=\"224\" data-end=\"315\">\ud83e\udde0 <strong data-start=\"227\" data-end=\"249\">Stimule le cerveau<\/strong> : sa teneur en om\u00e9ga-3 favorise la m\u00e9moire et la concentration.<\/p>\n<\/li>\n<li data-start=\"316\" data-end=\"425\">\n<p data-start=\"319\" data-end=\"425\">\ud83d\udcaa <strong data-start=\"322\" data-end=\"356\">Source naturelle de vitamine E<\/strong> : antioxydant puissant qui prot\u00e8ge les cellules du vieillissement.<\/p>\n<\/li>\n<li data-start=\"426\" data-end=\"507\">\n<p data-start=\"429\" data-end=\"507\">\ud83e\udd57 <strong data-start=\"432\" data-end=\"457\">Facilite la digestion<\/strong> : l\u00e9g\u00e8re et facile \u00e0 assimiler par l\u2019organisme.<\/p>\n<\/li>\n<li data-start=\"508\" data-end=\"638\">\n<p data-start=\"511\" data-end=\"638\">\ud83c\udf3f <strong data-start=\"514\" data-end=\"557\">Id\u00e9ale pour une alimentation \u00e9quilibr\u00e9e<\/strong> : parfaite pour la cuisson, les sauces ou les salades sans alourdir vos repas.<\/p>\n<\/li>\n<li data-start=\"639\" data-end=\"738\">\n<p data-start=\"642\" data-end=\"738\">\ud83d\udc85 <strong data-start=\"645\" data-end=\"671\">Bienfaits pour la peau<\/strong> : les acides gras essentiels nourrissent et adoucissent la peau.<\/p>\n<\/li>\n<\/ul>","protected":false},"excerpt":{"rendered":"<p><strong>L\u2019huile de soja sans cholest\u00e9rol, riche en om\u00e9ga-3 <br \/>et en vitamine E, prend soin de votre c\u0153ur tout en sublimant vos plats.<\/strong><\/p>","protected":false},"featured_media":7051,"comment_status":"open","ping_status":"closed","template":"","meta":{"_eb_attr":"","om_disable_all_campaigns":false,"_monsterinsights_skip_tracking":false,"_monsterinsights_sitenote_active":false,"_monsterinsights_sitenote_note":"","_monsterinsights_sitenote_category":0},"product_cat":[28],"product_tag":[192,667,666],"class_list":{"0":"post-7050","1":"product","2":"type-product","3":"status-publish","4":"has-post-thumbnail","6":"product_brand-local-yaar","7":"product_brand-siatol","8":"product_cat-alimentation-nutrition-consommez-des-produits-sains","9":"product_tag-huile","10":"product_tag-siatol","11":"product_tag-soja","13":"first","14":"instock","15":"sale","16":"shipping-taxable","17":"purchasable","18":"product-type-simple","19":"col-xs-6 col-sm-4","20":"col-mf-5","21":"un-5-cols"},"aioseo_notices":[],"jetpack_likes_enabled":true,"jetpack_sharing_enabled":true,"_links":{"self":[{"href":"https:\/\/localyaar.bf\/en\/wp-json\/wp\/v2\/product\/7050","targetHints":{"allow":["GET"]}}],"collection":[{"href":"https:\/\/localyaar.bf\/en\/wp-json\/wp\/v2\/product"}],"about":[{"href":"https:\/\/localyaar.bf\/en\/wp-json\/wp\/v2\/types\/product"}],"replies":[{"embeddable":true,"href":"https:\/\/localyaar.bf\/en\/wp-json\/wp\/v2\/comments?post=7050"}],"wp:featuredmedia":[{"embeddable":true,"href":"https:\/\/localyaar.bf\/en\/wp-json\/wp\/v2\/media\/7051"}],"wp:attachment":[{"href":"https:\/\/localyaar.bf\/en\/wp-json\/wp\/v2\/media?parent=7050"}],"wp:term":[{"taxonomy":"product_cat","embeddable":true,"href":"https:\/\/localyaar.bf\/en\/wp-json\/wp\/v2\/product_cat?post=7050"},{"taxonomy":"product_tag","embeddable":true,"href":"https:\/\/localyaar.bf\/en\/wp-json\/wp\/v2\/product_tag?post=7050"}],"curies":[{"name":"wp","href":"https:\/\/api.w.org\/{rel}","templated":true}]}}