{"id":7038,"date":"2025-10-03T19:10:43","date_gmt":"2025-10-03T19:10:43","guid":{"rendered":"https:\/\/localyaar.bf\/?post_type=product&#038;p=7038"},"modified":"2025-10-06T11:57:34","modified_gmt":"2025-10-06T11:57:34","slug":"spiruline-bio-en-gelule-500mg-120-comprimes-faso-bien-etre","status":"publish","type":"product","link":"https:\/\/localyaar.bf\/en\/boutique\/spiruline-bio-en-gelule-500mg-120-comprimes-faso-bien-etre","title":{"rendered":"Spiruline Bio en g\u00e9lule 500mg (120 comprim\u00e9s)- Faso Bien Etre"},"content":{"rendered":"<h4>Les Bienfaits de la Spiruline :<\/h4>\n<p><strong>Stimule le syst\u00e8me immunitaire<\/strong><br \/>\n<strong>Elimine le stress<\/strong><br \/>\n<strong>Aide \u00e0 baisser le cholest\u00e9role<\/strong><br \/>\n<strong>R\u00e9gularise la tension art\u00e9rielle<\/strong><br \/>\n<strong>Aide \u00e0 lutter l&rsquo;an\u00e9mie<\/strong><br \/>\n<strong>R\u00e9duit les risque de diab\u00e8te<\/strong><br \/>\n<strong>Am\u00e9liore la fonction r\u00e9nale<\/strong><br \/>\n<strong>Agit contre la fatigue<\/strong><\/p>\n<p><em>Conservez \u00e0 une temp\u00e9rature ambiante dans un endroit sec \u00e0 l&rsquo;abri de la lumi\u00e8re directe du soleil.<\/em><\/p>","protected":false},"excerpt":{"rendered":"<p><strong>Une sant\u00e9 naturelle pour tous !<\/strong><\/p>\n<p>Posologie :<br \/>\n<strong>Adultes :02 comprim\u00e9s *02fois par jour<\/strong><br \/>\n<strong>Enfants :01 comprim\u00e9s *02fois par jour\u00a0<\/strong><\/p>","protected":false},"featured_media":7049,"comment_status":"open","ping_status":"closed","template":"","meta":{"_eb_attr":"","om_disable_all_campaigns":false,"_monsterinsights_skip_tracking":false,"_monsterinsights_sitenote_active":false,"_monsterinsights_sitenote_note":"","_monsterinsights_sitenote_category":0},"product_cat":[26],"product_tag":[],"class_list":{"0":"post-7038","1":"product","2":"type-product","3":"status-publish","4":"has-post-thumbnail","6":"product_brand-faso-bien-etre","7":"product_cat-sante-bien-etre","9":"first","10":"instock","11":"sale","12":"shipping-taxable","13":"purchasable","14":"product-type-simple","15":"col-xs-6 col-sm-4","16":"col-mf-5","17":"un-5-cols"},"aioseo_notices":[],"jetpack_likes_enabled":true,"jetpack_sharing_enabled":true,"_links":{"self":[{"href":"https:\/\/localyaar.bf\/en\/wp-json\/wp\/v2\/product\/7038","targetHints":{"allow":["GET"]}}],"collection":[{"href":"https:\/\/localyaar.bf\/en\/wp-json\/wp\/v2\/product"}],"about":[{"href":"https:\/\/localyaar.bf\/en\/wp-json\/wp\/v2\/types\/product"}],"replies":[{"embeddable":true,"href":"https:\/\/localyaar.bf\/en\/wp-json\/wp\/v2\/comments?post=7038"}],"wp:featuredmedia":[{"embeddable":true,"href":"https:\/\/localyaar.bf\/en\/wp-json\/wp\/v2\/media\/7049"}],"wp:attachment":[{"href":"https:\/\/localyaar.bf\/en\/wp-json\/wp\/v2\/media?parent=7038"}],"wp:term":[{"taxonomy":"product_cat","embeddable":true,"href":"https:\/\/localyaar.bf\/en\/wp-json\/wp\/v2\/product_cat?post=7038"},{"taxonomy":"product_tag","embeddable":true,"href":"https:\/\/localyaar.bf\/en\/wp-json\/wp\/v2\/product_tag?post=7038"}],"curies":[{"name":"wp","href":"https:\/\/api.w.org\/{rel}","templated":true}]}}