{"id":7027,"date":"2025-09-30T17:57:08","date_gmt":"2025-09-30T17:57:08","guid":{"rendered":"https:\/\/localyaar.bf\/?post_type=product&#038;p=7027"},"modified":"2025-09-30T18:16:20","modified_gmt":"2025-09-30T18:16:20","slug":"dolo-alcoolise-noce-dafrique","status":"publish","type":"product","link":"https:\/\/localyaar.bf\/en\/boutique\/dolo-alcoolise-noce-dafrique","title":{"rendered":"Dolo alcoolis\u00e9- Noce d&rsquo;Afrique"},"content":{"rendered":"<p><strong>Le dolo (ram, jus de k\u00e8) Burkinab\u00e8, pas besoin de commentaire.<\/strong><\/p>","protected":false},"excerpt":{"rendered":"<p>Le dolo (ram, jus de k\u00e8) Burkinab\u00e8, pas besoin de commentaire.<\/p>","protected":false},"featured_media":7034,"comment_status":"open","ping_status":"closed","template":"","meta":{"_eb_attr":"","om_disable_all_campaigns":false,"_monsterinsights_skip_tracking":false,"_monsterinsights_sitenote_active":false,"_monsterinsights_sitenote_note":"","_monsterinsights_sitenote_category":0},"product_cat":[28],"product_tag":[589,663,587,662],"class_list":{"0":"post-7027","1":"product","2":"type-product","3":"status-publish","4":"has-post-thumbnail","6":"product_brand-noce-dafrique","7":"product_cat-alimentation-nutrition-consommez-des-produits-sains","8":"product_tag-alcool","9":"product_tag-biere-artisanale","10":"product_tag-dolo","11":"product_tag-ram","13":"first","14":"instock","15":"shipping-taxable","16":"purchasable","17":"product-type-simple","18":"col-xs-6 col-sm-4","19":"col-mf-5","20":"un-5-cols"},"aioseo_notices":[],"jetpack_likes_enabled":true,"jetpack_sharing_enabled":true,"_links":{"self":[{"href":"https:\/\/localyaar.bf\/en\/wp-json\/wp\/v2\/product\/7027","targetHints":{"allow":["GET"]}}],"collection":[{"href":"https:\/\/localyaar.bf\/en\/wp-json\/wp\/v2\/product"}],"about":[{"href":"https:\/\/localyaar.bf\/en\/wp-json\/wp\/v2\/types\/product"}],"replies":[{"embeddable":true,"href":"https:\/\/localyaar.bf\/en\/wp-json\/wp\/v2\/comments?post=7027"}],"wp:featuredmedia":[{"embeddable":true,"href":"https:\/\/localyaar.bf\/en\/wp-json\/wp\/v2\/media\/7034"}],"wp:attachment":[{"href":"https:\/\/localyaar.bf\/en\/wp-json\/wp\/v2\/media?parent=7027"}],"wp:term":[{"taxonomy":"product_cat","embeddable":true,"href":"https:\/\/localyaar.bf\/en\/wp-json\/wp\/v2\/product_cat?post=7027"},{"taxonomy":"product_tag","embeddable":true,"href":"https:\/\/localyaar.bf\/en\/wp-json\/wp\/v2\/product_tag?post=7027"}],"curies":[{"name":"wp","href":"https:\/\/api.w.org\/{rel}","templated":true}]}}