{"id":7009,"date":"2025-09-25T11:35:30","date_gmt":"2025-09-25T11:35:30","guid":{"rendered":"https:\/\/localyaar.bf\/?post_type=product&#038;p=7009"},"modified":"2025-09-25T11:35:31","modified_gmt":"2025-09-25T11:35:31","slug":"gelules-de-graine-de-moringa-complement-alimentaire-150-gelules-rilsa","status":"publish","type":"product","link":"https:\/\/localyaar.bf\/en\/boutique\/gelules-de-graine-de-moringa-complement-alimentaire-150-gelules-rilsa","title":{"rendered":"G\u00e9lules de graine de moringa- compl\u00e9ment alimentaire (150 g\u00e9lules) -Rilsa"},"content":{"rendered":"","protected":false},"excerpt":{"rendered":"<p><strong>Immunit\u00e9, Digestion, Energie.<\/strong><\/p>\n<p>Posologie : 2 \u00e0 3 g\u00e9lules par jour<br \/>\nCertifi\u00e9 par <strong>CNABio<\/strong><\/p>\n<div id=\"gtx-trans\" style=\"position: absolute; left: 485px; top: -16px;\">\n<div class=\"gtx-trans-icon\"><\/div>\n<\/div>","protected":false},"featured_media":7010,"comment_status":"open","ping_status":"closed","template":"","meta":{"_eb_attr":"","om_disable_all_campaigns":false,"_monsterinsights_skip_tracking":false,"_monsterinsights_sitenote_active":false,"_monsterinsights_sitenote_note":"","_monsterinsights_sitenote_category":0},"product_cat":[26],"product_tag":[654,282,395],"class_list":{"0":"post-7009","1":"product","2":"type-product","3":"status-publish","4":"has-post-thumbnail","6":"product_brand-rilsa","7":"product_cat-sante-bien-etre","8":"product_tag-digestion","9":"product_tag-energie","10":"product_tag-immunite","12":"first","13":"instock","14":"sale","15":"shipping-taxable","16":"purchasable","17":"product-type-simple","18":"col-xs-6 col-sm-4","19":"col-mf-5","20":"un-5-cols"},"aioseo_notices":[],"jetpack_likes_enabled":true,"jetpack_sharing_enabled":true,"_links":{"self":[{"href":"https:\/\/localyaar.bf\/en\/wp-json\/wp\/v2\/product\/7009","targetHints":{"allow":["GET"]}}],"collection":[{"href":"https:\/\/localyaar.bf\/en\/wp-json\/wp\/v2\/product"}],"about":[{"href":"https:\/\/localyaar.bf\/en\/wp-json\/wp\/v2\/types\/product"}],"replies":[{"embeddable":true,"href":"https:\/\/localyaar.bf\/en\/wp-json\/wp\/v2\/comments?post=7009"}],"wp:featuredmedia":[{"embeddable":true,"href":"https:\/\/localyaar.bf\/en\/wp-json\/wp\/v2\/media\/7010"}],"wp:attachment":[{"href":"https:\/\/localyaar.bf\/en\/wp-json\/wp\/v2\/media?parent=7009"}],"wp:term":[{"taxonomy":"product_cat","embeddable":true,"href":"https:\/\/localyaar.bf\/en\/wp-json\/wp\/v2\/product_cat?post=7009"},{"taxonomy":"product_tag","embeddable":true,"href":"https:\/\/localyaar.bf\/en\/wp-json\/wp\/v2\/product_tag?post=7009"}],"curies":[{"name":"wp","href":"https:\/\/api.w.org\/{rel}","templated":true}]}}