{"id":6995,"date":"2025-09-06T20:47:17","date_gmt":"2025-09-06T20:47:17","guid":{"rendered":"https:\/\/localyaar.bf\/?post_type=product&#038;p=6995"},"modified":"2025-09-14T14:05:12","modified_gmt":"2025-09-14T14:05:12","slug":"couscous-de-riz-lawali","status":"publish","type":"product","link":"https:\/\/localyaar.bf\/en\/boutique\/couscous-de-riz-lawali","title":{"rendered":"Couscous de Riz -Lawali"},"content":{"rendered":"<p data-start=\"0\" data-end=\"59\">Le <strong data-start=\"3\" data-end=\"22\">couscous de riz<\/strong> est un plat l\u00e9ger et nourrissant :<\/p>\n<ul data-start=\"61\" data-end=\"344\">\n<li data-start=\"61\" data-end=\"156\">\n<p data-start=\"63\" data-end=\"156\">\ud83c\udf5a <strong data-start=\"66\" data-end=\"101\">Facile \u00e0 dig\u00e9rer et sans gluten<\/strong>, il convient aux personnes sensibles et aux enfants.<\/p>\n<\/li>\n<li data-start=\"157\" data-end=\"250\">\n<p data-start=\"159\" data-end=\"250\">\ud83d\udcaa <strong data-start=\"162\" data-end=\"189\">Source d\u2019\u00e9nergie rapide<\/strong>, il apporte des glucides utiles pour le corps et l\u2019esprit.<\/p>\n<\/li>\n<li data-start=\"251\" data-end=\"344\">\n<p data-start=\"253\" data-end=\"344\">\u2764\ufe0f <strong data-start=\"256\" data-end=\"292\">Riche en vitamines B et min\u00e9raux<\/strong>, il soutient le m\u00e9tabolisme et la sant\u00e9 g\u00e9n\u00e9rale.<\/p>\n<\/li>\n<\/ul>","protected":false},"excerpt":{"rendered":"<p>Le <strong data-start=\"3\" data-end=\"22\">couscous de riz<\/strong> est sans gluten, l\u00e9ger et facile \u00e0 dig\u00e9rer.<br data-start=\"66\" data-end=\"69\" \/>Il apporte une \u00e9nergie rapide gr\u00e2ce \u00e0 sa richesse en glucides.<br data-start=\"131\" data-end=\"134\" \/>Source de vitamines B et min\u00e9raux, il soutient le m\u00e9tabolisme et la sant\u00e9 g\u00e9n\u00e9rale.<\/p>","protected":false},"featured_media":7000,"comment_status":"open","ping_status":"closed","template":"","meta":{"_eb_attr":"","om_disable_all_campaigns":false,"_monsterinsights_skip_tracking":false,"_monsterinsights_sitenote_active":false,"_monsterinsights_sitenote_note":"","_monsterinsights_sitenote_category":0},"product_cat":[28],"product_tag":[642,644,645,643,639],"class_list":{"0":"post-6995","1":"product","2":"type-product","3":"status-publish","4":"has-post-thumbnail","6":"product_brand-lawali","7":"product_cat-alimentation-nutrition-consommez-des-produits-sains","8":"product_tag-bouillie-sorgho-rouge","9":"product_tag-couscous-de-mais","10":"product_tag-couscous-de-riz","11":"product_tag-couscous-mais","12":"product_tag-lawali","14":"first","15":"instock","16":"sale","17":"shipping-taxable","18":"purchasable","19":"product-type-simple","20":"col-xs-6 col-sm-4","21":"col-mf-5","22":"un-5-cols"},"aioseo_notices":[],"jetpack_likes_enabled":true,"jetpack_sharing_enabled":true,"_links":{"self":[{"href":"https:\/\/localyaar.bf\/en\/wp-json\/wp\/v2\/product\/6995","targetHints":{"allow":["GET"]}}],"collection":[{"href":"https:\/\/localyaar.bf\/en\/wp-json\/wp\/v2\/product"}],"about":[{"href":"https:\/\/localyaar.bf\/en\/wp-json\/wp\/v2\/types\/product"}],"replies":[{"embeddable":true,"href":"https:\/\/localyaar.bf\/en\/wp-json\/wp\/v2\/comments?post=6995"}],"wp:featuredmedia":[{"embeddable":true,"href":"https:\/\/localyaar.bf\/en\/wp-json\/wp\/v2\/media\/7000"}],"wp:attachment":[{"href":"https:\/\/localyaar.bf\/en\/wp-json\/wp\/v2\/media?parent=6995"}],"wp:term":[{"taxonomy":"product_cat","embeddable":true,"href":"https:\/\/localyaar.bf\/en\/wp-json\/wp\/v2\/product_cat?post=6995"},{"taxonomy":"product_tag","embeddable":true,"href":"https:\/\/localyaar.bf\/en\/wp-json\/wp\/v2\/product_tag?post=6995"}],"curies":[{"name":"wp","href":"https:\/\/api.w.org\/{rel}","templated":true}]}}