{"id":6993,"date":"2025-09-06T20:44:53","date_gmt":"2025-09-06T20:44:53","guid":{"rendered":"https:\/\/localyaar.bf\/?post_type=product&#038;p=6993"},"modified":"2025-09-14T14:03:05","modified_gmt":"2025-09-14T14:03:05","slug":"couscous-de-mais-lawali","status":"publish","type":"product","link":"https:\/\/localyaar.bf\/en\/boutique\/couscous-de-mais-lawali","title":{"rendered":"Couscous de Ma\u00efs -Lawali"},"content":{"rendered":"<p data-start=\"0\" data-end=\"80\">Le <strong data-start=\"3\" data-end=\"23\">couscous de ma\u00efs<\/strong> est un mets traditionnel appr\u00e9ci\u00e9 pour ses bienfaits :<\/p>\n<ul data-start=\"82\" data-end=\"385\">\n<li data-start=\"82\" data-end=\"174\">\n<p data-start=\"84\" data-end=\"174\">\ud83c\udf3d <strong data-start=\"87\" data-end=\"128\">Riche en fibres et glucides complexes<\/strong>, il apporte \u00e9nergie et facilite le transit.<\/p>\n<\/li>\n<li data-start=\"175\" data-end=\"282\">\n<p data-start=\"177\" data-end=\"282\">\ud83d\udcaa <strong data-start=\"180\" data-end=\"225\">Source de vitamines (A, B, E) et min\u00e9raux<\/strong> comme le magn\u00e9sium et le fer, il renforce l\u2019organisme.<\/p>\n<\/li>\n<li data-start=\"283\" data-end=\"385\">\n<p data-start=\"285\" data-end=\"385\">\u2764\ufe0f <strong data-start=\"288\" data-end=\"314\">Sans gluten et digeste<\/strong>, il convient aux personnes sensibles et soutient la sant\u00e9 cardiaque.<\/p>\n<\/li>\n<\/ul>","protected":false},"excerpt":{"rendered":"<p>Le <strong data-start=\"3\" data-end=\"23\">couscous de ma\u00efs<\/strong> est \u00e9nerg\u00e9tique et riche en fibres, favorisant une bonne digestion.<br data-start=\"91\" data-end=\"94\" \/>Il apporte des vitamines et min\u00e9raux essentiels pour renforcer l\u2019organisme.<br data-start=\"169\" data-end=\"172\" \/>Sans gluten, il est digeste et b\u00e9n\u00e9fique pour la sant\u00e9 du c\u0153ur.<\/p>","protected":false},"featured_media":6994,"comment_status":"open","ping_status":"closed","template":"","meta":{"_eb_attr":"","om_disable_all_campaigns":false,"_monsterinsights_skip_tracking":false,"_monsterinsights_sitenote_active":false,"_monsterinsights_sitenote_note":"","_monsterinsights_sitenote_category":0},"product_cat":[28],"product_tag":[641,642,644,643,639],"class_list":{"0":"post-6993","1":"product","2":"type-product","3":"status-publish","4":"has-post-thumbnail","6":"product_brand-lawali","7":"product_cat-alimentation-nutrition-consommez-des-produits-sains","8":"product_tag-bouillie","9":"product_tag-bouillie-sorgho-rouge","10":"product_tag-couscous-de-mais","11":"product_tag-couscous-mais","12":"product_tag-lawali","14":"first","15":"instock","16":"sale","17":"shipping-taxable","18":"purchasable","19":"product-type-simple","20":"col-xs-6 col-sm-4","21":"col-mf-5","22":"un-5-cols"},"aioseo_notices":[],"jetpack_likes_enabled":true,"jetpack_sharing_enabled":true,"_links":{"self":[{"href":"https:\/\/localyaar.bf\/en\/wp-json\/wp\/v2\/product\/6993","targetHints":{"allow":["GET"]}}],"collection":[{"href":"https:\/\/localyaar.bf\/en\/wp-json\/wp\/v2\/product"}],"about":[{"href":"https:\/\/localyaar.bf\/en\/wp-json\/wp\/v2\/types\/product"}],"replies":[{"embeddable":true,"href":"https:\/\/localyaar.bf\/en\/wp-json\/wp\/v2\/comments?post=6993"}],"wp:featuredmedia":[{"embeddable":true,"href":"https:\/\/localyaar.bf\/en\/wp-json\/wp\/v2\/media\/6994"}],"wp:attachment":[{"href":"https:\/\/localyaar.bf\/en\/wp-json\/wp\/v2\/media?parent=6993"}],"wp:term":[{"taxonomy":"product_cat","embeddable":true,"href":"https:\/\/localyaar.bf\/en\/wp-json\/wp\/v2\/product_cat?post=6993"},{"taxonomy":"product_tag","embeddable":true,"href":"https:\/\/localyaar.bf\/en\/wp-json\/wp\/v2\/product_tag?post=6993"}],"curies":[{"name":"wp","href":"https:\/\/api.w.org\/{rel}","templated":true}]}}