{"id":6992,"date":"2025-09-06T20:40:13","date_gmt":"2025-09-06T20:40:13","guid":{"rendered":"https:\/\/localyaar.bf\/?post_type=product&#038;p=6992"},"modified":"2025-09-14T14:05:04","modified_gmt":"2025-09-14T14:05:04","slug":"bouillie-de-sorgho-lawali","status":"publish","type":"product","link":"https:\/\/localyaar.bf\/en\/boutique\/bouillie-de-sorgho-lawali","title":{"rendered":"Bouillie de sorgho -Lawali"},"content":{"rendered":"<p data-start=\"0\" data-end=\"87\">La <strong data-start=\"3\" data-end=\"31\">bouillie de sorgho rouge<\/strong> est une boisson traditionnelle aux multiples vertus :<\/p>\n<ul data-start=\"89\" data-end=\"415\">\n<li data-start=\"89\" data-end=\"195\">\n<p data-start=\"91\" data-end=\"195\">\ud83c\udf3e <strong data-start=\"94\" data-end=\"129\">Riche en antioxydants et en fer<\/strong>, elle lutte contre l\u2019an\u00e9mie et renforce le syst\u00e8me immunitaire.<\/p>\n<\/li>\n<li data-start=\"196\" data-end=\"303\">\n<p data-start=\"198\" data-end=\"303\">\ud83d\udcaa <strong data-start=\"201\" data-end=\"231\">\u00c9nerg\u00e9tique et rassasiante<\/strong>, elle donne force et vitalit\u00e9 tout en favorisant une bonne digestion.<\/p>\n<\/li>\n<li data-start=\"304\" data-end=\"415\">\n<p data-start=\"306\" data-end=\"415\">\u2764\ufe0f <strong data-start=\"309\" data-end=\"349\">Bonne pour le c\u0153ur et la circulation<\/strong>, elle contribue aussi \u00e0 pr\u00e9venir certaines maladies chroniques.<\/p>\n<\/li>\n<\/ul>","protected":false},"excerpt":{"rendered":"<p>La <strong data-start=\"3\" data-end=\"31\">bouillie de sorgho rouge<\/strong> est riche en fer et antioxydants, id\u00e9ale contre l\u2019an\u00e9mie et pour renforcer l\u2019immunit\u00e9.<br data-start=\"118\" data-end=\"121\" \/>\u00c9nerg\u00e9tique et digeste, elle apporte vitalit\u00e9 et rassasie durablement.<br data-start=\"191\" data-end=\"194\" \/>Elle favorise la bonne sant\u00e9 du c\u0153ur et pr\u00e9vient certaines maladies chroniques.<\/p>","protected":false},"featured_media":7001,"comment_status":"open","ping_status":"closed","template":"","meta":{"_eb_attr":"","om_disable_all_campaigns":false,"_monsterinsights_skip_tracking":false,"_monsterinsights_sitenote_active":false,"_monsterinsights_sitenote_note":"","_monsterinsights_sitenote_category":0},"product_cat":[28],"product_tag":[641,640,642,639],"class_list":{"0":"post-6992","1":"product","2":"type-product","3":"status-publish","4":"has-post-thumbnail","6":"product_brand-lawali","7":"product_cat-alimentation-nutrition-consommez-des-produits-sains","8":"product_tag-bouillie","9":"product_tag-bouillie-petit-mil","10":"product_tag-bouillie-sorgho-rouge","11":"product_tag-lawali","13":"first","14":"instock","15":"sale","16":"shipping-taxable","17":"purchasable","18":"product-type-simple","19":"col-xs-6 col-sm-4","20":"col-mf-5","21":"un-5-cols"},"aioseo_notices":[],"jetpack_likes_enabled":true,"jetpack_sharing_enabled":true,"_links":{"self":[{"href":"https:\/\/localyaar.bf\/en\/wp-json\/wp\/v2\/product\/6992","targetHints":{"allow":["GET"]}}],"collection":[{"href":"https:\/\/localyaar.bf\/en\/wp-json\/wp\/v2\/product"}],"about":[{"href":"https:\/\/localyaar.bf\/en\/wp-json\/wp\/v2\/types\/product"}],"replies":[{"embeddable":true,"href":"https:\/\/localyaar.bf\/en\/wp-json\/wp\/v2\/comments?post=6992"}],"wp:featuredmedia":[{"embeddable":true,"href":"https:\/\/localyaar.bf\/en\/wp-json\/wp\/v2\/media\/7001"}],"wp:attachment":[{"href":"https:\/\/localyaar.bf\/en\/wp-json\/wp\/v2\/media?parent=6992"}],"wp:term":[{"taxonomy":"product_cat","embeddable":true,"href":"https:\/\/localyaar.bf\/en\/wp-json\/wp\/v2\/product_cat?post=6992"},{"taxonomy":"product_tag","embeddable":true,"href":"https:\/\/localyaar.bf\/en\/wp-json\/wp\/v2\/product_tag?post=6992"}],"curies":[{"name":"wp","href":"https:\/\/api.w.org\/{rel}","templated":true}]}}