{"id":6989,"date":"2025-09-06T20:35:06","date_gmt":"2025-09-06T20:35:06","guid":{"rendered":"https:\/\/localyaar.bf\/?post_type=product&#038;p=6989"},"modified":"2025-09-06T20:37:05","modified_gmt":"2025-09-06T20:37:05","slug":"bouillie-de-petit-mil-lawali","status":"publish","type":"product","link":"https:\/\/localyaar.bf\/en\/boutique\/bouillie-de-petit-mil-lawali","title":{"rendered":"Bouillie de petit mil -Lawali"},"content":{"rendered":"<p data-start=\"0\" data-end=\"79\">La <strong data-start=\"3\" data-end=\"27\">bouillie de petit mil<\/strong> est un repas traditionnel aux nombreuses vertus :<\/p>\n<ul data-start=\"81\" data-end=\"373\">\n<li data-start=\"81\" data-end=\"179\">\n<p data-start=\"83\" data-end=\"179\">\ud83c\udf3e <strong data-start=\"86\" data-end=\"117\">Riche en fibres et min\u00e9raux<\/strong> (fer, magn\u00e9sium, zinc), il nourrit et fortifie l\u2019organisme.<\/p>\n<\/li>\n<li data-start=\"180\" data-end=\"279\">\n<p data-start=\"182\" data-end=\"279\">\ud83d\udcaa <strong data-start=\"185\" data-end=\"211\">\u00c9nerg\u00e9tique et digeste<\/strong>, il est id\u00e9al pour les enfants, personnes \u00e2g\u00e9es et convalescents.<\/p>\n<\/li>\n<li data-start=\"280\" data-end=\"373\">\n<p data-start=\"282\" data-end=\"373\">\u2764\ufe0f <strong data-start=\"285\" data-end=\"310\">Indice glyc\u00e9mique bas<\/strong>, il aide \u00e0 r\u00e9guler le sucre dans le sang et prot\u00e8ge le c\u0153ur.<\/p>\n<\/li>\n<\/ul>","protected":false},"excerpt":{"rendered":"<article class=\"text-token-text-primary w-full focus:outline-none scroll-mt-[calc(var(--header-height)+min(200px,max(70px,20svh)))]\" dir=\"auto\" tabindex=\"-1\" data-turn-id=\"request-WEB:8a2bdee1-cf99-403a-88a2-91fbab5557eb-3\" data-testid=\"conversation-turn-8\" data-scroll-anchor=\"true\" data-turn=\"assistant\">\n<div class=\"text-base my-auto mx-auto pb-10 [--thread-content-margin:--spacing(4)] thread-sm:[--thread-content-margin:--spacing(6)] thread-lg:[--thread-content-margin:--spacing(16)] px-(--thread-content-margin)\">\n<div class=\"[--thread-content-max-width:40rem] thread-sm:[--thread-content-max-width:40rem] thread-lg:[--thread-content-max-width:48rem] mx-auto max-w-(--thread-content-max-width) flex-1 group\/turn-messages focus-visible:outline-hidden relative flex w-full min-w-0 flex-col agent-turn\" tabindex=\"-1\">\n<div class=\"flex max-w-full flex-col grow\">\n<div class=\"min-h-8 text-message relative flex w-full flex-col items-end gap-2 text-start break-words whitespace-normal [.text-message+&amp;]:mt-5\" dir=\"auto\" data-message-author-role=\"assistant\" data-message-id=\"d14f0026-7986-4636-b15e-ad6be17f36d6\" data-message-model-slug=\"gpt-5\">\n<div class=\"flex w-full flex-col gap-1 empty:hidden first:pt-[3px]\">\n<div class=\"markdown prose dark:prose-invert w-full break-words light markdown-new-styling\">\n<p data-start=\"0\" data-end=\"282\" data-is-last-node=\"\" data-is-only-node=\"\">Le <strong data-start=\"3\" data-end=\"27\">bouilli de petit mil<\/strong> est nutritif, riche en fibres, min\u00e9raux et vitamines essentiels.<br data-start=\"92\" data-end=\"95\" \/>Il est digeste, \u00e9nerg\u00e9tique et adapt\u00e9 aux enfants, aux personnes \u00e2g\u00e9es et en convalescence.<br data-start=\"186\" data-end=\"189\" \/>Avec son indice glyc\u00e9mique bas, il aide \u00e0 r\u00e9guler la glyc\u00e9mie et soutient la sant\u00e9 du c\u0153ur.<\/p>\n<\/div>\n<\/div>\n<\/div>\n<\/div>\n<div class=\"flex min-h-[46px] justify-start\"><\/div>\n<div class=\"mt-3 w-full empty:hidden\">\n<div class=\"text-center\"><\/div>\n<\/div>\n<\/div>\n<\/div>\n<\/article>\n<div class=\"pointer-events-none h-px w-px\" aria-hidden=\"true\" data-edge=\"true\"><\/div>","protected":false},"featured_media":6990,"comment_status":"open","ping_status":"closed","template":"","meta":{"_eb_attr":"","om_disable_all_campaigns":false,"_monsterinsights_skip_tracking":false,"_monsterinsights_sitenote_active":false,"_monsterinsights_sitenote_note":"","_monsterinsights_sitenote_category":0},"product_cat":[28],"product_tag":[641,640,639],"class_list":{"0":"post-6989","1":"product","2":"type-product","3":"status-publish","4":"has-post-thumbnail","6":"product_brand-lawali","7":"product_cat-alimentation-nutrition-consommez-des-produits-sains","8":"product_tag-bouillie","9":"product_tag-bouillie-petit-mil","10":"product_tag-lawali","12":"first","13":"instock","14":"sale","15":"shipping-taxable","16":"purchasable","17":"product-type-simple","18":"col-xs-6 col-sm-4","19":"col-mf-5","20":"un-5-cols"},"aioseo_notices":[],"jetpack_likes_enabled":true,"jetpack_sharing_enabled":true,"_links":{"self":[{"href":"https:\/\/localyaar.bf\/en\/wp-json\/wp\/v2\/product\/6989","targetHints":{"allow":["GET"]}}],"collection":[{"href":"https:\/\/localyaar.bf\/en\/wp-json\/wp\/v2\/product"}],"about":[{"href":"https:\/\/localyaar.bf\/en\/wp-json\/wp\/v2\/types\/product"}],"replies":[{"embeddable":true,"href":"https:\/\/localyaar.bf\/en\/wp-json\/wp\/v2\/comments?post=6989"}],"wp:featuredmedia":[{"embeddable":true,"href":"https:\/\/localyaar.bf\/en\/wp-json\/wp\/v2\/media\/6990"}],"wp:attachment":[{"href":"https:\/\/localyaar.bf\/en\/wp-json\/wp\/v2\/media?parent=6989"}],"wp:term":[{"taxonomy":"product_cat","embeddable":true,"href":"https:\/\/localyaar.bf\/en\/wp-json\/wp\/v2\/product_cat?post=6989"},{"taxonomy":"product_tag","embeddable":true,"href":"https:\/\/localyaar.bf\/en\/wp-json\/wp\/v2\/product_tag?post=6989"}],"curies":[{"name":"wp","href":"https:\/\/api.w.org\/{rel}","templated":true}]}}