{"id":6988,"date":"2025-09-06T20:29:44","date_gmt":"2025-09-06T20:29:44","guid":{"rendered":"https:\/\/localyaar.bf\/?post_type=product&#038;p=6988"},"modified":"2025-09-14T14:08:20","modified_gmt":"2025-09-14T14:08:20","slug":"fonio-non-precuit-lawali","status":"publish","type":"product","link":"https:\/\/localyaar.bf\/en\/boutique\/fonio-non-precuit-lawali","title":{"rendered":"Fonio non pr\u00e9cuit -Lawali"},"content":{"rendered":"<h3 data-start=\"187\" data-end=\"216\">Vertus nutritionnelles<\/h3>\n<ul data-start=\"217\" data-end=\"596\">\n<li data-start=\"217\" data-end=\"326\">\n<p data-start=\"219\" data-end=\"326\"><strong data-start=\"219\" data-end=\"253\">Riche en nutriments essentiels<\/strong> : contient du fer, du magn\u00e9sium, du zinc et des vitamines du groupe B.<\/p>\n<\/li>\n<li data-start=\"327\" data-end=\"496\">\n<p data-start=\"329\" data-end=\"496\"><strong data-start=\"329\" data-end=\"373\">Excellente source de prot\u00e9ines v\u00e9g\u00e9tales<\/strong> avec des acides amin\u00e9s rares comme la m\u00e9thionine et la cystine, utiles pour la croissance et la r\u00e9g\u00e9n\u00e9ration cellulaire.<\/p>\n<\/li>\n<li data-start=\"497\" data-end=\"596\">\n<p data-start=\"499\" data-end=\"596\"><strong data-start=\"499\" data-end=\"514\">Sans gluten<\/strong> : id\u00e9al pour les personnes souffrant d\u2019intol\u00e9rance ou de sensibilit\u00e9 au gluten.<\/p>\n<\/li>\n<\/ul>\n<h3 data-start=\"598\" data-end=\"628\">\ud83d\udcaa Bienfaits pour la sant\u00e9<\/h3>\n<ul data-start=\"629\" data-end=\"1076\">\n<li data-start=\"629\" data-end=\"749\">\n<p data-start=\"631\" data-end=\"749\"><strong data-start=\"631\" data-end=\"651\">Facile \u00e0 dig\u00e9rer<\/strong> : recommand\u00e9 pour les enfants, les personnes \u00e2g\u00e9es et celles ayant un syst\u00e8me digestif fragile.<\/p>\n<\/li>\n<li data-start=\"750\" data-end=\"841\">\n<p data-start=\"752\" data-end=\"841\"><strong data-start=\"752\" data-end=\"777\">Indice glyc\u00e9mique bas<\/strong> : aide \u00e0 r\u00e9guler la glyc\u00e9mie, b\u00e9n\u00e9fique pour les diab\u00e9tiques.<\/p>\n<\/li>\n<li data-start=\"842\" data-end=\"911\">\n<p data-start=\"844\" data-end=\"911\"><strong data-start=\"844\" data-end=\"867\">Am\u00e9liore la sati\u00e9t\u00e9<\/strong> : aide \u00e0 contr\u00f4ler l\u2019app\u00e9tit et le poids.<\/p>\n<\/li>\n<li data-start=\"912\" data-end=\"1007\">\n<p data-start=\"914\" data-end=\"1007\"><strong data-start=\"914\" data-end=\"962\">Contribue \u00e0 une bonne sant\u00e9 cardiovasculaire<\/strong> gr\u00e2ce \u00e0 sa richesse en fibres et min\u00e9raux.<\/p>\n<\/li>\n<li data-start=\"1008\" data-end=\"1076\">\n<p data-start=\"1010\" data-end=\"1076\"><strong data-start=\"1010\" data-end=\"1045\">Renforce le syst\u00e8me immunitaire<\/strong> gr\u00e2ce \u00e0 ses micronutriments.<\/p>\n<\/li>\n<\/ul>","protected":false},"excerpt":{"rendered":"<p><strong>Le fonio est une c\u00e9r\u00e9ale sans gluten, riche en prot\u00e9ines, fibres, fer et vitamines, id\u00e9ale pour l\u2019\u00e9nergie et la bonne sant\u00e9.<\/strong><\/p>","protected":false},"featured_media":7002,"comment_status":"open","ping_status":"closed","template":"","meta":{"_eb_attr":"","om_disable_all_campaigns":false,"_monsterinsights_skip_tracking":false,"_monsterinsights_sitenote_active":false,"_monsterinsights_sitenote_note":"","_monsterinsights_sitenote_category":0},"product_cat":[28],"product_tag":[638,639],"class_list":{"0":"post-6988","1":"product","2":"type-product","3":"status-publish","4":"has-post-thumbnail","6":"product_brand-lawali","7":"product_cat-alimentation-nutrition-consommez-des-produits-sains","8":"product_tag-fonio-precuit","9":"product_tag-lawali","11":"first","12":"instock","13":"sale","14":"shipping-taxable","15":"purchasable","16":"product-type-simple","17":"col-xs-6 col-sm-4","18":"col-mf-5","19":"un-5-cols"},"aioseo_notices":[],"jetpack_likes_enabled":true,"jetpack_sharing_enabled":true,"_links":{"self":[{"href":"https:\/\/localyaar.bf\/en\/wp-json\/wp\/v2\/product\/6988","targetHints":{"allow":["GET"]}}],"collection":[{"href":"https:\/\/localyaar.bf\/en\/wp-json\/wp\/v2\/product"}],"about":[{"href":"https:\/\/localyaar.bf\/en\/wp-json\/wp\/v2\/types\/product"}],"replies":[{"embeddable":true,"href":"https:\/\/localyaar.bf\/en\/wp-json\/wp\/v2\/comments?post=6988"}],"wp:featuredmedia":[{"embeddable":true,"href":"https:\/\/localyaar.bf\/en\/wp-json\/wp\/v2\/media\/7002"}],"wp:attachment":[{"href":"https:\/\/localyaar.bf\/en\/wp-json\/wp\/v2\/media?parent=6988"}],"wp:term":[{"taxonomy":"product_cat","embeddable":true,"href":"https:\/\/localyaar.bf\/en\/wp-json\/wp\/v2\/product_cat?post=6988"},{"taxonomy":"product_tag","embeddable":true,"href":"https:\/\/localyaar.bf\/en\/wp-json\/wp\/v2\/product_tag?post=6988"}],"curies":[{"name":"wp","href":"https:\/\/api.w.org\/{rel}","templated":true}]}}