{"id":6970,"date":"2025-09-06T11:59:11","date_gmt":"2025-09-06T11:59:11","guid":{"rendered":"https:\/\/localyaar.bf\/?post_type=product&#038;p=6970"},"modified":"2025-09-06T12:05:16","modified_gmt":"2025-09-06T12:05:16","slug":"2s-empire-agroalimentaire","status":"publish","type":"product","link":"https:\/\/localyaar.bf\/en\/boutique\/2s-empire-agroalimentaire","title":{"rendered":"2S Empire Agroalimentaire"},"content":{"rendered":"","protected":false},"excerpt":{"rendered":"<p><strong data-start=\"319\" data-end=\"345\"><br \/>\n\u2705 Meilleure conservation<\/strong> : les aliments sont prot\u00e9g\u00e9s contre les microbes et l\u2019alt\u00e9ration.<br data-start=\"411\" data-end=\"414\" \/>\u2705 <strong data-start=\"416\" data-end=\"454\">Valeurs nutritionnelles pr\u00e9serv\u00e9es<\/strong> : les bons proc\u00e9d\u00e9s gardent vitamines et min\u00e9raux.<br data-start=\"505\" data-end=\"508\" \/>\u2705 <strong data-start=\"510\" data-end=\"533\">Hygi\u00e8ne et s\u00e9curit\u00e9<\/strong> : transformation contr\u00f4l\u00e9e = moins de risques d\u2019intoxication.<br data-start=\"595\" data-end=\"598\" \/>\u2705 <strong data-start=\"600\" data-end=\"621\" data-is-only-node=\"\">Produits enrichis<\/strong> : certaines transformations renforcent m\u00eame les apports (ex. farines enrichies).<br data-start=\"702\" data-end=\"705\" \/>\u2705 <strong data-start=\"707\" data-end=\"730\">Acc\u00e8s toute l\u2019ann\u00e9e<\/strong> : fruits, l\u00e9gumes et prot\u00e9ines disponibles m\u00eame hors saison.<strong data-start=\"319\" data-end=\"345\">Meilleure conservation<\/strong> : les aliments sont prot\u00e9g\u00e9s contre les microbes et l\u2019alt\u00e9ration.<br data-start=\"411\" data-end=\"414\" \/>\u2705 <strong data-start=\"416\" data-end=\"454\">Valeurs nutritionnelles pr\u00e9serv\u00e9es<\/strong> : les bons proc\u00e9d\u00e9s gardent vitamines et min\u00e9raux.<br data-start=\"505\" data-end=\"508\" \/>\u2705 <strong data-start=\"510\" data-end=\"533\">Hygi\u00e8ne et s\u00e9curit\u00e9<\/strong> : transformation contr\u00f4l\u00e9e = moins de risques d\u2019intoxication.<br data-start=\"595\" data-end=\"598\" \/>\u2705 <strong data-start=\"600\" data-end=\"621\" data-is-only-node=\"\">Produits enrichis<\/strong> : certaines transformations renforcent m\u00eame les apports (ex. farines enrichies).<br data-start=\"702\" data-end=\"705\" \/>\u2705 <strong data-start=\"707\" data-end=\"730\">Acc\u00e8s toute l\u2019ann\u00e9e<\/strong> : fruits, l\u00e9gumes et prot\u00e9ines disponibles m\u00eame hors saison.<\/p>","protected":false},"featured_media":6981,"comment_status":"open","ping_status":"closed","template":"","meta":{"_eb_attr":"","om_disable_all_campaigns":false,"_monsterinsights_skip_tracking":false,"_monsterinsights_sitenote_active":false,"_monsterinsights_sitenote_note":"","_monsterinsights_sitenote_category":0},"product_cat":[28,26],"product_tag":[636,633,635,634,336],"class_list":{"0":"post-6970","1":"product","2":"type-product","3":"status-publish","4":"has-post-thumbnail","6":"product_brand-2s-empire-agroalimentaire","7":"product_cat-alimentation-nutrition-consommez-des-produits-sains","8":"product_cat-sante-bien-etre","9":"product_tag-2s-empire","10":"product_tag-chips-alloco","11":"product_tag-chitoumou","12":"product_tag-criquet","13":"product_tag-noix-dacajou","15":"first","16":"instock","17":"sale","18":"shipping-taxable","19":"purchasable","20":"product-type-variable","21":"col-xs-6 col-sm-4","22":"col-mf-5","23":"un-5-cols"},"aioseo_notices":[],"jetpack_likes_enabled":true,"jetpack_sharing_enabled":true,"_links":{"self":[{"href":"https:\/\/localyaar.bf\/en\/wp-json\/wp\/v2\/product\/6970","targetHints":{"allow":["GET"]}}],"collection":[{"href":"https:\/\/localyaar.bf\/en\/wp-json\/wp\/v2\/product"}],"about":[{"href":"https:\/\/localyaar.bf\/en\/wp-json\/wp\/v2\/types\/product"}],"replies":[{"embeddable":true,"href":"https:\/\/localyaar.bf\/en\/wp-json\/wp\/v2\/comments?post=6970"}],"wp:featuredmedia":[{"embeddable":true,"href":"https:\/\/localyaar.bf\/en\/wp-json\/wp\/v2\/media\/6981"}],"wp:attachment":[{"href":"https:\/\/localyaar.bf\/en\/wp-json\/wp\/v2\/media?parent=6970"}],"wp:term":[{"taxonomy":"product_cat","embeddable":true,"href":"https:\/\/localyaar.bf\/en\/wp-json\/wp\/v2\/product_cat?post=6970"},{"taxonomy":"product_tag","embeddable":true,"href":"https:\/\/localyaar.bf\/en\/wp-json\/wp\/v2\/product_tag?post=6970"}],"curies":[{"name":"wp","href":"https:\/\/api.w.org\/{rel}","templated":true}]}}