{"id":6910,"date":"2025-07-25T15:11:24","date_gmt":"2025-07-25T15:11:24","guid":{"rendered":"https:\/\/localyaar.bf\/?post_type=product&#038;p=6910"},"modified":"2025-07-25T15:11:25","modified_gmt":"2025-07-25T15:11:25","slug":"silure-fume-bien-sec-la-ferme-shefa","status":"publish","type":"product","link":"https:\/\/localyaar.bf\/en\/boutique\/silure-fume-bien-sec-la-ferme-shefa","title":{"rendered":"Silure Fum\u00e9 bien sec -La Ferme Shefa"},"content":{"rendered":"<p><strong>Fabriqu\u00e9 par la Ferme Shefa<br \/>\nMade In Burkina Faso<\/p>\n<p>S\u00e9ch\u00e9 et fum\u00e9 dans les meilleures conditions de temp\u00e9rature.<\/strong><\/p>","protected":false},"excerpt":{"rendered":"<p>Fabriqu\u00e9 par la Ferme Shefa Made In Burkina Faso S\u00e9ch\u00e9 et fum\u00e9 dans les meilleures conditions de temp\u00e9rature.<\/p>","protected":false},"featured_media":6906,"comment_status":"open","ping_status":"closed","template":"","meta":{"_eb_attr":"","om_disable_all_campaigns":false,"_monsterinsights_skip_tracking":false,"_monsterinsights_sitenote_active":false,"_monsterinsights_sitenote_note":"","_monsterinsights_sitenote_category":0},"product_cat":[15],"product_tag":[],"class_list":{"0":"post-6910","1":"product","2":"type-product","3":"status-publish","4":"has-post-thumbnail","6":"product_brand-la-ferme-shefa","7":"product_cat-pack-consommons-local","9":"first","10":"instock","11":"sale","12":"shipping-taxable","13":"purchasable","14":"product-type-simple","15":"col-xs-6 col-sm-4","16":"col-mf-5","17":"un-5-cols"},"aioseo_notices":[],"jetpack_likes_enabled":true,"jetpack_sharing_enabled":true,"_links":{"self":[{"href":"https:\/\/localyaar.bf\/en\/wp-json\/wp\/v2\/product\/6910","targetHints":{"allow":["GET"]}}],"collection":[{"href":"https:\/\/localyaar.bf\/en\/wp-json\/wp\/v2\/product"}],"about":[{"href":"https:\/\/localyaar.bf\/en\/wp-json\/wp\/v2\/types\/product"}],"replies":[{"embeddable":true,"href":"https:\/\/localyaar.bf\/en\/wp-json\/wp\/v2\/comments?post=6910"}],"wp:featuredmedia":[{"embeddable":true,"href":"https:\/\/localyaar.bf\/en\/wp-json\/wp\/v2\/media\/6906"}],"wp:attachment":[{"href":"https:\/\/localyaar.bf\/en\/wp-json\/wp\/v2\/media?parent=6910"}],"wp:term":[{"taxonomy":"product_cat","embeddable":true,"href":"https:\/\/localyaar.bf\/en\/wp-json\/wp\/v2\/product_cat?post=6910"},{"taxonomy":"product_tag","embeddable":true,"href":"https:\/\/localyaar.bf\/en\/wp-json\/wp\/v2\/product_tag?post=6910"}],"curies":[{"name":"wp","href":"https:\/\/api.w.org\/{rel}","templated":true}]}}