{"id":6899,"date":"2025-07-16T17:56:08","date_gmt":"2025-07-16T17:56:08","guid":{"rendered":"https:\/\/localyaar.bf\/?post_type=product&#038;p=6899"},"modified":"2025-07-16T18:18:21","modified_gmt":"2025-07-16T18:18:21","slug":"paf-moustique-maison-anti-insectedesodorisant-les-jardins-deve","status":"publish","type":"product","link":"https:\/\/localyaar.bf\/en\/boutique\/paf-moustique-maison-anti-insectedesodorisant-les-jardins-deve","title":{"rendered":"PAF Moustique Maison (anti-insecte&#038;d\u00e9sodorisant) -Les jardins d\u2019Eve"},"content":{"rendered":"<h5 data-start=\"199\" data-end=\"276\">R\u00e9pulsif Anti-Moustique, prot\u00e9gez votre peau, naturellement !<\/h5>\n<ul>\n<li><strong>Un agr\u00e9able parfum<\/strong><\/li>\n<li><strong>Une protection efficace<\/strong><\/li>\n<\/ul>","protected":false},"excerpt":{"rendered":"<p>R\u00e9pulsif Anti-Moustique, prot\u00e9gez votre peau, naturellement ! Un agr\u00e9able parfum Une protection efficace<\/p>","protected":false},"featured_media":6901,"comment_status":"open","ping_status":"closed","template":"","meta":{"_eb_attr":"","om_disable_all_campaigns":false,"_monsterinsights_skip_tracking":false,"_monsterinsights_sitenote_active":false,"_monsterinsights_sitenote_note":"","_monsterinsights_sitenote_category":0},"product_cat":[29,26],"product_tag":[613,621,623,620],"class_list":{"0":"post-6899","1":"product","2":"type-product","3":"status-publish","4":"has-post-thumbnail","6":"product_brand-les-jardins-deve","7":"product_cat-cosmetiques","8":"product_cat-sante-bien-etre","9":"product_tag-anti-moustique","10":"product_tag-anti-palu","11":"product_tag-habitat","12":"product_tag-paf-moustique","14":"first","15":"instock","16":"sale","17":"shipping-taxable","18":"purchasable","19":"product-type-simple","20":"col-xs-6 col-sm-4","21":"col-mf-5","22":"un-5-cols"},"aioseo_notices":[],"jetpack_likes_enabled":true,"jetpack_sharing_enabled":true,"_links":{"self":[{"href":"https:\/\/localyaar.bf\/en\/wp-json\/wp\/v2\/product\/6899","targetHints":{"allow":["GET"]}}],"collection":[{"href":"https:\/\/localyaar.bf\/en\/wp-json\/wp\/v2\/product"}],"about":[{"href":"https:\/\/localyaar.bf\/en\/wp-json\/wp\/v2\/types\/product"}],"replies":[{"embeddable":true,"href":"https:\/\/localyaar.bf\/en\/wp-json\/wp\/v2\/comments?post=6899"}],"wp:featuredmedia":[{"embeddable":true,"href":"https:\/\/localyaar.bf\/en\/wp-json\/wp\/v2\/media\/6901"}],"wp:attachment":[{"href":"https:\/\/localyaar.bf\/en\/wp-json\/wp\/v2\/media?parent=6899"}],"wp:term":[{"taxonomy":"product_cat","embeddable":true,"href":"https:\/\/localyaar.bf\/en\/wp-json\/wp\/v2\/product_cat?post=6899"},{"taxonomy":"product_tag","embeddable":true,"href":"https:\/\/localyaar.bf\/en\/wp-json\/wp\/v2\/product_tag?post=6899"}],"curies":[{"name":"wp","href":"https:\/\/api.w.org\/{rel}","templated":true}]}}