{"id":6896,"date":"2025-07-16T17:49:18","date_gmt":"2025-07-16T17:49:18","guid":{"rendered":"https:\/\/localyaar.bf\/?post_type=product&#038;p=6896"},"modified":"2025-07-16T17:52:04","modified_gmt":"2025-07-16T17:52:04","slug":"paf-moustique-huile-bebe-et-enfant-des-lage-de-6mois-les-jardins-deve","status":"publish","type":"product","link":"https:\/\/localyaar.bf\/en\/boutique\/paf-moustique-huile-bebe-et-enfant-des-lage-de-6mois-les-jardins-deve","title":{"rendered":"PAF Moustique Huile (B\u00e9b\u00e9 et enfant d\u00e8s l&rsquo;age de 6mois) -Les jardins d\u2019Eve"},"content":{"rendered":"<h5 data-start=\"199\" data-end=\"276\">R\u00e9pulsif Anti-Moustique, prot\u00e9gez votre peau, naturellement !<\/h5>\n<ul>\n<li><strong>Un agr\u00e9able parfum<\/strong><\/li>\n<li><strong>Une protection efficace<\/strong><\/li>\n<\/ul>","protected":false},"excerpt":{"rendered":"<p><strong>Prot\u00e9ger efficacement B\u00e9b\u00e9 ou qu&rsquo;il soit !<\/strong><\/p>","protected":false},"featured_media":6872,"comment_status":"open","ping_status":"closed","template":"","meta":{"_eb_attr":"","om_disable_all_campaigns":false,"_monsterinsights_skip_tracking":false,"_monsterinsights_sitenote_active":false,"_monsterinsights_sitenote_note":"","_monsterinsights_sitenote_category":0},"product_cat":[29,26],"product_tag":[613,621,622,612,620],"class_list":{"0":"post-6896","1":"product","2":"type-product","3":"status-publish","4":"has-post-thumbnail","6":"product_brand-les-jardins-deve","7":"product_cat-cosmetiques","8":"product_cat-sante-bien-etre","9":"product_tag-anti-moustique","10":"product_tag-anti-palu","11":"product_tag-bebe","12":"product_tag-paf","13":"product_tag-paf-moustique","15":"first","16":"instock","17":"shipping-taxable","18":"purchasable","19":"product-type-simple","20":"col-xs-6 col-sm-4","21":"col-mf-5","22":"un-5-cols"},"aioseo_notices":[],"jetpack_likes_enabled":true,"jetpack_sharing_enabled":true,"_links":{"self":[{"href":"https:\/\/localyaar.bf\/en\/wp-json\/wp\/v2\/product\/6896","targetHints":{"allow":["GET"]}}],"collection":[{"href":"https:\/\/localyaar.bf\/en\/wp-json\/wp\/v2\/product"}],"about":[{"href":"https:\/\/localyaar.bf\/en\/wp-json\/wp\/v2\/types\/product"}],"replies":[{"embeddable":true,"href":"https:\/\/localyaar.bf\/en\/wp-json\/wp\/v2\/comments?post=6896"}],"wp:featuredmedia":[{"embeddable":true,"href":"https:\/\/localyaar.bf\/en\/wp-json\/wp\/v2\/media\/6872"}],"wp:attachment":[{"href":"https:\/\/localyaar.bf\/en\/wp-json\/wp\/v2\/media?parent=6896"}],"wp:term":[{"taxonomy":"product_cat","embeddable":true,"href":"https:\/\/localyaar.bf\/en\/wp-json\/wp\/v2\/product_cat?post=6896"},{"taxonomy":"product_tag","embeddable":true,"href":"https:\/\/localyaar.bf\/en\/wp-json\/wp\/v2\/product_tag?post=6896"}],"curies":[{"name":"wp","href":"https:\/\/api.w.org\/{rel}","templated":true}]}}