{"id":6892,"date":"2025-07-16T17:45:16","date_gmt":"2025-07-16T17:45:16","guid":{"rendered":"https:\/\/localyaar.bf\/?post_type=product&#038;p=6892"},"modified":"2025-07-16T17:46:14","modified_gmt":"2025-07-16T17:46:14","slug":"paf-moustique-spray-les-jardins-deve","status":"publish","type":"product","link":"https:\/\/localyaar.bf\/en\/boutique\/paf-moustique-spray-les-jardins-deve","title":{"rendered":"PAF Moustique Spray-Les jardins d&rsquo;Eve"},"content":{"rendered":"","protected":false},"excerpt":{"rendered":"<p><strong>Mode d&rsquo;utilisation :\u00a0<\/strong><br \/>\n<strong>Agiter le flacon avant emploi, puis effectuer une pulv\u00e9risation par zone de peau \u00e0 prot\u00e9ger.<\/strong><br \/>\n<strong>Frictionner la zone pour bien r\u00e9partir le produit.<\/strong><br \/>\n<strong>Se laver les mains apr\u00e8s chaque application.<\/strong><br \/>\n<strong>R\u00e9nouveler en cas de besoin.<\/strong><br \/>\n<strong>Conserver dans un endroit frais et sec.<\/strong><\/p>","protected":false},"featured_media":6858,"comment_status":"open","ping_status":"closed","template":"","meta":{"_eb_attr":"","om_disable_all_campaigns":false,"_monsterinsights_skip_tracking":false,"_monsterinsights_sitenote_active":false,"_monsterinsights_sitenote_note":"","_monsterinsights_sitenote_category":0},"product_cat":[29,26],"product_tag":[621,620],"class_list":{"0":"post-6892","1":"product","2":"type-product","3":"status-publish","4":"has-post-thumbnail","6":"product_cat-cosmetiques","7":"product_cat-sante-bien-etre","8":"product_tag-anti-palu","9":"product_tag-paf-moustique","11":"first","12":"instock","13":"sale","14":"shipping-taxable","15":"purchasable","16":"product-type-variable","17":"col-xs-6 col-sm-4","18":"col-mf-5","19":"un-5-cols"},"aioseo_notices":[],"jetpack_likes_enabled":true,"jetpack_sharing_enabled":true,"_links":{"self":[{"href":"https:\/\/localyaar.bf\/en\/wp-json\/wp\/v2\/product\/6892","targetHints":{"allow":["GET"]}}],"collection":[{"href":"https:\/\/localyaar.bf\/en\/wp-json\/wp\/v2\/product"}],"about":[{"href":"https:\/\/localyaar.bf\/en\/wp-json\/wp\/v2\/types\/product"}],"replies":[{"embeddable":true,"href":"https:\/\/localyaar.bf\/en\/wp-json\/wp\/v2\/comments?post=6892"}],"wp:featuredmedia":[{"embeddable":true,"href":"https:\/\/localyaar.bf\/en\/wp-json\/wp\/v2\/media\/6858"}],"wp:attachment":[{"href":"https:\/\/localyaar.bf\/en\/wp-json\/wp\/v2\/media?parent=6892"}],"wp:term":[{"taxonomy":"product_cat","embeddable":true,"href":"https:\/\/localyaar.bf\/en\/wp-json\/wp\/v2\/product_cat?post=6892"},{"taxonomy":"product_tag","embeddable":true,"href":"https:\/\/localyaar.bf\/en\/wp-json\/wp\/v2\/product_tag?post=6892"}],"curies":[{"name":"wp","href":"https:\/\/api.w.org\/{rel}","templated":true}]}}