{"id":6823,"date":"2025-05-24T14:04:45","date_gmt":"2025-05-24T14:04:45","guid":{"rendered":"https:\/\/localyaar.bf\/?post_type=product&#038;p=6823"},"modified":"2025-06-18T18:54:19","modified_gmt":"2025-06-18T18:54:19","slug":"eau-de-javel-1-litre-lisam-industrie","status":"publish","type":"product","link":"https:\/\/localyaar.bf\/en\/boutique\/eau-de-javel-1-litre-lisam-industrie","title":{"rendered":"Eau de javel 1 litre &#8211; Lisam Industrie"},"content":{"rendered":"","protected":false},"excerpt":{"rendered":"<p><strong>DESINFECTE<\/strong><br \/>\n<strong>BLANCHIT<\/strong><br \/>\n<strong>DETACHE<br \/>\n<\/strong><\/p>\n<p><strong>TUE 99% des microbes et des bact\u00e9ries<\/strong><br \/>\n<strong>Processus de s\u00e9lection stricte des mati\u00e8res premi\u00e8res.<\/strong><br \/>\n<strong>Formulation test\u00e9e et approuv\u00e9e par le Laboratoire National de Sant\u00e9 Publique (LNSP)<\/strong><\/p>\n<p>Fabriqu\u00e9 au Burkina Faso, \u00e0 Ouagadougou<br \/>\nDate Fabrication : 07\/11\/2024<br \/>\nDate Expiration : 07\/10\/2027<\/p>\n<p><strong>\u00a0<\/strong><\/p>","protected":false},"featured_media":6824,"comment_status":"open","ping_status":"closed","template":"","meta":{"_eb_attr":"","om_disable_all_campaigns":false,"_monsterinsights_skip_tracking":false,"_monsterinsights_sitenote_active":false,"_monsterinsights_sitenote_note":"","_monsterinsights_sitenote_category":0},"product_cat":[29],"product_tag":[607,606,605],"class_list":{"0":"post-6823","1":"product","2":"type-product","3":"status-publish","4":"has-post-thumbnail","6":"product_brand-lisam-industrie","7":"product_cat-cosmetiques","8":"product_tag-12chl","9":"product_tag-eau-de-javel","10":"product_tag-lisam-industrie","12":"first","13":"instock","14":"sale","15":"shipping-taxable","16":"purchasable","17":"product-type-simple","18":"col-xs-6 col-sm-4","19":"col-mf-5","20":"un-5-cols"},"aioseo_notices":[],"jetpack_likes_enabled":true,"jetpack_sharing_enabled":true,"_links":{"self":[{"href":"https:\/\/localyaar.bf\/en\/wp-json\/wp\/v2\/product\/6823","targetHints":{"allow":["GET"]}}],"collection":[{"href":"https:\/\/localyaar.bf\/en\/wp-json\/wp\/v2\/product"}],"about":[{"href":"https:\/\/localyaar.bf\/en\/wp-json\/wp\/v2\/types\/product"}],"replies":[{"embeddable":true,"href":"https:\/\/localyaar.bf\/en\/wp-json\/wp\/v2\/comments?post=6823"}],"wp:featuredmedia":[{"embeddable":true,"href":"https:\/\/localyaar.bf\/en\/wp-json\/wp\/v2\/media\/6824"}],"wp:attachment":[{"href":"https:\/\/localyaar.bf\/en\/wp-json\/wp\/v2\/media?parent=6823"}],"wp:term":[{"taxonomy":"product_cat","embeddable":true,"href":"https:\/\/localyaar.bf\/en\/wp-json\/wp\/v2\/product_cat?post=6823"},{"taxonomy":"product_tag","embeddable":true,"href":"https:\/\/localyaar.bf\/en\/wp-json\/wp\/v2\/product_tag?post=6823"}],"curies":[{"name":"wp","href":"https:\/\/api.w.org\/{rel}","templated":true}]}}