{"id":6788,"date":"2025-04-19T17:04:23","date_gmt":"2025-04-19T17:04:23","guid":{"rendered":"https:\/\/localyaar.bf\/?post_type=product&#038;p=6788"},"modified":"2025-04-19T17:31:03","modified_gmt":"2025-04-19T17:31:03","slug":"pate-darachide-naturelle-1kg-la-meuniere-du-faso","status":"publish","type":"product","link":"https:\/\/localyaar.bf\/en\/boutique\/pate-darachide-naturelle-1kg-la-meuniere-du-faso","title":{"rendered":"P\u00e2te d&rsquo;arachide naturelle (1Kg) &#8211; La meuni\u00e8re du Faso"},"content":{"rendered":"<p class=\"\" data-start=\"102\" data-end=\"289\"><strong data-start=\"105\" data-end=\"159\">Savourez l\u2019authenticit\u00e9 avec La Meuni\u00e8re du Faso\u00a0<\/strong><br data-start=\"164\" data-end=\"167\" \/>D\u00e9couvrez notre <strong data-start=\"183\" data-end=\"217\">p\u00e2te d\u2019arachide 100% naturelle<\/strong>, pr\u00e9par\u00e9e avec soin pour rehausser toutes vos sauces et plats pr\u00e9f\u00e9r\u00e9s.<\/p>\n<p class=\"\" data-start=\"291\" data-end=\"467\"><strong data-start=\"299\" data-end=\"351\">Un go\u00fbt irr\u00e9sistible, une qualit\u00e9 \u00e0 petit prix !<\/strong><br data-start=\"351\" data-end=\"354\" \/>Chaque cuiller\u00e9e est un voyage culinaire au c\u0153ur du Burkina Faso.<br \/>\nParfaite pour vos plats de riz, t\u00f4 ou l\u00e9gumes !<\/p>\n<p class=\"\" data-start=\"469\" data-end=\"546\">\u2705 Sans additif<br data-start=\"483\" data-end=\"486\" \/>\u2705 Riche en saveur et nutritif<br data-start=\"503\" data-end=\"506\" \/>\u2705 Fabriqu\u00e9e localement \u00e0 <strong data-start=\"531\" data-end=\"546\">Ouagadougou<\/strong><\/p>\n<p class=\"\" data-start=\"548\" data-end=\"661\">\ud83d\udcde Commandez d\u00e8s maintenant en ligne ou passer en boutique : https:\/\/maps.app.goo.gl\/1kfT6XxN2rE8JCUT9<br \/>\n\ud83d\uded2 <strong data-start=\"615\" data-end=\"661\">Consommons local, soutenons nos acteurs de la chaine de vaeure locale !<\/strong><\/p>\n<p class=\"\" data-start=\"663\" data-end=\"728\"><strong data-start=\"663\" data-end=\"728\">La Meuni\u00e8re du Faso \u2013 Le go\u00fbt du naturel dans votre assiette.<\/strong><\/p>","protected":false},"excerpt":{"rendered":"<p><strong>Riche en mati\u00e8res grasses, l&rsquo;<em>arachide<\/em>\u00a0contient des acides gras insatur\u00e9s bon pour la sant\u00e9 du c\u0153ur et participe \u00e0 l&rsquo;am\u00e9lioration du taux du cholest\u00e9rol sanguin.<\/strong><\/p>","protected":false},"featured_media":6790,"comment_status":"open","ping_status":"closed","template":"","meta":{"_eb_attr":"","om_disable_all_campaigns":false,"_monsterinsights_skip_tracking":false,"_monsterinsights_sitenote_active":false,"_monsterinsights_sitenote_note":"","_monsterinsights_sitenote_category":0},"product_cat":[28],"product_tag":[597,596,595],"class_list":{"0":"post-6788","1":"product","2":"type-product","3":"status-publish","4":"has-post-thumbnail","6":"product_brand-la-meuniere-du-faso","7":"product_cat-alimentation-nutrition-consommez-des-produits-sains","8":"product_tag-pate","9":"product_tag-pate-darachide","10":"product_tag-pate-darachide-naturelle","12":"first","13":"instock","14":"sale","15":"shipping-taxable","16":"purchasable","17":"product-type-simple","18":"col-xs-6 col-sm-4","19":"col-mf-5","20":"un-5-cols"},"aioseo_notices":[],"jetpack_likes_enabled":true,"jetpack_sharing_enabled":true,"_links":{"self":[{"href":"https:\/\/localyaar.bf\/en\/wp-json\/wp\/v2\/product\/6788","targetHints":{"allow":["GET"]}}],"collection":[{"href":"https:\/\/localyaar.bf\/en\/wp-json\/wp\/v2\/product"}],"about":[{"href":"https:\/\/localyaar.bf\/en\/wp-json\/wp\/v2\/types\/product"}],"replies":[{"embeddable":true,"href":"https:\/\/localyaar.bf\/en\/wp-json\/wp\/v2\/comments?post=6788"}],"wp:featuredmedia":[{"embeddable":true,"href":"https:\/\/localyaar.bf\/en\/wp-json\/wp\/v2\/media\/6790"}],"wp:attachment":[{"href":"https:\/\/localyaar.bf\/en\/wp-json\/wp\/v2\/media?parent=6788"}],"wp:term":[{"taxonomy":"product_cat","embeddable":true,"href":"https:\/\/localyaar.bf\/en\/wp-json\/wp\/v2\/product_cat?post=6788"},{"taxonomy":"product_tag","embeddable":true,"href":"https:\/\/localyaar.bf\/en\/wp-json\/wp\/v2\/product_tag?post=6788"}],"curies":[{"name":"wp","href":"https:\/\/api.w.org\/{rel}","templated":true}]}}