{"id":6726,"date":"2025-03-07T16:53:00","date_gmt":"2025-03-07T16:53:00","guid":{"rendered":"https:\/\/localyaar.bf\/?post_type=product&#038;p=6726"},"modified":"2025-03-07T16:54:51","modified_gmt":"2025-03-07T16:54:51","slug":"macerat-de-graine-de-moringa-rilsa","status":"publish","type":"product","link":"https:\/\/localyaar.bf\/en\/boutique\/macerat-de-graine-de-moringa-rilsa","title":{"rendered":"Mac\u00e9r\u00e2t de graine de moringa- RILSA"},"content":{"rendered":"","protected":false},"excerpt":{"rendered":"<p style=\"text-align: center;\" data-start=\"0\" data-end=\"66\"><strong>Le mac\u00e9r\u00e2t de graines de moringa est un concentr\u00e9 de bienfaits :<\/strong><\/p>\n<ol data-start=\"68\" data-end=\"572\" data-is-only-node=\"\" data-is-last-node=\"\">\n<li data-start=\"68\" data-end=\"176\"><strong data-start=\"71\" data-end=\"99\">Hydratant et nourrissant<\/strong> : Il revitalise la peau et les cheveux gr\u00e2ce \u00e0 sa richesse en acides gras.<\/li>\n<li data-start=\"177\" data-end=\"286\"><strong data-start=\"180\" data-end=\"204\">Antioxydant puissant<\/strong> : Il lutte contre le vieillissement cutan\u00e9 en neutralisant les radicaux libres.<\/li>\n<li data-start=\"287\" data-end=\"384\"><strong data-start=\"290\" data-end=\"325\">Purifiant et anti-inflammatoire<\/strong> : Il apaise les irritations et combat les imperfections.<\/li>\n<li data-start=\"385\" data-end=\"486\"><strong data-start=\"388\" data-end=\"411\">Cicatrisant naturel<\/strong> : Il favorise la r\u00e9g\u00e9n\u00e9ration de la peau et la cicatrisation des plaies.<\/li>\n<li data-start=\"487\" data-end=\"572\" data-is-last-node=\"\"><strong data-start=\"490\" data-end=\"515\">Fortifiant capillaire<\/strong> : Il stimule la pousse des cheveux et limite leur chute.<\/li>\n<\/ol>","protected":false},"featured_media":6728,"comment_status":"open","ping_status":"closed","template":"","meta":{"_eb_attr":"","om_disable_all_campaigns":false,"_monsterinsights_skip_tracking":false,"_monsterinsights_sitenote_active":false,"_monsterinsights_sitenote_note":"","_monsterinsights_sitenote_category":0},"product_cat":[29],"product_tag":[585,583,557,558],"class_list":{"0":"post-6726","1":"product","2":"type-product","3":"status-publish","4":"has-post-thumbnail","6":"product_brand-rilsa","7":"product_cat-cosmetiques","8":"product_tag-graine","9":"product_tag-macerat","10":"product_tag-poudre-de-moringa","11":"product_tag-rilsa","13":"first","14":"instock","15":"shipping-taxable","16":"purchasable","17":"product-type-simple","18":"col-xs-6 col-sm-4","19":"col-mf-5","20":"un-5-cols"},"aioseo_notices":[],"jetpack_likes_enabled":true,"jetpack_sharing_enabled":true,"_links":{"self":[{"href":"https:\/\/localyaar.bf\/en\/wp-json\/wp\/v2\/product\/6726","targetHints":{"allow":["GET"]}}],"collection":[{"href":"https:\/\/localyaar.bf\/en\/wp-json\/wp\/v2\/product"}],"about":[{"href":"https:\/\/localyaar.bf\/en\/wp-json\/wp\/v2\/types\/product"}],"replies":[{"embeddable":true,"href":"https:\/\/localyaar.bf\/en\/wp-json\/wp\/v2\/comments?post=6726"}],"wp:featuredmedia":[{"embeddable":true,"href":"https:\/\/localyaar.bf\/en\/wp-json\/wp\/v2\/media\/6728"}],"wp:attachment":[{"href":"https:\/\/localyaar.bf\/en\/wp-json\/wp\/v2\/media?parent=6726"}],"wp:term":[{"taxonomy":"product_cat","embeddable":true,"href":"https:\/\/localyaar.bf\/en\/wp-json\/wp\/v2\/product_cat?post=6726"},{"taxonomy":"product_tag","embeddable":true,"href":"https:\/\/localyaar.bf\/en\/wp-json\/wp\/v2\/product_tag?post=6726"}],"curies":[{"name":"wp","href":"https:\/\/api.w.org\/{rel}","templated":true}]}}