{"id":6687,"date":"2025-03-05T16:27:51","date_gmt":"2025-03-05T16:27:51","guid":{"rendered":"https:\/\/localyaar.bf\/?post_type=product&#038;p=6687"},"modified":"2025-03-06T07:39:35","modified_gmt":"2025-03-06T07:39:35","slug":"puree-de-tomate-mma-conserve","status":"publish","type":"product","link":"https:\/\/localyaar.bf\/en\/boutique\/puree-de-tomate-mma-conserve","title":{"rendered":"Pur\u00e9e de tomate &#8211; M&rsquo;ma conserve"},"content":{"rendered":"","protected":false},"excerpt":{"rendered":"<div class=\"text-base leading-[26px] text-neutral-600 dark:text-dm-neutral-600 laptop:text-xl laptop:leading-8 [&amp;&gt;p:not(:last-child)]:mb-5\" style=\"box-sizing: border-box; border: 0px solid #e5e7eb; scrollbar-width: thin; overscroll-behavior: none; scroll-behavior: smooth; --tw-border-spacing-x: 0; --tw-border-spacing-y: 0; --tw-translate-x: 0; --tw-translate-y: 0; --tw-rotate: 0; --tw-skew-x: 0; --tw-skew-y: 0; --tw-scale-x: 1; --tw-scale-y: 1; --tw-scroll-snap-strictness: proximity; --tw-ring-offset-width: 0px; --tw-ring-offset-color: #fff; --tw-ring-color: rgba(59,130,246,.5); --tw-ring-offset-shadow: 0 0 #0000; --tw-ring-shadow: 0 0 #0000; --tw-shadow: 0 0 #0000; --tw-shadow-colored: 0 0 #0000; font-size: 1.25rem; line-height: 2rem; --tw-text-opacity: 1; color: rgb(75 85 99\/var(--tw-text-opacity)); font-family: Inter, sans-serif; font-style: normal; font-variant-ligatures: normal; font-variant-caps: normal; font-weight: 400; letter-spacing: normal; orphans: 2; text-align: start; text-indent: 0px; text-transform: none; widows: 2; word-spacing: 0px; -webkit-text-stroke-width: 0px; white-space: normal; background-color: #ffffff; text-decoration-thickness: initial; text-decoration-style: initial; text-decoration-color: initial;\">Nos pur\u00e9es contiennent des valeurs nutritive en addition \u00e0 vos repas, contribuant ainsi \u00e0 une alimentation \u00e9quilibr\u00e9e et soutenant votre sant\u00e9 globale.<\/div>\n<ul class=\"mt-5 flex flex-col gap-5\">\n<li class=\"flex gap-4\">\n<div class=\"text-base leading-[26px] text-neutral-600 dark:text-dm-neutral-600 laptop:text-xl laptop:leading-8 [&amp;&gt;p:not(:last-child)]:mb-5 py-0.5\" style=\"box-sizing: border-box; border: 0px solid #e5e7eb; scrollbar-width: thin; overscroll-behavior: none; scroll-behavior: smooth; --tw-border-spacing-x: 0; --tw-border-spacing-y: 0; --tw-translate-x: 0; --tw-translate-y: 0; --tw-rotate: 0; --tw-skew-x: 0; --tw-skew-y: 0; --tw-scale-x: 1; --tw-scale-y: 1; --tw-scroll-snap-strictness: proximity; --tw-ring-offset-width: 0px; --tw-ring-offset-color: #fff; --tw-ring-color: rgba(59,130,246,.5); --tw-ring-offset-shadow: 0 0 #0000; --tw-ring-shadow: 0 0 #0000; --tw-shadow: 0 0 #0000; --tw-shadow-colored: 0 0 #0000; padding-top: 0.125rem; padding-bottom: 0.125rem; font-size: 1.25rem; line-height: 2rem; --tw-text-opacity: 1; color: rgb(75 85 99\/var(--tw-text-opacity));\"><strong>Riche en vitamines et min\u00e9raux<\/strong><\/div>\n<\/li>\n<li class=\"flex gap-4\">\n<div class=\"text-base leading-[26px] text-neutral-600 dark:text-dm-neutral-600 laptop:text-xl laptop:leading-8 [&amp;&gt;p:not(:last-child)]:mb-5 py-0.5\" style=\"box-sizing: border-box; border: 0px solid #e5e7eb; scrollbar-width: thin; overscroll-behavior: none; scroll-behavior: smooth; --tw-border-spacing-x: 0; --tw-border-spacing-y: 0; --tw-translate-x: 0; --tw-translate-y: 0; --tw-rotate: 0; --tw-skew-x: 0; --tw-skew-y: 0; --tw-scale-x: 1; --tw-scale-y: 1; --tw-scroll-snap-strictness: proximity; --tw-ring-offset-width: 0px; --tw-ring-offset-color: #fff; --tw-ring-color: rgba(59,130,246,.5); --tw-ring-offset-shadow: 0 0 #0000; --tw-ring-shadow: 0 0 #0000; --tw-shadow: 0 0 #0000; --tw-shadow-colored: 0 0 #0000; padding-top: 0.125rem; padding-bottom: 0.125rem; font-size: 1.25rem; line-height: 2rem; --tw-text-opacity: 1; color: rgb(75 85 99\/var(--tw-text-opacity));\"><strong>Contient des fibres<\/strong><\/div>\n<\/li>\n<li class=\"flex gap-4\">\n<div class=\"text-base leading-[26px] text-neutral-600 dark:text-dm-neutral-600 laptop:text-xl laptop:leading-8 [&amp;&gt;p:not(:last-child)]:mb-5 py-0.5\" style=\"box-sizing: border-box; border: 0px solid #e5e7eb; scrollbar-width: thin; overscroll-behavior: none; scroll-behavior: smooth; --tw-border-spacing-x: 0; --tw-border-spacing-y: 0; --tw-translate-x: 0; --tw-translate-y: 0; --tw-rotate: 0; --tw-skew-x: 0; --tw-skew-y: 0; --tw-scale-x: 1; --tw-scale-y: 1; --tw-scroll-snap-strictness: proximity; --tw-ring-offset-width: 0px; --tw-ring-offset-color: #fff; --tw-ring-color: rgba(59,130,246,.5); --tw-ring-offset-shadow: 0 0 #0000; --tw-ring-shadow: 0 0 #0000; --tw-shadow: 0 0 #0000; --tw-shadow-colored: 0 0 #0000; padding-top: 0.125rem; padding-bottom: 0.125rem; font-size: 1.25rem; line-height: 2rem; --tw-text-opacity: 1; color: rgb(75 85 99\/var(--tw-text-opacity));\"><strong>Faible en calories<\/strong>, ce qui en fait une option nutritive pour la gestion du poids et la sant\u00e9 globale.<\/div>\n<\/li>\n<li class=\"flex gap-4\">\n<div class=\"text-base leading-[26px] text-neutral-600 dark:text-dm-neutral-600 laptop:text-xl laptop:leading-8 [&amp;&gt;p:not(:last-child)]:mb-5 py-0.5\" style=\"box-sizing: border-box; border: 0px solid #e5e7eb; scrollbar-width: thin; overscroll-behavior: none; scroll-behavior: smooth; --tw-border-spacing-x: 0; --tw-border-spacing-y: 0; --tw-translate-x: 0; --tw-translate-y: 0; --tw-rotate: 0; --tw-skew-x: 0; --tw-skew-y: 0; --tw-scale-x: 1; --tw-scale-y: 1; --tw-scroll-snap-strictness: proximity; --tw-ring-offset-width: 0px; --tw-ring-offset-color: #fff; --tw-ring-color: rgba(59,130,246,.5); --tw-ring-offset-shadow: 0 0 #0000; --tw-ring-shadow: 0 0 #0000; --tw-shadow: 0 0 #0000; --tw-shadow-colored: 0 0 #0000; padding-top: 0.125rem; padding-bottom: 0.125rem; font-size: 1.25rem; line-height: 2rem; --tw-text-opacity: 1; color: rgb(75 85 99\/var(--tw-text-opacity));\"><strong>Polyvalent et pratique<\/strong><\/div>\n<\/li>\n<li class=\"flex gap-4\">\n<div class=\"text-base leading-[26px] text-neutral-600 dark:text-dm-neutral-600 laptop:text-xl laptop:leading-8 [&amp;&gt;p:not(:last-child)]:mb-5 py-0.5\" style=\"box-sizing: border-box; border: 0px solid #e5e7eb; scrollbar-width: thin; overscroll-behavior: none; scroll-behavior: smooth; --tw-border-spacing-x: 0; --tw-border-spacing-y: 0; --tw-translate-x: 0; --tw-translate-y: 0; --tw-rotate: 0; --tw-skew-x: 0; --tw-skew-y: 0; --tw-scale-x: 1; --tw-scale-y: 1; --tw-scroll-snap-strictness: proximity; --tw-ring-offset-width: 0px; --tw-ring-offset-color: #fff; --tw-ring-color: rgba(59,130,246,.5); --tw-ring-offset-shadow: 0 0 #0000; --tw-ring-shadow: 0 0 #0000; --tw-shadow: 0 0 #0000; --tw-shadow-colored: 0 0 #0000; padding-top: 0.125rem; padding-bottom: 0.125rem; font-size: 1.25rem; line-height: 2rem; --tw-text-opacity: 1; color: rgb(75 85 99\/var(--tw-text-opacity));\"><strong>Hydratant<\/strong>\u00a0gr\u00e2ce \u00e0 leur forte teneur en eau, aidant \u00e0 maintenir une bonne hydratation.<\/div>\n<\/li>\n<\/ul>","protected":false},"featured_media":6688,"comment_status":"open","ping_status":"closed","template":"","meta":{"_eb_attr":"","om_disable_all_campaigns":false,"_monsterinsights_skip_tracking":false,"_monsterinsights_sitenote_active":false,"_monsterinsights_sitenote_note":"","_monsterinsights_sitenote_category":0},"product_cat":[28],"product_tag":[580,581,574],"class_list":{"0":"post-6687","1":"product","2":"type-product","3":"status-publish","4":"has-post-thumbnail","6":"product_brand-mmaa-conserve","7":"product_cat-alimentation-nutrition-consommez-des-produits-sains","8":"product_tag-conserve","9":"product_tag-puree","10":"product_tag-tomate","12":"first","13":"instock","14":"shipping-taxable","15":"purchasable","16":"product-type-variable","17":"has-default-attributes","18":"col-xs-6 col-sm-4","19":"col-mf-5","20":"un-5-cols"},"aioseo_notices":[],"jetpack_likes_enabled":true,"jetpack_sharing_enabled":true,"_links":{"self":[{"href":"https:\/\/localyaar.bf\/en\/wp-json\/wp\/v2\/product\/6687","targetHints":{"allow":["GET"]}}],"collection":[{"href":"https:\/\/localyaar.bf\/en\/wp-json\/wp\/v2\/product"}],"about":[{"href":"https:\/\/localyaar.bf\/en\/wp-json\/wp\/v2\/types\/product"}],"replies":[{"embeddable":true,"href":"https:\/\/localyaar.bf\/en\/wp-json\/wp\/v2\/comments?post=6687"}],"wp:featuredmedia":[{"embeddable":true,"href":"https:\/\/localyaar.bf\/en\/wp-json\/wp\/v2\/media\/6688"}],"wp:attachment":[{"href":"https:\/\/localyaar.bf\/en\/wp-json\/wp\/v2\/media?parent=6687"}],"wp:term":[{"taxonomy":"product_cat","embeddable":true,"href":"https:\/\/localyaar.bf\/en\/wp-json\/wp\/v2\/product_cat?post=6687"},{"taxonomy":"product_tag","embeddable":true,"href":"https:\/\/localyaar.bf\/en\/wp-json\/wp\/v2\/product_tag?post=6687"}],"curies":[{"name":"wp","href":"https:\/\/api.w.org\/{rel}","templated":true}]}}