{"id":6662,"date":"2025-02-18T19:30:28","date_gmt":"2025-02-18T19:30:28","guid":{"rendered":"https:\/\/localyaar.bf\/?post_type=product&#038;p=6662"},"modified":"2025-02-18T19:30:29","modified_gmt":"2025-02-18T19:30:29","slug":"bassi-de-petit-mil-sucre-500g-la-meuniere-du-faso","status":"publish","type":"product","link":"https:\/\/localyaar.bf\/en\/boutique\/bassi-de-petit-mil-sucre-500g-la-meuniere-du-faso","title":{"rendered":"Bassi de petit mil sucr\u00e9 (500g) &#8211; La meuni\u00e8re du Faso"},"content":{"rendered":"","protected":false},"excerpt":{"rendered":"<p><strong>Tr\u00e8s nutritif (Riche en antioxydants, vitamines et min\u00e9raux essentiels.)<\/strong><\/p>\n<p><strong>Un bon coupe-faim.<\/strong><\/p>\n<p>&nbsp;<\/p>","protected":false},"featured_media":6664,"comment_status":"open","ping_status":"closed","template":"","meta":{"_eb_attr":"","om_disable_all_campaigns":false,"_monsterinsights_skip_tracking":false,"_monsterinsights_sitenote_active":false,"_monsterinsights_sitenote_note":"","_monsterinsights_sitenote_category":0},"product_cat":[28],"product_tag":[569,570],"class_list":{"0":"post-6662","1":"product","2":"type-product","3":"status-publish","4":"has-post-thumbnail","6":"product_brand-la-meuniere-du-faso","7":"product_cat-alimentation-nutrition-consommez-des-produits-sains","8":"product_tag-bassi","9":"product_tag-petit-mil","11":"first","12":"instock","13":"shipping-taxable","14":"purchasable","15":"product-type-simple","16":"col-xs-6 col-sm-4","17":"col-mf-5","18":"un-5-cols"},"aioseo_notices":[],"jetpack_likes_enabled":true,"jetpack_sharing_enabled":true,"_links":{"self":[{"href":"https:\/\/localyaar.bf\/en\/wp-json\/wp\/v2\/product\/6662","targetHints":{"allow":["GET"]}}],"collection":[{"href":"https:\/\/localyaar.bf\/en\/wp-json\/wp\/v2\/product"}],"about":[{"href":"https:\/\/localyaar.bf\/en\/wp-json\/wp\/v2\/types\/product"}],"replies":[{"embeddable":true,"href":"https:\/\/localyaar.bf\/en\/wp-json\/wp\/v2\/comments?post=6662"}],"wp:featuredmedia":[{"embeddable":true,"href":"https:\/\/localyaar.bf\/en\/wp-json\/wp\/v2\/media\/6664"}],"wp:attachment":[{"href":"https:\/\/localyaar.bf\/en\/wp-json\/wp\/v2\/media?parent=6662"}],"wp:term":[{"taxonomy":"product_cat","embeddable":true,"href":"https:\/\/localyaar.bf\/en\/wp-json\/wp\/v2\/product_cat?post=6662"},{"taxonomy":"product_tag","embeddable":true,"href":"https:\/\/localyaar.bf\/en\/wp-json\/wp\/v2\/product_tag?post=6662"}],"curies":[{"name":"wp","href":"https:\/\/api.w.org\/{rel}","templated":true}]}}