{"id":6606,"date":"2025-02-16T06:59:20","date_gmt":"2025-02-16T06:59:20","guid":{"rendered":"https:\/\/localyaar.bf\/?post_type=product&#038;p=6606"},"modified":"2025-06-18T18:54:20","modified_gmt":"2025-06-18T18:54:20","slug":"desodorisant-lililale-lissa-suave","status":"publish","type":"product","link":"https:\/\/localyaar.bf\/en\/boutique\/desodorisant-lililale-lissa-suave","title":{"rendered":"D\u00e9sodorisant Lili&#038;Lal\u00e9- Lissa Suave"},"content":{"rendered":"","protected":false},"excerpt":{"rendered":"<p style=\"text-align: center;\"><strong>-Lissa Suave<\/strong><\/p>\n<p style=\"text-align: center;\"><strong>Le d\u00e9sodorisant Lissa Suave transforme votre int\u00e9rieur en un cocon de douceur et de raffinement. Sa fragrance florale et gourmande diffuse une ambiance apaisante et \u00e9l\u00e9gante. Con\u00e7u pour offrir une fra\u00eecheur durable, il neutralise les mauvaises odeurs tout en parfumant d\u00e9licatement votre espace de vie.<\/strong><\/p>\n<p style=\"text-align: center;\" data-start=\"648\" data-end=\"669\"><strong>-Utilisation<\/strong><\/p>\n<ul data-start=\"670\" data-end=\"936\">\n<li data-start=\"670\" data-end=\"762\"><strong>Vaporisez dans les pi\u00e8ces de votre maison, bureau ou voiture pour une ambiance raffin\u00e9e.<\/strong><\/li>\n<li data-start=\"763\" data-end=\"855\"><strong>Id\u00e9al pour parfumer les textiles (rideaux, coussins, tapis) et rafra\u00eechir l\u2019air ambiant.<\/strong><\/li>\n<\/ul>","protected":false},"featured_media":6616,"comment_status":"open","ping_status":"closed","template":"","meta":{"_eb_attr":"","om_disable_all_campaigns":false,"_monsterinsights_skip_tracking":false,"_monsterinsights_sitenote_active":false,"_monsterinsights_sitenote_note":"","_monsterinsights_sitenote_category":0},"product_cat":[29],"product_tag":[564,560,57,563,562,561],"class_list":{"0":"post-6606","1":"product","2":"type-product","3":"status-publish","4":"has-post-thumbnail","6":"product_brand-lissa-suave","7":"product_cat-cosmetiques","8":"product_tag-desodorisant","9":"product_tag-lissa-suave","10":"product_tag-parfum","11":"product_tag-provocaxe","12":"product_tag-sauvase","13":"product_tag-shallenge","15":"first","16":"instock","17":"shipping-taxable","18":"purchasable","19":"product-type-variable","20":"col-xs-6 col-sm-4","21":"col-mf-5","22":"un-5-cols"},"aioseo_notices":[],"jetpack_likes_enabled":true,"jetpack_sharing_enabled":true,"_links":{"self":[{"href":"https:\/\/localyaar.bf\/en\/wp-json\/wp\/v2\/product\/6606","targetHints":{"allow":["GET"]}}],"collection":[{"href":"https:\/\/localyaar.bf\/en\/wp-json\/wp\/v2\/product"}],"about":[{"href":"https:\/\/localyaar.bf\/en\/wp-json\/wp\/v2\/types\/product"}],"replies":[{"embeddable":true,"href":"https:\/\/localyaar.bf\/en\/wp-json\/wp\/v2\/comments?post=6606"}],"wp:featuredmedia":[{"embeddable":true,"href":"https:\/\/localyaar.bf\/en\/wp-json\/wp\/v2\/media\/6616"}],"wp:attachment":[{"href":"https:\/\/localyaar.bf\/en\/wp-json\/wp\/v2\/media?parent=6606"}],"wp:term":[{"taxonomy":"product_cat","embeddable":true,"href":"https:\/\/localyaar.bf\/en\/wp-json\/wp\/v2\/product_cat?post=6606"},{"taxonomy":"product_tag","embeddable":true,"href":"https:\/\/localyaar.bf\/en\/wp-json\/wp\/v2\/product_tag?post=6606"}],"curies":[{"name":"wp","href":"https:\/\/api.w.org\/{rel}","templated":true}]}}