{"id":6599,"date":"2025-02-16T06:47:42","date_gmt":"2025-02-16T06:47:42","guid":{"rendered":"https:\/\/localyaar.bf\/?post_type=product&#038;p=6599"},"modified":"2025-02-16T06:57:56","modified_gmt":"2025-02-16T06:57:56","slug":"parfum-flower-perfume-lissa-suave","status":"publish","type":"product","link":"https:\/\/localyaar.bf\/en\/boutique\/parfum-flower-perfume-lissa-suave","title":{"rendered":"Parfum Flower Perfume &#8211; Lissa Suave"},"content":{"rendered":"","protected":false},"excerpt":{"rendered":"<p style=\"text-align: center;\"><strong>-Lissa Suave<\/strong><\/p>\n<p><strong>Parfait pour celles qui recherchent un parfum \u00e0 la fois discret et marquant, Lissa Suave se porte en toute occasion, du quotidien aux moments les plus pr\u00e9cieux. Son sillage l\u00e9ger mais persistant laisse une empreinte \u00e9l\u00e9gante et captivante.<\/strong><\/p>","protected":false},"featured_media":6589,"comment_status":"open","ping_status":"closed","template":"","meta":{"_eb_attr":"","om_disable_all_campaigns":false,"_monsterinsights_skip_tracking":false,"_monsterinsights_sitenote_active":false,"_monsterinsights_sitenote_note":"","_monsterinsights_sitenote_category":0},"product_cat":[29],"product_tag":[560,57,563,562,561],"class_list":{"0":"post-6599","1":"product","2":"type-product","3":"status-publish","4":"has-post-thumbnail","6":"product_brand-lissa-suave","7":"product_cat-cosmetiques","8":"product_tag-lissa-suave","9":"product_tag-parfum","10":"product_tag-provocaxe","11":"product_tag-sauvase","12":"product_tag-shallenge","14":"first","15":"instock","16":"sale","17":"shipping-taxable","18":"purchasable","19":"product-type-variable","20":"col-xs-6 col-sm-4","21":"col-mf-5","22":"un-5-cols"},"aioseo_notices":[],"jetpack_likes_enabled":true,"jetpack_sharing_enabled":true,"_links":{"self":[{"href":"https:\/\/localyaar.bf\/en\/wp-json\/wp\/v2\/product\/6599","targetHints":{"allow":["GET"]}}],"collection":[{"href":"https:\/\/localyaar.bf\/en\/wp-json\/wp\/v2\/product"}],"about":[{"href":"https:\/\/localyaar.bf\/en\/wp-json\/wp\/v2\/types\/product"}],"replies":[{"embeddable":true,"href":"https:\/\/localyaar.bf\/en\/wp-json\/wp\/v2\/comments?post=6599"}],"wp:featuredmedia":[{"embeddable":true,"href":"https:\/\/localyaar.bf\/en\/wp-json\/wp\/v2\/media\/6589"}],"wp:attachment":[{"href":"https:\/\/localyaar.bf\/en\/wp-json\/wp\/v2\/media?parent=6599"}],"wp:term":[{"taxonomy":"product_cat","embeddable":true,"href":"https:\/\/localyaar.bf\/en\/wp-json\/wp\/v2\/product_cat?post=6599"},{"taxonomy":"product_tag","embeddable":true,"href":"https:\/\/localyaar.bf\/en\/wp-json\/wp\/v2\/product_tag?post=6599"}],"curies":[{"name":"wp","href":"https:\/\/api.w.org\/{rel}","templated":true}]}}