{"id":6562,"date":"2025-02-11T16:16:15","date_gmt":"2025-02-11T16:16:15","guid":{"rendered":"https:\/\/localyaar.bf\/?post_type=product&#038;p=6562"},"modified":"2025-02-11T16:16:16","modified_gmt":"2025-02-11T16:16:16","slug":"arachide-enrobe-la-meuniere-du-faso","status":"publish","type":"product","link":"https:\/\/localyaar.bf\/en\/boutique\/arachide-enrobe-la-meuniere-du-faso","title":{"rendered":"Arachide enrob\u00e9 &#8211; La meuni\u00e8re du Faso"},"content":{"rendered":"","protected":false},"excerpt":{"rendered":"<p><strong>Riche en mati\u00e8res grasses, l&rsquo;<em>arachide<\/em>\u00a0contient des acides gras insatur\u00e9s bon pour la sant\u00e9 du c\u0153ur et participe \u00e0 l&rsquo;am\u00e9lioration du taux du cholest\u00e9rol sanguin.<\/strong><\/p>","protected":false},"featured_media":6563,"comment_status":"open","ping_status":"closed","template":"","meta":{"_eb_attr":"","om_disable_all_campaigns":false,"_monsterinsights_skip_tracking":false,"_monsterinsights_sitenote_active":false,"_monsterinsights_sitenote_note":"","_monsterinsights_sitenote_category":0},"product_cat":[28],"product_tag":[553,555,554],"class_list":{"0":"post-6562","1":"product","2":"type-product","3":"status-publish","4":"has-post-thumbnail","6":"product_brand-la-meuniere-du-faso","7":"product_cat-alimentation-nutrition-consommez-des-produits-sains","8":"product_tag-arachide","9":"product_tag-arachide-enrobe","10":"product_tag-enrobe","12":"first","13":"instock","14":"shipping-taxable","15":"purchasable","16":"product-type-simple","17":"col-xs-6 col-sm-4","18":"col-mf-5","19":"un-5-cols"},"aioseo_notices":[],"jetpack_likes_enabled":true,"jetpack_sharing_enabled":true,"_links":{"self":[{"href":"https:\/\/localyaar.bf\/en\/wp-json\/wp\/v2\/product\/6562","targetHints":{"allow":["GET"]}}],"collection":[{"href":"https:\/\/localyaar.bf\/en\/wp-json\/wp\/v2\/product"}],"about":[{"href":"https:\/\/localyaar.bf\/en\/wp-json\/wp\/v2\/types\/product"}],"replies":[{"embeddable":true,"href":"https:\/\/localyaar.bf\/en\/wp-json\/wp\/v2\/comments?post=6562"}],"wp:featuredmedia":[{"embeddable":true,"href":"https:\/\/localyaar.bf\/en\/wp-json\/wp\/v2\/media\/6563"}],"wp:attachment":[{"href":"https:\/\/localyaar.bf\/en\/wp-json\/wp\/v2\/media?parent=6562"}],"wp:term":[{"taxonomy":"product_cat","embeddable":true,"href":"https:\/\/localyaar.bf\/en\/wp-json\/wp\/v2\/product_cat?post=6562"},{"taxonomy":"product_tag","embeddable":true,"href":"https:\/\/localyaar.bf\/en\/wp-json\/wp\/v2\/product_tag?post=6562"}],"curies":[{"name":"wp","href":"https:\/\/api.w.org\/{rel}","templated":true}]}}