{"id":6560,"date":"2025-02-11T16:10:59","date_gmt":"2025-02-11T16:10:59","guid":{"rendered":"https:\/\/localyaar.bf\/?post_type=product&#038;p=6560"},"modified":"2025-02-11T16:11:26","modified_gmt":"2025-02-11T16:11:26","slug":"levure-de-biere","status":"publish","type":"product","link":"https:\/\/localyaar.bf\/en\/boutique\/levure-de-biere","title":{"rendered":"L\u00e9vure de bi\u00e8re"},"content":{"rendered":"","protected":false},"excerpt":{"rendered":"<ul>\n<li><strong>Elle\u00a0stimule la flore intestinale\u00a0gr\u00e2ce \u00e0 son action probiotique. Elle am\u00e9liore \u00e9galement la digestion\u00a0et booste le transit.\u00a0<\/strong><\/li>\n<li><strong>Elle permet de\u00a0lutter contre les ballonnements.<\/strong><\/li>\n<li><strong>Elle\u00a0renforce le syst\u00e8me immunitaire.<\/strong><\/li>\n<li><strong>Elle\u00a0fortifie les cheveux cassants et les ongles\u00a0mous ou d\u00e9doubl\u00e9s\u00a0en favorisant la synth\u00e8se de la k\u00e9ratine.\u00a0<\/strong><\/li>\n<li><strong>Elle permet d&rsquo;entretenir\u00a0une peau saine,\u00a0un teint lumineux\u00a0et a une action int\u00e9ressante sur le s\u00e9bum et l&rsquo;acn\u00e9.<\/strong><\/li>\n<li><strong>Elle\u00a0booste la production de lait maternel et fortifie le syst\u00e8me nerveux des b\u00e9b\u00e9s.\u00a0<\/strong><\/li>\n<\/ul>","protected":false},"featured_media":6561,"comment_status":"open","ping_status":"closed","template":"","meta":{"_eb_attr":"","om_disable_all_campaigns":false,"_monsterinsights_skip_tracking":false,"_monsterinsights_sitenote_active":false,"_monsterinsights_sitenote_note":"","_monsterinsights_sitenote_category":0},"product_cat":[28],"product_tag":[],"class_list":{"0":"post-6560","1":"product","2":"type-product","3":"status-publish","4":"has-post-thumbnail","6":"product_brand-la-meuniere-du-faso","7":"product_cat-alimentation-nutrition-consommez-des-produits-sains","9":"first","10":"instock","11":"shipping-taxable","12":"purchasable","13":"product-type-simple","14":"col-xs-6 col-sm-4","15":"col-mf-5","16":"un-5-cols"},"aioseo_notices":[],"jetpack_likes_enabled":true,"jetpack_sharing_enabled":true,"_links":{"self":[{"href":"https:\/\/localyaar.bf\/en\/wp-json\/wp\/v2\/product\/6560","targetHints":{"allow":["GET"]}}],"collection":[{"href":"https:\/\/localyaar.bf\/en\/wp-json\/wp\/v2\/product"}],"about":[{"href":"https:\/\/localyaar.bf\/en\/wp-json\/wp\/v2\/types\/product"}],"replies":[{"embeddable":true,"href":"https:\/\/localyaar.bf\/en\/wp-json\/wp\/v2\/comments?post=6560"}],"wp:featuredmedia":[{"embeddable":true,"href":"https:\/\/localyaar.bf\/en\/wp-json\/wp\/v2\/media\/6561"}],"wp:attachment":[{"href":"https:\/\/localyaar.bf\/en\/wp-json\/wp\/v2\/media?parent=6560"}],"wp:term":[{"taxonomy":"product_cat","embeddable":true,"href":"https:\/\/localyaar.bf\/en\/wp-json\/wp\/v2\/product_cat?post=6560"},{"taxonomy":"product_tag","embeddable":true,"href":"https:\/\/localyaar.bf\/en\/wp-json\/wp\/v2\/product_tag?post=6560"}],"curies":[{"name":"wp","href":"https:\/\/api.w.org\/{rel}","templated":true}]}}