{"id":6557,"date":"2025-02-11T15:58:45","date_gmt":"2025-02-11T15:58:45","guid":{"rendered":"https:\/\/localyaar.bf\/?post_type=product&#038;p=6557"},"modified":"2025-02-11T16:03:09","modified_gmt":"2025-02-11T16:03:09","slug":"soumbala-0-5kg","status":"publish","type":"product","link":"https:\/\/localyaar.bf\/en\/boutique\/soumbala-0-5kg","title":{"rendered":"Soumbala (0.5kg) &#8211; La meuni\u00e8re du Faso"},"content":{"rendered":"","protected":false},"excerpt":{"rendered":"<ul>\n<li><strong>Le soumbala normalise l\u2019hypertension art\u00e9rielle.<\/strong><\/li>\n<li><strong>Le soumbala poss\u00e8de des propri\u00e9t\u00e9s de renforcement des d\u00e9fenses immunitaires.<\/strong><\/li>\n<li><strong>Le soumbala est utilis\u00e9 comme m\u00e9dicament pour lutter contre les vomissements ou dans les cas de grande fatigue.<\/strong><\/li>\n<li><strong>Le jus de cuisson du soumbala serait un remontant \u00e9nerg\u00e9tique et permettrait de lutter efficacement contre la grippe.<\/strong><\/li>\n<li><strong>Riche en vitamines C, en prot\u00e9ines et en fer, le soumbala r\u00e9sout les probl\u00e8mes de goitre, car il contient de l\u2019iode.<\/strong><\/li>\n<\/ul>","protected":false},"featured_media":6558,"comment_status":"open","ping_status":"closed","template":"","meta":{"_eb_attr":"","om_disable_all_campaigns":false,"_monsterinsights_skip_tracking":false,"_monsterinsights_sitenote_active":false,"_monsterinsights_sitenote_note":"","_monsterinsights_sitenote_category":0},"product_cat":[28],"product_tag":[552],"class_list":{"0":"post-6557","1":"product","2":"type-product","3":"status-publish","4":"has-post-thumbnail","6":"product_brand-la-meuniere-du-faso","7":"product_cat-alimentation-nutrition-consommez-des-produits-sains","8":"product_tag-soumbala","10":"first","11":"instock","12":"shipping-taxable","13":"purchasable","14":"product-type-simple","15":"col-xs-6 col-sm-4","16":"col-mf-5","17":"un-5-cols"},"aioseo_notices":[],"jetpack_likes_enabled":true,"jetpack_sharing_enabled":true,"_links":{"self":[{"href":"https:\/\/localyaar.bf\/en\/wp-json\/wp\/v2\/product\/6557","targetHints":{"allow":["GET"]}}],"collection":[{"href":"https:\/\/localyaar.bf\/en\/wp-json\/wp\/v2\/product"}],"about":[{"href":"https:\/\/localyaar.bf\/en\/wp-json\/wp\/v2\/types\/product"}],"replies":[{"embeddable":true,"href":"https:\/\/localyaar.bf\/en\/wp-json\/wp\/v2\/comments?post=6557"}],"wp:featuredmedia":[{"embeddable":true,"href":"https:\/\/localyaar.bf\/en\/wp-json\/wp\/v2\/media\/6558"}],"wp:attachment":[{"href":"https:\/\/localyaar.bf\/en\/wp-json\/wp\/v2\/media?parent=6557"}],"wp:term":[{"taxonomy":"product_cat","embeddable":true,"href":"https:\/\/localyaar.bf\/en\/wp-json\/wp\/v2\/product_cat?post=6557"},{"taxonomy":"product_tag","embeddable":true,"href":"https:\/\/localyaar.bf\/en\/wp-json\/wp\/v2\/product_tag?post=6557"}],"curies":[{"name":"wp","href":"https:\/\/api.w.org\/{rel}","templated":true}]}}