{"id":6400,"date":"2025-01-17T19:23:21","date_gmt":"2025-01-17T19:23:21","guid":{"rendered":"https:\/\/localyaar.bf\/?post_type=product&#038;p=6400"},"modified":"2025-01-17T19:39:42","modified_gmt":"2025-01-17T19:39:42","slug":"tirelire-en-poterie-jumelia-consortium","status":"publish","type":"product","link":"https:\/\/localyaar.bf\/en\/boutique\/tirelire-en-poterie-jumelia-consortium","title":{"rendered":"Tirelire en poterie \u2013 Jumelia Consortium"},"content":{"rendered":"<p><strong>Jumelia Consortium a \u00e9t\u00e9 mise en place pour la valorisation et la promotion de la poterie au Burkina Faso.<\/strong><\/p>","protected":false},"excerpt":{"rendered":"<div dir=\"auto\"><strong>Apprendre l\u2019\u00e9pargne avec nos tirelires en poterie !<\/strong><\/div>\n<div dir=\"auto\"><strong>Nos tirelires artisanales sont sp\u00e9cialement con\u00e7ues pour aider les enfants et les grands \u00e0 comprendre l&rsquo;importance de l\u2019\u00e9pargne tout en s\u2019amusant. Chaque mod\u00e8le, fait \u00e0 la main, est unique et color\u00e9, d\u00e9core votre int\u00e9rieur, tout en vous offrant un moyen concret de voir vos \u00e9conomies grandir.<\/strong><\/div>","protected":false},"featured_media":6135,"comment_status":"open","ping_status":"closed","template":"","meta":{"_eb_attr":"","om_disable_all_campaigns":false,"_monsterinsights_skip_tracking":false,"_monsterinsights_sitenote_active":false,"_monsterinsights_sitenote_note":"","_monsterinsights_sitenote_category":0},"product_cat":[31,30],"product_tag":[],"class_list":{"0":"post-6400","1":"product","2":"type-product","3":"status-publish","4":"has-post-thumbnail","6":"product_brand-jumelia-consortium","7":"product_cat-accessoires-des-piece-confectionnees-pour-sublimer-votre-silouhette-ou-votre-espace","8":"product_cat-lartisanat-est-la-transformation-de-produits","10":"first","11":"instock","12":"sale","13":"shipping-taxable","14":"purchasable","15":"product-type-variable","16":"col-xs-6 col-sm-4","17":"col-mf-5","18":"un-5-cols"},"aioseo_notices":[],"jetpack_likes_enabled":true,"jetpack_sharing_enabled":true,"_links":{"self":[{"href":"https:\/\/localyaar.bf\/en\/wp-json\/wp\/v2\/product\/6400","targetHints":{"allow":["GET"]}}],"collection":[{"href":"https:\/\/localyaar.bf\/en\/wp-json\/wp\/v2\/product"}],"about":[{"href":"https:\/\/localyaar.bf\/en\/wp-json\/wp\/v2\/types\/product"}],"replies":[{"embeddable":true,"href":"https:\/\/localyaar.bf\/en\/wp-json\/wp\/v2\/comments?post=6400"}],"wp:featuredmedia":[{"embeddable":true,"href":"https:\/\/localyaar.bf\/en\/wp-json\/wp\/v2\/media\/6135"}],"wp:attachment":[{"href":"https:\/\/localyaar.bf\/en\/wp-json\/wp\/v2\/media?parent=6400"}],"wp:term":[{"taxonomy":"product_cat","embeddable":true,"href":"https:\/\/localyaar.bf\/en\/wp-json\/wp\/v2\/product_cat?post=6400"},{"taxonomy":"product_tag","embeddable":true,"href":"https:\/\/localyaar.bf\/en\/wp-json\/wp\/v2\/product_tag?post=6400"}],"curies":[{"name":"wp","href":"https:\/\/api.w.org\/{rel}","templated":true}]}}