{"id":5966,"date":"2024-08-27T18:16:32","date_gmt":"2024-08-27T18:16:32","guid":{"rendered":"https:\/\/localyaar.bf\/?post_type=product&#038;p=5966"},"modified":"2024-12-08T22:14:26","modified_gmt":"2024-12-08T22:14:26","slug":"miel-neema-du-gourma-500gramme","status":"publish","type":"product","link":"https:\/\/localyaar.bf\/en\/boutique\/miel-neema-du-gourma-500gramme","title":{"rendered":"Miel N\u00e8ema du Gourma &#8211; 500g"},"content":{"rendered":"<p><strong>Le miel contient des actifs comme le calcium, le cuivre, le fer, le magn\u00e9sium, le zinc, le phosphore et le potassium.<\/strong><\/p>\n<p><strong>Le miel poss\u00e8de des vertus curatives r\u00e9put\u00e9es depuis des ann\u00e9es.<\/strong><\/p>\n<p><strong>Les propri\u00e9t\u00e9s antibact\u00e9riennes et antifongiques du miel aident \u00e0 garder les plaies et les coupures propres et \u00e0 \u00e9viter les infections.<\/strong><\/p>\n<p><strong>il r\u00e9gule le taux de glyc\u00e9mie.<\/strong><\/p>\n<p><strong>Dispose des propri\u00e9t\u00e9s apaisantes et hydratantes, il soulage le mal de gorge, les probl\u00e8mes de digestions et la constipation.<\/strong><\/p>\n<p><strong>Par sa composition en fructose et en glucose, le miel est un excellent apport \u00e9nerg\u00e9tique, surtout pour les sportifs.<\/strong><\/p>","protected":false},"excerpt":{"rendered":"<h4 style=\"text-align: center;\"><strong>Pure miel du Gourma. Sans m\u00e9lange.<\/strong><\/h4>\n<h4 style=\"text-align: center;\"><strong>Conditionnez avec la cire.<\/strong><\/h4>","protected":false},"featured_media":5968,"comment_status":"open","ping_status":"closed","template":"","meta":{"_eb_attr":"","om_disable_all_campaigns":false,"_monsterinsights_skip_tracking":false,"_monsterinsights_sitenote_active":false,"_monsterinsights_sitenote_note":"","_monsterinsights_sitenote_category":0},"product_cat":[28],"product_tag":[487,49,486],"class_list":{"0":"post-5966","1":"product","2":"type-product","3":"status-publish","4":"has-post-thumbnail","6":"product_brand-miel-neema","7":"product_cat-alimentation-nutrition-consommez-des-produits-sains","8":"product_tag-gourma","9":"product_tag-miel","10":"product_tag-miel-neema","12":"first","13":"instock","14":"shipping-taxable","15":"purchasable","16":"product-type-simple","17":"col-xs-6 col-sm-4","18":"col-mf-5","19":"un-5-cols"},"aioseo_notices":[],"jetpack_likes_enabled":true,"jetpack_sharing_enabled":true,"_links":{"self":[{"href":"https:\/\/localyaar.bf\/en\/wp-json\/wp\/v2\/product\/5966","targetHints":{"allow":["GET"]}}],"collection":[{"href":"https:\/\/localyaar.bf\/en\/wp-json\/wp\/v2\/product"}],"about":[{"href":"https:\/\/localyaar.bf\/en\/wp-json\/wp\/v2\/types\/product"}],"replies":[{"embeddable":true,"href":"https:\/\/localyaar.bf\/en\/wp-json\/wp\/v2\/comments?post=5966"}],"wp:featuredmedia":[{"embeddable":true,"href":"https:\/\/localyaar.bf\/en\/wp-json\/wp\/v2\/media\/5968"}],"wp:attachment":[{"href":"https:\/\/localyaar.bf\/en\/wp-json\/wp\/v2\/media?parent=5966"}],"wp:term":[{"taxonomy":"product_cat","embeddable":true,"href":"https:\/\/localyaar.bf\/en\/wp-json\/wp\/v2\/product_cat?post=5966"},{"taxonomy":"product_tag","embeddable":true,"href":"https:\/\/localyaar.bf\/en\/wp-json\/wp\/v2\/product_tag?post=5966"}],"curies":[{"name":"wp","href":"https:\/\/api.w.org\/{rel}","templated":true}]}}