{"id":4573,"date":"2023-10-31T11:56:12","date_gmt":"2023-10-31T11:56:12","guid":{"rendered":"https:\/\/localyaar.bf\/?post_type=product&#038;p=4573"},"modified":"2025-06-18T18:54:20","modified_gmt":"2025-06-18T18:54:20","slug":"plateau-place-en-bois-les-merveilles-du-bois","status":"publish","type":"product","link":"https:\/\/localyaar.bf\/en\/boutique\/plateau-place-en-bois-les-merveilles-du-bois","title":{"rendered":"Plateau losange &#8211; Les merveilles du bois"},"content":{"rendered":"","protected":false},"excerpt":{"rendered":"<p><strong>Nos\u00a0plateaux\u00a0de\u00a0bois sont des pi\u00e8ces belles, design\u00e9e avec style et confort pour vous donnez un grand app\u00e9tit.<\/strong><\/p>\n<p><strong><span class=\"a-list-item\">Facile \u00e0 nettoyer avec de l&rsquo;eau et du savon doux et \u00e0 s\u00e9cher compl\u00e8tement \u00e0 la main et \u00e0 ranger dans un endroit sec. Facile \u00e0 ranger et tr\u00e8s solides.<\/span><\/strong><\/p>\n<p>&#8212;Les merveilles du bois&#8212;<\/p>","protected":false},"featured_media":4575,"comment_status":"open","ping_status":"closed","template":"","meta":{"_eb_attr":"","om_disable_all_campaigns":false,"_monsterinsights_skip_tracking":false,"_monsterinsights_sitenote_active":false,"_monsterinsights_sitenote_note":"","_monsterinsights_sitenote_category":0},"product_cat":[31,30],"product_tag":[416,419,418,417,420],"class_list":{"0":"post-4573","1":"product","2":"type-product","3":"status-publish","4":"has-post-thumbnail","6":"product_brand-les-merveilles-du-bois","7":"product_cat-accessoires-des-piece-confectionnees-pour-sublimer-votre-silouhette-ou-votre-espace","8":"product_cat-lartisanat-est-la-transformation-de-produits","9":"product_tag-bois","10":"product_tag-les-merveilles-du-bois","11":"product_tag-lmdb","12":"product_tag-plat","13":"product_tag-plateau","15":"first","16":"instock","17":"shipping-taxable","18":"purchasable","19":"product-type-simple","20":"col-xs-6 col-sm-4","21":"col-mf-5","22":"un-5-cols"},"aioseo_notices":[],"jetpack_likes_enabled":true,"jetpack_sharing_enabled":true,"_links":{"self":[{"href":"https:\/\/localyaar.bf\/en\/wp-json\/wp\/v2\/product\/4573","targetHints":{"allow":["GET"]}}],"collection":[{"href":"https:\/\/localyaar.bf\/en\/wp-json\/wp\/v2\/product"}],"about":[{"href":"https:\/\/localyaar.bf\/en\/wp-json\/wp\/v2\/types\/product"}],"replies":[{"embeddable":true,"href":"https:\/\/localyaar.bf\/en\/wp-json\/wp\/v2\/comments?post=4573"}],"wp:featuredmedia":[{"embeddable":true,"href":"https:\/\/localyaar.bf\/en\/wp-json\/wp\/v2\/media\/4575"}],"wp:attachment":[{"href":"https:\/\/localyaar.bf\/en\/wp-json\/wp\/v2\/media?parent=4573"}],"wp:term":[{"taxonomy":"product_cat","embeddable":true,"href":"https:\/\/localyaar.bf\/en\/wp-json\/wp\/v2\/product_cat?post=4573"},{"taxonomy":"product_tag","embeddable":true,"href":"https:\/\/localyaar.bf\/en\/wp-json\/wp\/v2\/product_tag?post=4573"}],"curies":[{"name":"wp","href":"https:\/\/api.w.org\/{rel}","templated":true}]}}