{"id":3912,"date":"2023-09-14T09:08:46","date_gmt":"2023-09-14T09:08:46","guid":{"rendered":"https:\/\/localyaar.bf\/?post_type=product&#038;p=3912"},"modified":"2025-10-16T17:33:51","modified_gmt":"2025-10-16T17:33:51","slug":"les-quatre-4-epices-en-poudre-saviz","status":"publish","type":"product","link":"https:\/\/localyaar.bf\/en\/boutique\/les-quatre-4-epices-en-poudre-saviz","title":{"rendered":"Poudre de Curcuma &#8211; SAVIZ"},"content":{"rendered":"<p><strong>Soigne les ulc\u00e8res, la diarrh\u00e9e, inhibe le d\u00e9veloppement du cancer, renforce l&rsquo;immunit\u00e9.<\/strong><\/p>\n<p>Fabriquer au Burkina Faso par SAVIZ<\/p>","protected":false},"excerpt":{"rendered":"<p><strong>La cuisine est un art et la poudre de Curcuma reste votre alli\u00e9e.<br \/>\nStimulez votre app\u00e9tit, relevez le go\u00fbt de vos repas.\u00a0<\/strong><\/p>\n<p>&nbsp;<\/p>","protected":false},"featured_media":7084,"comment_status":"open","ping_status":"closed","template":"","meta":{"_eb_attr":"","om_disable_all_campaigns":false,"_monsterinsights_skip_tracking":false,"_monsterinsights_sitenote_active":false,"_monsterinsights_sitenote_note":"","_monsterinsights_sitenote_category":0},"product_cat":[28,15],"product_tag":[382,383,252,381,379],"class_list":{"0":"post-3912","1":"product","2":"type-product","3":"status-publish","4":"has-post-thumbnail","6":"product_brand-saviz","7":"product_cat-alimentation-nutrition-consommez-des-produits-sains","8":"product_cat-pack-consommons-local","9":"product_tag-curry","10":"product_tag-epice","11":"product_tag-infusion","12":"product_tag-instantane","13":"product_tag-saviz","15":"first","16":"instock","17":"shipping-taxable","18":"purchasable","19":"product-type-simple","20":"col-xs-6 col-sm-4","21":"col-mf-5","22":"un-5-cols"},"aioseo_notices":[],"jetpack_likes_enabled":true,"jetpack_sharing_enabled":true,"_links":{"self":[{"href":"https:\/\/localyaar.bf\/en\/wp-json\/wp\/v2\/product\/3912","targetHints":{"allow":["GET"]}}],"collection":[{"href":"https:\/\/localyaar.bf\/en\/wp-json\/wp\/v2\/product"}],"about":[{"href":"https:\/\/localyaar.bf\/en\/wp-json\/wp\/v2\/types\/product"}],"replies":[{"embeddable":true,"href":"https:\/\/localyaar.bf\/en\/wp-json\/wp\/v2\/comments?post=3912"}],"wp:featuredmedia":[{"embeddable":true,"href":"https:\/\/localyaar.bf\/en\/wp-json\/wp\/v2\/media\/7084"}],"wp:attachment":[{"href":"https:\/\/localyaar.bf\/en\/wp-json\/wp\/v2\/media?parent=3912"}],"wp:term":[{"taxonomy":"product_cat","embeddable":true,"href":"https:\/\/localyaar.bf\/en\/wp-json\/wp\/v2\/product_cat?post=3912"},{"taxonomy":"product_tag","embeddable":true,"href":"https:\/\/localyaar.bf\/en\/wp-json\/wp\/v2\/product_tag?post=3912"}],"curies":[{"name":"wp","href":"https:\/\/api.w.org\/{rel}","templated":true}]}}