{"id":3909,"date":"2023-09-14T08:57:10","date_gmt":"2023-09-14T08:57:10","guid":{"rendered":"https:\/\/localyaar.bf\/?post_type=product&#038;p=3909"},"modified":"2025-10-16T17:24:29","modified_gmt":"2025-10-16T17:24:29","slug":"curry-en-poudre-saviz","status":"publish","type":"product","link":"https:\/\/localyaar.bf\/en\/boutique\/curry-en-poudre-saviz","title":{"rendered":"Curry en poudre &#8211; SAVIZ"},"content":{"rendered":"<ol>\n<li><strong>Ingr\u00e9dient :<br \/>\nCoriandre, Curcuma, Gingembre, Ail, Poivre noir, Noix de muscade, F\u00e9nugrec, F\u00e8f\u00e8.<\/strong><\/li>\n<li><strong><strong>Utilisation :<br \/>\nA mettre dans la sauce<br \/>\nA utiliser dans la marinade de viande et de poisson.<br \/>\nManger du curry est bon pour la sant\u00e9. En plus de stimulez votre app\u00e9tit, relevez le go\u00fbt et l&rsquo;ar\u00f4me de vos repas.<\/strong><\/strong><\/li>\n<\/ol>","protected":false},"excerpt":{"rendered":"<p><strong>Manger du curry est bon pour la sant\u00e9. En plus de stimulez votre app\u00e9tit, relevez le go\u00fbt et l&rsquo;ar\u00f4me de vos repas.\u00a0<\/strong><\/p>\n<p>&nbsp;<\/p>","protected":false},"featured_media":7083,"comment_status":"open","ping_status":"closed","template":"","meta":{"_eb_attr":"","om_disable_all_campaigns":false,"_monsterinsights_skip_tracking":false,"_monsterinsights_sitenote_active":false,"_monsterinsights_sitenote_note":"","_monsterinsights_sitenote_category":0},"product_cat":[28],"product_tag":[676,675,382,383,252,381,379],"class_list":{"0":"post-3909","1":"product","2":"type-product","3":"status-publish","4":"has-post-thumbnail","6":"product_brand-saviz","7":"product_cat-alimentation-nutrition-consommez-des-produits-sains","8":"product_tag-barbecue","9":"product_tag-curcuma","10":"product_tag-curry","11":"product_tag-epice","12":"product_tag-infusion","13":"product_tag-instantane","14":"product_tag-saviz","16":"first","17":"instock","18":"shipping-taxable","19":"purchasable","20":"product-type-simple","21":"col-xs-6 col-sm-4","22":"col-mf-5","23":"un-5-cols"},"aioseo_notices":[],"jetpack_likes_enabled":true,"jetpack_sharing_enabled":true,"_links":{"self":[{"href":"https:\/\/localyaar.bf\/en\/wp-json\/wp\/v2\/product\/3909","targetHints":{"allow":["GET"]}}],"collection":[{"href":"https:\/\/localyaar.bf\/en\/wp-json\/wp\/v2\/product"}],"about":[{"href":"https:\/\/localyaar.bf\/en\/wp-json\/wp\/v2\/types\/product"}],"replies":[{"embeddable":true,"href":"https:\/\/localyaar.bf\/en\/wp-json\/wp\/v2\/comments?post=3909"}],"wp:featuredmedia":[{"embeddable":true,"href":"https:\/\/localyaar.bf\/en\/wp-json\/wp\/v2\/media\/7083"}],"wp:attachment":[{"href":"https:\/\/localyaar.bf\/en\/wp-json\/wp\/v2\/media?parent=3909"}],"wp:term":[{"taxonomy":"product_cat","embeddable":true,"href":"https:\/\/localyaar.bf\/en\/wp-json\/wp\/v2\/product_cat?post=3909"},{"taxonomy":"product_tag","embeddable":true,"href":"https:\/\/localyaar.bf\/en\/wp-json\/wp\/v2\/product_tag?post=3909"}],"curies":[{"name":"wp","href":"https:\/\/api.w.org\/{rel}","templated":true}]}}