{"id":3888,"date":"2023-09-13T08:16:05","date_gmt":"2023-09-13T08:16:05","guid":{"rendered":"https:\/\/localyaar.bf\/?post_type=product&#038;p=3888"},"modified":"2025-01-07T17:45:44","modified_gmt":"2025-01-07T17:45:44","slug":"sirop-dengkao-laboratoire-bangr-ya-wend-kuuni","status":"publish","type":"product","link":"https:\/\/localyaar.bf\/en\/boutique\/sirop-dengkao-laboratoire-bangr-ya-wend-kuuni","title":{"rendered":"Sirop Dengkao- Laboratoire Bangr Ya Wend Kuuni"},"content":{"rendered":"","protected":false},"excerpt":{"rendered":"<p><b>Prise en charge traditionnelle de la dengue<\/b><\/p>\n<p><strong>Produit homologu\u00e9 par le minist\u00e8re de la sant\u00e9<\/strong><\/p>\n<p>&nbsp;<\/p>\n<p>&nbsp;<\/p>","protected":false},"featured_media":3891,"comment_status":"open","ping_status":"closed","template":"","meta":{"_eb_attr":"","om_disable_all_campaigns":false,"_monsterinsights_skip_tracking":false,"_monsterinsights_sitenote_active":false,"_monsterinsights_sitenote_note":"","_monsterinsights_sitenote_category":0},"product_cat":[26],"product_tag":[123,366,367,370,369,368,372,371],"class_list":{"0":"post-3888","1":"product","2":"type-product","3":"status-publish","4":"has-post-thumbnail","6":"product_brand-laboratoire-bangre-ya-wend-kunni","7":"product_cat-sante-bien-etre","8":"product_tag-dengue","9":"product_tag-laboratoire","10":"product_tag-laboratoire-bangr-ya-wend-kuuni","11":"product_tag-medecine","12":"product_tag-medecine-traditionelle","13":"product_tag-pharmacopee","14":"product_tag-sirop","15":"product_tag-traditionelle","17":"first","18":"instock","19":"purchasable","20":"product-type-simple","21":"col-xs-6 col-sm-4","22":"col-mf-5","23":"un-5-cols"},"aioseo_notices":[],"jetpack_likes_enabled":true,"jetpack_sharing_enabled":true,"_links":{"self":[{"href":"https:\/\/localyaar.bf\/en\/wp-json\/wp\/v2\/product\/3888","targetHints":{"allow":["GET"]}}],"collection":[{"href":"https:\/\/localyaar.bf\/en\/wp-json\/wp\/v2\/product"}],"about":[{"href":"https:\/\/localyaar.bf\/en\/wp-json\/wp\/v2\/types\/product"}],"replies":[{"embeddable":true,"href":"https:\/\/localyaar.bf\/en\/wp-json\/wp\/v2\/comments?post=3888"}],"wp:featuredmedia":[{"embeddable":true,"href":"https:\/\/localyaar.bf\/en\/wp-json\/wp\/v2\/media\/3891"}],"wp:attachment":[{"href":"https:\/\/localyaar.bf\/en\/wp-json\/wp\/v2\/media?parent=3888"}],"wp:term":[{"taxonomy":"product_cat","embeddable":true,"href":"https:\/\/localyaar.bf\/en\/wp-json\/wp\/v2\/product_cat?post=3888"},{"taxonomy":"product_tag","embeddable":true,"href":"https:\/\/localyaar.bf\/en\/wp-json\/wp\/v2\/product_tag?post=3888"}],"curies":[{"name":"wp","href":"https:\/\/api.w.org\/{rel}","templated":true}]}}