{"id":3718,"date":"2023-04-03T15:13:54","date_gmt":"2023-04-03T15:13:54","guid":{"rendered":"https:\/\/localyaar.bf\/?post_type=product&#038;p=3718"},"modified":"2024-12-08T22:14:24","modified_gmt":"2024-12-08T22:14:24","slug":"beurre-de-mangue-pommade-localyaar-nator","status":"publish","type":"product","link":"https:\/\/localyaar.bf\/en\/boutique\/beurre-de-mangue-pommade-localyaar-nator","title":{"rendered":"Pommade Beurre de mangue &#8211; Nat&rsquo;Or"},"content":{"rendered":"<div class=\"propriete-desc proprietes\">\n<p>Le beurre de Mangue maintient l&rsquo;hydratation de la peau.<\/p>\n<p><span class=\"big-color-content\"><strong>Adoucissant\u00a0<\/strong><\/span>et\u00a0<span class=\"big-color-content\"><strong>assouplissant<\/strong><\/span>, il laisse la peau douce et brillant.<\/p>\n<p>Riche en\u00a0<span class=\"big-color-content\"><strong>antioxydants<\/strong><\/span>, ce beurre pr\u00e9serve la peau des signes du\u00a0vieillissement pr\u00e9matur\u00e9.<\/p>\n<p><span class=\"big-color-content\"><strong>Apaisant<\/strong><\/span>, il aide la peau \u00e0 r\u00e9tablir sa composition en lipides et \u00e0 se r\u00e9hydrater* apr\u00e8s une exposition aux agressions ext\u00e9rieures (froid, soleil\u2026).<\/p>\n<\/div>\n<h4 class=\"sous-titre\">INDICATIONS<\/h4>\n<div class=\"propriete-desc indications\">\n<ul>\n<li>Peaux s\u00e8ches, d\u00e9vitalis\u00e9es, d\u00e9shydrat\u00e9es<\/li>\n<li>Peaux matures \u00e0 tendance s\u00e8che<\/li>\n<li>Peaux rel\u00e2ch\u00e9es<\/li>\n<\/ul>\n<\/div>","protected":false},"excerpt":{"rendered":"<p>Le beurre de Mangue maintient l&rsquo;hydratation de la peau. Adoucissant\u00a0et\u00a0assouplissant, il laisse la peau douce et brillant. Riche en\u00a0antioxydants, ce beurre pr\u00e9serve la peau des signes du\u00a0vieillissement pr\u00e9matur\u00e9. Apaisant, il aide la peau \u00e0 r\u00e9tablir sa composition en lipides et \u00e0 se r\u00e9hydrater* apr\u00e8s une exposition aux agressions ext\u00e9rieures (froid, soleil\u2026). INDICATIONS Peaux s\u00e8ches, d\u00e9vitalis\u00e9es,&hellip;<\/p>","protected":false},"featured_media":3719,"comment_status":"open","ping_status":"closed","template":"","meta":{"_eb_attr":"","om_disable_all_campaigns":false,"_monsterinsights_skip_tracking":false,"_monsterinsights_sitenote_active":false,"_monsterinsights_sitenote_note":"","_monsterinsights_sitenote_category":0},"product_cat":[29],"product_tag":[338,337,352,332,331,74,73],"class_list":{"0":"post-3718","1":"product","2":"type-product","3":"status-publish","4":"has-post-thumbnail","6":"product_brand-nat-or","7":"product_cat-cosmetiques","8":"product_tag-beurre-de-mangue","9":"product_tag-cosmetique","10":"product_tag-lisse","11":"product_tag-nat-or","12":"product_tag-nator","13":"product_tag-peau","14":"product_tag-pommade","16":"first","17":"instock","18":"shipping-taxable","19":"purchasable","20":"product-type-variable","21":"col-xs-6 col-sm-4","22":"col-mf-5","23":"un-5-cols"},"aioseo_notices":[],"jetpack_likes_enabled":true,"jetpack_sharing_enabled":true,"_links":{"self":[{"href":"https:\/\/localyaar.bf\/en\/wp-json\/wp\/v2\/product\/3718","targetHints":{"allow":["GET"]}}],"collection":[{"href":"https:\/\/localyaar.bf\/en\/wp-json\/wp\/v2\/product"}],"about":[{"href":"https:\/\/localyaar.bf\/en\/wp-json\/wp\/v2\/types\/product"}],"replies":[{"embeddable":true,"href":"https:\/\/localyaar.bf\/en\/wp-json\/wp\/v2\/comments?post=3718"}],"wp:featuredmedia":[{"embeddable":true,"href":"https:\/\/localyaar.bf\/en\/wp-json\/wp\/v2\/media\/3719"}],"wp:attachment":[{"href":"https:\/\/localyaar.bf\/en\/wp-json\/wp\/v2\/media?parent=3718"}],"wp:term":[{"taxonomy":"product_cat","embeddable":true,"href":"https:\/\/localyaar.bf\/en\/wp-json\/wp\/v2\/product_cat?post=3718"},{"taxonomy":"product_tag","embeddable":true,"href":"https:\/\/localyaar.bf\/en\/wp-json\/wp\/v2\/product_tag?post=3718"}],"curies":[{"name":"wp","href":"https:\/\/api.w.org\/{rel}","templated":true}]}}