{"id":3716,"date":"2023-04-03T15:04:33","date_gmt":"2023-04-03T15:04:33","guid":{"rendered":"https:\/\/localyaar.bf\/?post_type=product&#038;p=3716"},"modified":"2024-12-08T22:14:24","modified_gmt":"2024-12-08T22:14:24","slug":"cajou-epice-sale-nat-or","status":"publish","type":"product","link":"https:\/\/localyaar.bf\/en\/boutique\/cajou-epice-sale-nat-or","title":{"rendered":"Cajou \u00e9pic\u00e9 sal\u00e9 &#8211; Nat&rsquo;Or"},"content":{"rendered":"<ul>\n<li>Excellente source de lipides mono-insatur\u00e9s ;<\/li>\n<li>Haute teneur en vitamines et min\u00e9raux ;<\/li>\n<li>Favorise la sati\u00e9t\u00e9 et le transit ;<\/li>\n<li>Bonne source de prot\u00e9ines v\u00e9g\u00e9tales ;<\/li>\n<li>Pouvoir antioxydant.<\/li>\n<\/ul>","protected":false},"excerpt":{"rendered":"<p>Excellente source de lipides mono-insatur\u00e9s ; Haute teneur en vitamines et min\u00e9raux ; Favorise la sati\u00e9t\u00e9 et le transit ; Bonne source de prot\u00e9ines v\u00e9g\u00e9tales ; Pouvoir antioxydant.<\/p>","protected":false},"featured_media":3717,"comment_status":"open","ping_status":"closed","template":"","meta":{"_eb_attr":"","om_disable_all_campaigns":false,"_monsterinsights_skip_tracking":false,"_monsterinsights_sitenote_active":false,"_monsterinsights_sitenote_note":"","_monsterinsights_sitenote_category":0},"product_cat":[28],"product_tag":[335,336],"class_list":{"0":"post-3716","1":"product","2":"type-product","3":"status-publish","4":"has-post-thumbnail","6":"product_brand-nat-or","7":"product_cat-alimentation-nutrition-consommez-des-produits-sains","8":"product_tag-cajou","9":"product_tag-noix-dacajou","11":"first","12":"instock","13":"shipping-taxable","14":"purchasable","15":"product-type-simple","16":"col-xs-6 col-sm-4","17":"col-mf-5","18":"un-5-cols"},"aioseo_notices":[],"jetpack_likes_enabled":true,"jetpack_sharing_enabled":true,"_links":{"self":[{"href":"https:\/\/localyaar.bf\/en\/wp-json\/wp\/v2\/product\/3716","targetHints":{"allow":["GET"]}}],"collection":[{"href":"https:\/\/localyaar.bf\/en\/wp-json\/wp\/v2\/product"}],"about":[{"href":"https:\/\/localyaar.bf\/en\/wp-json\/wp\/v2\/types\/product"}],"replies":[{"embeddable":true,"href":"https:\/\/localyaar.bf\/en\/wp-json\/wp\/v2\/comments?post=3716"}],"wp:featuredmedia":[{"embeddable":true,"href":"https:\/\/localyaar.bf\/en\/wp-json\/wp\/v2\/media\/3717"}],"wp:attachment":[{"href":"https:\/\/localyaar.bf\/en\/wp-json\/wp\/v2\/media?parent=3716"}],"wp:term":[{"taxonomy":"product_cat","embeddable":true,"href":"https:\/\/localyaar.bf\/en\/wp-json\/wp\/v2\/product_cat?post=3716"},{"taxonomy":"product_tag","embeddable":true,"href":"https:\/\/localyaar.bf\/en\/wp-json\/wp\/v2\/product_tag?post=3716"}],"curies":[{"name":"wp","href":"https:\/\/api.w.org\/{rel}","templated":true}]}}