{"id":3714,"date":"2023-04-03T14:56:05","date_gmt":"2023-04-03T14:56:05","guid":{"rendered":"https:\/\/localyaar.bf\/?post_type=product&#038;p=3714"},"modified":"2024-12-08T22:14:24","modified_gmt":"2024-12-08T22:14:24","slug":"noix-de-cajou-nat-or","status":"publish","type":"product","link":"https:\/\/localyaar.bf\/en\/boutique\/noix-de-cajou-nat-or","title":{"rendered":"Noix de cajou &#8211; Nat&rsquo;Or"},"content":{"rendered":"<ul>\n<li>Excellente source de lipides mono-insatur\u00e9s ;<\/li>\n<li>Haute teneur en vitamines et min\u00e9raux ;<\/li>\n<li>Favorise la sati\u00e9t\u00e9 et le transit ;<\/li>\n<li>Bonne source de prot\u00e9ines v\u00e9g\u00e9tales ;<\/li>\n<li>Pouvoir antioxydant.<\/li>\n<\/ul>","protected":false},"excerpt":{"rendered":"<p>Excellente source de lipides mono-insatur\u00e9s ; Haute teneur en vitamines et min\u00e9raux ; Favorise la sati\u00e9t\u00e9 et le transit ; Bonne source de prot\u00e9ines v\u00e9g\u00e9tales ; Pouvoir antioxydant.<\/p>","protected":false},"featured_media":3715,"comment_status":"open","ping_status":"closed","template":"","meta":{"_eb_attr":"","om_disable_all_campaigns":false,"_monsterinsights_skip_tracking":false,"_monsterinsights_sitenote_active":false,"_monsterinsights_sitenote_note":"","_monsterinsights_sitenote_category":0},"product_cat":[28],"product_tag":[],"class_list":{"0":"post-3714","1":"product","2":"type-product","3":"status-publish","4":"has-post-thumbnail","6":"product_brand-nat-or","7":"product_cat-alimentation-nutrition-consommez-des-produits-sains","9":"first","10":"instock","11":"shipping-taxable","12":"purchasable","13":"product-type-simple","14":"col-xs-6 col-sm-4","15":"col-mf-5","16":"un-5-cols"},"aioseo_notices":[],"jetpack_likes_enabled":true,"jetpack_sharing_enabled":true,"_links":{"self":[{"href":"https:\/\/localyaar.bf\/en\/wp-json\/wp\/v2\/product\/3714","targetHints":{"allow":["GET"]}}],"collection":[{"href":"https:\/\/localyaar.bf\/en\/wp-json\/wp\/v2\/product"}],"about":[{"href":"https:\/\/localyaar.bf\/en\/wp-json\/wp\/v2\/types\/product"}],"replies":[{"embeddable":true,"href":"https:\/\/localyaar.bf\/en\/wp-json\/wp\/v2\/comments?post=3714"}],"wp:featuredmedia":[{"embeddable":true,"href":"https:\/\/localyaar.bf\/en\/wp-json\/wp\/v2\/media\/3715"}],"wp:attachment":[{"href":"https:\/\/localyaar.bf\/en\/wp-json\/wp\/v2\/media?parent=3714"}],"wp:term":[{"taxonomy":"product_cat","embeddable":true,"href":"https:\/\/localyaar.bf\/en\/wp-json\/wp\/v2\/product_cat?post=3714"},{"taxonomy":"product_tag","embeddable":true,"href":"https:\/\/localyaar.bf\/en\/wp-json\/wp\/v2\/product_tag?post=3714"}],"curies":[{"name":"wp","href":"https:\/\/api.w.org\/{rel}","templated":true}]}}