{"id":3711,"date":"2023-04-03T14:27:10","date_gmt":"2023-04-03T14:27:10","guid":{"rendered":"https:\/\/localyaar.bf\/?post_type=product&#038;p=3711"},"modified":"2024-12-08T22:14:24","modified_gmt":"2024-12-08T22:14:24","slug":"jus-naturel-multi-saveur","status":"publish","type":"product","link":"https:\/\/localyaar.bf\/en\/boutique\/jus-naturel-multi-saveur","title":{"rendered":"Jus Naturel multi saveur &#8211; Pack de 6 bouteilles &#8211; Nat&rsquo;Or"},"content":{"rendered":"<p>Disponible en : mangue, ananas, coco,tamarin, pain de singe, bissap, gingimbre.<\/p>\n<p>Profiter de nos boisson sans additifs<\/p>","protected":false},"excerpt":{"rendered":"<p>D\u00e9guster les meilleurs coco s\u00e9ch\u00e9s.<\/p>\n<p>Consommez les en amuses bouches; pour la production de g\u00e2teau et jus.<\/p>\n<p>Le coco s\u00e9ch\u00e9 peut-\u00eatre manger directement que ce soit au petit-d\u00e9jeuner, d\u00e9jeuner, go\u00fbt\u00e9.<\/p>","protected":false},"featured_media":3713,"comment_status":"open","ping_status":"closed","template":"","meta":{"_eb_attr":"","om_disable_all_campaigns":false,"_monsterinsights_skip_tracking":false,"_monsterinsights_sitenote_active":false,"_monsterinsights_sitenote_note":"","_monsterinsights_sitenote_category":0},"product_cat":[28],"product_tag":[98,262,261,333,334,332,331],"class_list":{"0":"post-3711","1":"product","2":"type-product","3":"status-publish","4":"has-post-thumbnail","6":"product_brand-nat-or","7":"product_cat-alimentation-nutrition-consommez-des-produits-sains","8":"product_tag-boisson","9":"product_tag-degustation","10":"product_tag-gourmandise","11":"product_tag-jus-naturel","12":"product_tag-multi-saveur","13":"product_tag-nat-or","14":"product_tag-nator","16":"first","17":"instock","18":"shipping-taxable","19":"purchasable","20":"product-type-simple","21":"col-xs-6 col-sm-4","22":"col-mf-5","23":"un-5-cols"},"aioseo_notices":[],"jetpack_likes_enabled":true,"jetpack_sharing_enabled":true,"_links":{"self":[{"href":"https:\/\/localyaar.bf\/en\/wp-json\/wp\/v2\/product\/3711","targetHints":{"allow":["GET"]}}],"collection":[{"href":"https:\/\/localyaar.bf\/en\/wp-json\/wp\/v2\/product"}],"about":[{"href":"https:\/\/localyaar.bf\/en\/wp-json\/wp\/v2\/types\/product"}],"replies":[{"embeddable":true,"href":"https:\/\/localyaar.bf\/en\/wp-json\/wp\/v2\/comments?post=3711"}],"wp:featuredmedia":[{"embeddable":true,"href":"https:\/\/localyaar.bf\/en\/wp-json\/wp\/v2\/media\/3713"}],"wp:attachment":[{"href":"https:\/\/localyaar.bf\/en\/wp-json\/wp\/v2\/media?parent=3711"}],"wp:term":[{"taxonomy":"product_cat","embeddable":true,"href":"https:\/\/localyaar.bf\/en\/wp-json\/wp\/v2\/product_cat?post=3711"},{"taxonomy":"product_tag","embeddable":true,"href":"https:\/\/localyaar.bf\/en\/wp-json\/wp\/v2\/product_tag?post=3711"}],"curies":[{"name":"wp","href":"https:\/\/api.w.org\/{rel}","templated":true}]}}