{"id":2684,"date":"2022-09-28T14:55:36","date_gmt":"2022-09-28T14:55:36","guid":{"rendered":"https:\/\/localyaar.bf\/?post_type=product&#038;p=2684"},"modified":"2025-05-18T19:55:41","modified_gmt":"2025-05-18T19:55:41","slug":"beurre-de-cacahuete-ma-creme-a-tartiner","status":"publish","type":"product","link":"https:\/\/localyaar.bf\/en\/boutique\/beurre-de-cacahuete-ma-creme-a-tartiner","title":{"rendered":"Beurre de cacahu\u00e8te naturelle (ma cr\u00e8me \u00e0 tartiner)"},"content":{"rendered":"<p><strong>Tr\u00e8s nourrissant, la composition nutritionnelle du beurre de cacahu\u00e8te est exceptionnelle. Riche en prot\u00e9ines v\u00e9g\u00e9tales, glucides, et lipide, en vitamines, on y trouve aussi des sels min\u00e9raux et oligo-\u00e9l\u00e9ments essentiels. Riche en fibres, il est tr\u00e8s nourrissant et permet de \u00ab\u00a0ressentir une sensation de sati\u00e9t\u00e9. Le beurre de cacahu\u00e8te est par ailleurs un des aliments les plus riches en resv\u00e9ratrol, un antioxydant aux nombreuses vertus, qui permet notamment de lutter contre les maladies cardio-vasculaires. <\/strong><\/p>\n<p>NB : Ne pas exc\u00e9der 10 et 20 grammes de beurre de cacahu\u00e8te par jour.<\/p>","protected":false},"excerpt":{"rendered":"<p>Tr\u00e8s nourrissant, la composition nutritionnelle du beurre de cacahu\u00e8te est exceptionnelle. Riche en prot\u00e9ines v\u00e9g\u00e9tales, glucides, et lipide, en vitamines, on y trouve aussi des sels min\u00e9raux et oligo-\u00e9l\u00e9ments essentiels. Riche en fibres, il est tr\u00e8s nourrissant et permet de \u00ab\u00a0ressentir une sensation de sati\u00e9t\u00e9. Le beurre de cacahu\u00e8te est par ailleurs un des aliments&hellip;<\/p>","protected":false},"featured_media":2688,"comment_status":"open","ping_status":"closed","template":"","meta":{"_eb_attr":"","om_disable_all_campaigns":false,"_monsterinsights_skip_tracking":false,"_monsterinsights_sitenote_active":false,"_monsterinsights_sitenote_note":"","_monsterinsights_sitenote_category":0},"product_cat":[28],"product_tag":[71,274,273,89,262,51,52,272,86],"class_list":{"0":"post-2684","1":"product","2":"type-product","3":"status-publish","4":"has-post-thumbnail","6":"product_brand-la-meuniere-du-faso","7":"product_cat-alimentation-nutrition-consommez-des-produits-sains","8":"product_tag-beurre","9":"product_tag-beurre-darachide","10":"product_tag-beurre-de-cacahuete","11":"product_tag-creme","12":"product_tag-degustation","13":"product_tag-dejeuner","14":"product_tag-petit-dejeuner","15":"product_tag-tartine","16":"product_tag-vitamine","18":"first","19":"instock","20":"shipping-taxable","21":"purchasable","22":"product-type-variable","23":"has-default-attributes","24":"col-xs-6 col-sm-4","25":"col-mf-5","26":"un-5-cols"},"aioseo_notices":[],"jetpack_likes_enabled":true,"jetpack_sharing_enabled":true,"_links":{"self":[{"href":"https:\/\/localyaar.bf\/en\/wp-json\/wp\/v2\/product\/2684","targetHints":{"allow":["GET"]}}],"collection":[{"href":"https:\/\/localyaar.bf\/en\/wp-json\/wp\/v2\/product"}],"about":[{"href":"https:\/\/localyaar.bf\/en\/wp-json\/wp\/v2\/types\/product"}],"replies":[{"embeddable":true,"href":"https:\/\/localyaar.bf\/en\/wp-json\/wp\/v2\/comments?post=2684"}],"wp:featuredmedia":[{"embeddable":true,"href":"https:\/\/localyaar.bf\/en\/wp-json\/wp\/v2\/media\/2688"}],"wp:attachment":[{"href":"https:\/\/localyaar.bf\/en\/wp-json\/wp\/v2\/media?parent=2684"}],"wp:term":[{"taxonomy":"product_cat","embeddable":true,"href":"https:\/\/localyaar.bf\/en\/wp-json\/wp\/v2\/product_cat?post=2684"},{"taxonomy":"product_tag","embeddable":true,"href":"https:\/\/localyaar.bf\/en\/wp-json\/wp\/v2\/product_tag?post=2684"}],"curies":[{"name":"wp","href":"https:\/\/api.w.org\/{rel}","templated":true}]}}