{"id":2604,"date":"2022-08-27T23:08:39","date_gmt":"2022-08-27T23:08:39","guid":{"rendered":"https:\/\/localyaar.bf\/?post_type=product&#038;p=2604"},"modified":"2024-12-08T22:14:24","modified_gmt":"2024-12-08T22:14:24","slug":"coco-seches-50g-nator","status":"publish","type":"product","link":"https:\/\/localyaar.bf\/en\/boutique\/coco-seches-50g-nator","title":{"rendered":"Coco s\u00e9ch\u00e9s 50g &#8211; (Nat Or)"},"content":{"rendered":"<p><strong>Le coco s\u00e9ch\u00e9,<\/strong> \u00a0est un <strong>excellent source de min\u00e9raux<\/strong>: le fer, mangan\u00e8se, cuivre, phosphore, magn\u00e9sium et potassium. Elle est tr\u00e8s riche en acides gras satur\u00e9s.<\/p>\n<p><strong>La noix de coco <\/strong>est un fruit riche fibres alimentaires qui aident \u00e0 la\u00a0<strong>digestion<\/strong>, r\u00e9duisent la probabilit\u00e9 d&rsquo;apparition de\u00a0<strong>maladies cardiovasculaires<\/strong>, et ont une action b\u00e9n\u00e9fique contre le\u00a0<strong>diab\u00e8te<\/strong>.<\/p>\n<p>Elle poss\u00e8de des\u00a0<strong>propri\u00e9t\u00e9s antibact\u00e9riennes et antivirales<\/strong>.<\/p>","protected":false},"excerpt":{"rendered":"<p>D\u00e9guster les meilleurs coco s\u00e9ch\u00e9s.<\/p>\n<p>Consommez les en amuses bouches; pour la production de g\u00e2teau et jus.<\/p>\n<p>Le coco s\u00e9ch\u00e9 peut-\u00eatre manger directement que ce soit au petit-d\u00e9jeuner, d\u00e9jeuner, go\u00fbt\u00e9.<\/p>","protected":false},"featured_media":3706,"comment_status":"open","ping_status":"closed","template":"","meta":{"_eb_attr":"","om_disable_all_campaigns":false,"_monsterinsights_skip_tracking":false,"_monsterinsights_sitenote_active":false,"_monsterinsights_sitenote_note":"","_monsterinsights_sitenote_category":0},"product_cat":[28],"product_tag":[260,258,259,262,261,332,331],"class_list":{"0":"post-2604","1":"product","2":"type-product","3":"status-publish","4":"has-post-thumbnail","6":"product_brand-nat-or","7":"product_cat-alimentation-nutrition-consommez-des-produits-sains","8":"product_tag-amuse-bouche","9":"product_tag-coco","10":"product_tag-coco-seche","11":"product_tag-degustation","12":"product_tag-gourmandise","13":"product_tag-nat-or","14":"product_tag-nator","16":"first","17":"instock","18":"shipping-taxable","19":"purchasable","20":"product-type-simple","21":"col-xs-6 col-sm-4","22":"col-mf-5","23":"un-5-cols"},"aioseo_notices":[],"jetpack_likes_enabled":true,"jetpack_sharing_enabled":true,"_links":{"self":[{"href":"https:\/\/localyaar.bf\/en\/wp-json\/wp\/v2\/product\/2604","targetHints":{"allow":["GET"]}}],"collection":[{"href":"https:\/\/localyaar.bf\/en\/wp-json\/wp\/v2\/product"}],"about":[{"href":"https:\/\/localyaar.bf\/en\/wp-json\/wp\/v2\/types\/product"}],"replies":[{"embeddable":true,"href":"https:\/\/localyaar.bf\/en\/wp-json\/wp\/v2\/comments?post=2604"}],"wp:featuredmedia":[{"embeddable":true,"href":"https:\/\/localyaar.bf\/en\/wp-json\/wp\/v2\/media\/3706"}],"wp:attachment":[{"href":"https:\/\/localyaar.bf\/en\/wp-json\/wp\/v2\/media?parent=2604"}],"wp:term":[{"taxonomy":"product_cat","embeddable":true,"href":"https:\/\/localyaar.bf\/en\/wp-json\/wp\/v2\/product_cat?post=2604"},{"taxonomy":"product_tag","embeddable":true,"href":"https:\/\/localyaar.bf\/en\/wp-json\/wp\/v2\/product_tag?post=2604"}],"curies":[{"name":"wp","href":"https:\/\/api.w.org\/{rel}","templated":true}]}}