{"id":2601,"date":"2022-08-27T22:49:57","date_gmt":"2022-08-27T22:49:57","guid":{"rendered":"https:\/\/localyaar.bf\/?post_type=product&#038;p=2601"},"modified":"2025-05-12T13:48:37","modified_gmt":"2025-05-12T13:48:37","slug":"mangue-sechees-100g","status":"publish","type":"product","link":"https:\/\/localyaar.bf\/en\/boutique\/mangue-sechees-100g","title":{"rendered":"Mangue s\u00e9ch\u00e9e &#8211; D\u00e9licieux"},"content":{"rendered":"<p>Mangue s\u00e9ch\u00e9e (Aliment) sain contenant des fibres alimentaires qui aident \u00e0 la digestion et au transit intestinal.<\/p>\n<p>C\u2019est bon pour votre cerveau :<\/p>\n<p>Les mangues sont pleines de\u00a0vitamine B6, qui joue un r\u00f4le important dans le maintien des fonctions c\u00e9r\u00e9brales.<\/p>\n<p>C\u2019est bon pour vos os :<\/p>\n<p>Les mangues contiennent de la\u00a0vitamine K, essentielle \u00e0 la sant\u00e9 des os car elle permet l\u2019absorption du calcium et la mangue contient \u00e9galement du calcium.<\/p>\n<p>C\u2019est bon pour votre c\u0153ur\u00a0!<\/p>\n<p>Les mangues sont riches en pectine, une fibre soluble qui aide \u00e0 diminuer naturellement les niveaux de cholest\u00e9rol.<\/p>","protected":false},"excerpt":{"rendered":"<p>D\u00e9guster les meilleurs mangues s\u00e9ch\u00e9es.<\/p>\n<p>Consommez les en amuses bouches; pour la production de g\u00e2teau et jus.<\/p>\n<p>Le coco s\u00e9ch\u00e9 peut-\u00eatre manger directement que ce soit au petit-d\u00e9jeuner, d\u00e9jeuner, go\u00fbter.<\/p>","protected":false},"featured_media":2630,"comment_status":"open","ping_status":"closed","template":"","meta":{"_eb_attr":"","om_disable_all_campaigns":false,"_monsterinsights_skip_tracking":false,"_monsterinsights_sitenote_active":false,"_monsterinsights_sitenote_note":"","_monsterinsights_sitenote_category":0},"product_cat":[28],"product_tag":[260,258,259,262,261,264,263],"class_list":{"0":"post-2601","1":"product","2":"type-product","3":"status-publish","4":"has-post-thumbnail","6":"product_brand-nat-or","7":"product_cat-alimentation-nutrition-consommez-des-produits-sains","8":"product_tag-amuse-bouche","9":"product_tag-coco","10":"product_tag-coco-seche","11":"product_tag-degustation","12":"product_tag-gourmandise","13":"product_tag-mangue","14":"product_tag-mangues-sechees","16":"first","17":"instock","18":"shipping-taxable","19":"purchasable","20":"product-type-variable","21":"has-default-attributes","22":"col-xs-6 col-sm-4","23":"col-mf-5","24":"un-5-cols"},"aioseo_notices":[],"jetpack_likes_enabled":true,"jetpack_sharing_enabled":true,"_links":{"self":[{"href":"https:\/\/localyaar.bf\/en\/wp-json\/wp\/v2\/product\/2601","targetHints":{"allow":["GET"]}}],"collection":[{"href":"https:\/\/localyaar.bf\/en\/wp-json\/wp\/v2\/product"}],"about":[{"href":"https:\/\/localyaar.bf\/en\/wp-json\/wp\/v2\/types\/product"}],"replies":[{"embeddable":true,"href":"https:\/\/localyaar.bf\/en\/wp-json\/wp\/v2\/comments?post=2601"}],"wp:featuredmedia":[{"embeddable":true,"href":"https:\/\/localyaar.bf\/en\/wp-json\/wp\/v2\/media\/2630"}],"wp:attachment":[{"href":"https:\/\/localyaar.bf\/en\/wp-json\/wp\/v2\/media?parent=2601"}],"wp:term":[{"taxonomy":"product_cat","embeddable":true,"href":"https:\/\/localyaar.bf\/en\/wp-json\/wp\/v2\/product_cat?post=2601"},{"taxonomy":"product_tag","embeddable":true,"href":"https:\/\/localyaar.bf\/en\/wp-json\/wp\/v2\/product_tag?post=2601"}],"curies":[{"name":"wp","href":"https:\/\/api.w.org\/{rel}","templated":true}]}}