{"id":2532,"date":"2022-08-17T12:28:46","date_gmt":"2022-08-17T12:28:46","guid":{"rendered":"https:\/\/localyaar.bf\/?post_type=product&#038;p=2532"},"modified":"2024-12-08T22:14:24","modified_gmt":"2024-12-08T22:14:24","slug":"infusion-verveine-et-citronnelle","status":"publish","type":"product","link":"https:\/\/localyaar.bf\/en\/boutique\/infusion-verveine-et-citronnelle","title":{"rendered":"Infusion Verveine Citronelle (25 infusettes)"},"content":{"rendered":"<p><strong>Pr\u00e9sente dans de nombreuses infusions relaxantes, la verveine est bien connue pour ses vertus apaisantes, calmantes. Son efficacit\u00e9 sur les troubles du sommeil.<\/strong><\/p>\n<p><strong>La verveine lutte contre le stress et les troubles intestinaux qui y sont li\u00e9s. Conseiller en cas de vertiges, de migraines ou pour soulager les douleurs pr\u00e9menstruelles, la verveine est notre alli\u00e9e de tous les jours. Alors, qu&rsquo;attendez-vous pour faire votre infusion?<\/strong><\/p>","protected":false},"excerpt":{"rendered":"<p>Pr\u00e9sente dans de nombreuses infusions relaxantes, la verveine est bien connue pour ses vertus apaisantes, calmantes. Son efficacit\u00e9 sur les troubles du sommeil. La verveine lutte contre le stress et les troubles intestinaux qui y sont li\u00e9s. Conseiller en cas de vertiges, de migraines ou pour soulager les douleurs pr\u00e9menstruelles, la verveine est notre alli\u00e9e&hellip;<\/p>","protected":false},"featured_media":2740,"comment_status":"open","ping_status":"closed","template":"","meta":{"_eb_attr":"","om_disable_all_campaigns":false,"_monsterinsights_skip_tracking":false,"_monsterinsights_sitenote_active":false,"_monsterinsights_sitenote_note":"","_monsterinsights_sitenote_category":0},"product_cat":[28,26],"product_tag":[175,178,252,173,176,50,99,177,251],"class_list":{"0":"post-2532","1":"product","2":"type-product","3":"status-publish","4":"has-post-thumbnail","6":"product_brand-agro-faso-djigui","7":"product_cat-alimentation-nutrition-consommez-des-produits-sains","8":"product_cat-sante-bien-etre","9":"product_tag-bien-etre","10":"product_tag-crysanthelium","11":"product_tag-infusion","12":"product_tag-moringa","13":"product_tag-moringa-oleifera","14":"product_tag-sante","15":"product_tag-the","16":"product_tag-the-moringa","17":"product_tag-verveine","19":"first","20":"instock","21":"shipping-taxable","22":"purchasable","23":"product-type-simple","24":"col-xs-6 col-sm-4","25":"col-mf-5","26":"un-5-cols"},"aioseo_notices":[],"jetpack_likes_enabled":true,"jetpack_sharing_enabled":true,"_links":{"self":[{"href":"https:\/\/localyaar.bf\/en\/wp-json\/wp\/v2\/product\/2532","targetHints":{"allow":["GET"]}}],"collection":[{"href":"https:\/\/localyaar.bf\/en\/wp-json\/wp\/v2\/product"}],"about":[{"href":"https:\/\/localyaar.bf\/en\/wp-json\/wp\/v2\/types\/product"}],"replies":[{"embeddable":true,"href":"https:\/\/localyaar.bf\/en\/wp-json\/wp\/v2\/comments?post=2532"}],"wp:featuredmedia":[{"embeddable":true,"href":"https:\/\/localyaar.bf\/en\/wp-json\/wp\/v2\/media\/2740"}],"wp:attachment":[{"href":"https:\/\/localyaar.bf\/en\/wp-json\/wp\/v2\/media?parent=2532"}],"wp:term":[{"taxonomy":"product_cat","embeddable":true,"href":"https:\/\/localyaar.bf\/en\/wp-json\/wp\/v2\/product_cat?post=2532"},{"taxonomy":"product_tag","embeddable":true,"href":"https:\/\/localyaar.bf\/en\/wp-json\/wp\/v2\/product_tag?post=2532"}],"curies":[{"name":"wp","href":"https:\/\/api.w.org\/{rel}","templated":true}]}}