{"id":2529,"date":"2022-08-16T12:45:21","date_gmt":"2022-08-16T12:45:21","guid":{"rendered":"https:\/\/localyaar.bf\/?post_type=product&#038;p=2529"},"modified":"2024-12-08T22:14:24","modified_gmt":"2024-12-08T22:14:24","slug":"infusion-bissap-gingembre","status":"publish","type":"product","link":"https:\/\/localyaar.bf\/en\/boutique\/infusion-bissap-gingembre","title":{"rendered":"Infusion Bissap Gingembre (25 infusettes)"},"content":{"rendered":"<p><strong>\u00a0D\u00e9couvrez le go\u00fbt d\u00e9licieux du bissap et le parfum chaud et \u00e9pic\u00e9 du gingembre. <\/strong><\/p>\n<p><strong>Le gingembre est surtout connus pour ses vertus aphrodisiaques et sa grande richesse en antioxydants.<\/strong><\/p>","protected":false},"excerpt":{"rendered":"<p>\u00a0D\u00e9couvrez le go\u00fbt d\u00e9licieux du bissap et le parfum chaud et \u00e9pic\u00e9 du gingembre. Le gingembre est surtout connus pour ses vertus aphrodisiaques et sa grande richesse en antioxydants.<\/p>","protected":false},"featured_media":2741,"comment_status":"open","ping_status":"closed","template":"","meta":{"_eb_attr":"","om_disable_all_campaigns":false,"_monsterinsights_skip_tracking":false,"_monsterinsights_sitenote_active":false,"_monsterinsights_sitenote_note":"","_monsterinsights_sitenote_category":0},"product_cat":[28,26],"product_tag":[175,178,173,176,50,99,177],"class_list":{"0":"post-2529","1":"product","2":"type-product","3":"status-publish","4":"has-post-thumbnail","6":"product_brand-agro-faso-djigui","7":"product_cat-alimentation-nutrition-consommez-des-produits-sains","8":"product_cat-sante-bien-etre","9":"product_tag-bien-etre","10":"product_tag-crysanthelium","11":"product_tag-moringa","12":"product_tag-moringa-oleifera","13":"product_tag-sante","14":"product_tag-the","15":"product_tag-the-moringa","17":"first","18":"instock","19":"shipping-taxable","20":"purchasable","21":"product-type-simple","22":"col-xs-6 col-sm-4","23":"col-mf-5","24":"un-5-cols"},"aioseo_notices":[],"jetpack_likes_enabled":true,"jetpack_sharing_enabled":true,"_links":{"self":[{"href":"https:\/\/localyaar.bf\/en\/wp-json\/wp\/v2\/product\/2529","targetHints":{"allow":["GET"]}}],"collection":[{"href":"https:\/\/localyaar.bf\/en\/wp-json\/wp\/v2\/product"}],"about":[{"href":"https:\/\/localyaar.bf\/en\/wp-json\/wp\/v2\/types\/product"}],"replies":[{"embeddable":true,"href":"https:\/\/localyaar.bf\/en\/wp-json\/wp\/v2\/comments?post=2529"}],"wp:featuredmedia":[{"embeddable":true,"href":"https:\/\/localyaar.bf\/en\/wp-json\/wp\/v2\/media\/2741"}],"wp:attachment":[{"href":"https:\/\/localyaar.bf\/en\/wp-json\/wp\/v2\/media?parent=2529"}],"wp:term":[{"taxonomy":"product_cat","embeddable":true,"href":"https:\/\/localyaar.bf\/en\/wp-json\/wp\/v2\/product_cat?post=2529"},{"taxonomy":"product_tag","embeddable":true,"href":"https:\/\/localyaar.bf\/en\/wp-json\/wp\/v2\/product_tag?post=2529"}],"curies":[{"name":"wp","href":"https:\/\/api.w.org\/{rel}","templated":true}]}}