{"id":2188,"date":"2022-05-07T06:17:31","date_gmt":"2022-05-07T06:17:31","guid":{"rendered":"http:\/\/localyaar.bf\/?post_type=product&#038;p=2188"},"modified":"2024-12-08T22:14:24","modified_gmt":"2024-12-08T22:14:24","slug":"chapeau-de-sapone-labellise-1","status":"publish","type":"product","link":"https:\/\/localyaar.bf\/en\/boutique\/chapeau-de-sapone-labellise-1","title":{"rendered":"Chapeau de Sapon\u00e9 labellis\u00e9 1"},"content":{"rendered":"<ul>\n<li>\n<h4><strong>Au del\u00e0 du cadre artistique, le chapeau de sapon\u00e9 constitue une identit\u00e9 culturelle et historique de la ville de Sapon\u00e9, donc le Burkina Faso.<\/strong><\/h4>\n<\/li>\n<li>\n<h4><strong>Le chapeau de Sapon\u00e9 symbolise la paix et la concorde dans la communaut\u00e9.<\/strong><\/h4>\n<\/li>\n<li>\n<h4><strong>Avec son labellisation et son IGP (Indication g\u00e9ographique prot\u00e9g\u00e9e) les producteurs du chapeau de Sapon\u00e9 ne m\u00e9nageront aucun effort pour perp\u00e9tuer le savoir-faire ancestral.\u00a0<\/strong><\/h4>\n<\/li>\n<\/ul>","protected":false},"excerpt":{"rendered":"<p>Au del\u00e0 du cadre artistique, le chapeau de sapon\u00e9 constitue une identit\u00e9 culturelle et historique de la ville de Sapon\u00e9, donc le Burkina Faso. Le chapeau de Sapon\u00e9 symbolise la paix et la concorde dans la communaut\u00e9. Avec son labellisation et son IGP (Indication g\u00e9ographique prot\u00e9g\u00e9e) les producteurs du chapeau de Sapon\u00e9 ne m\u00e9nageront aucun&hellip;<\/p>","protected":false},"featured_media":2190,"comment_status":"open","ping_status":"closed","template":"","meta":{"_eb_attr":"","om_disable_all_campaigns":false,"_monsterinsights_skip_tracking":false,"_monsterinsights_sitenote_active":false,"_monsterinsights_sitenote_note":"","_monsterinsights_sitenote_category":0},"product_cat":[31,30],"product_tag":[235,230,236,232,233,231,234],"class_list":{"0":"post-2188","1":"product","2":"type-product","3":"status-publish","4":"has-post-thumbnail","6":"product_brand-labellise-chapeau-de-sapone","7":"product_cat-accessoires-des-piece-confectionnees-pour-sublimer-votre-silouhette-ou-votre-espace","8":"product_cat-lartisanat-est-la-transformation-de-produits","9":"product_tag-bazega","10":"product_tag-chapeau","11":"product_tag-igp","12":"product_tag-label","13":"product_tag-original","14":"product_tag-sapone","15":"product_tag-terroir","17":"first","18":"instock","19":"shipping-taxable","20":"purchasable","21":"product-type-simple","22":"col-xs-6 col-sm-4","23":"col-mf-5","24":"un-5-cols"},"aioseo_notices":[],"jetpack_likes_enabled":true,"jetpack_sharing_enabled":true,"_links":{"self":[{"href":"https:\/\/localyaar.bf\/en\/wp-json\/wp\/v2\/product\/2188","targetHints":{"allow":["GET"]}}],"collection":[{"href":"https:\/\/localyaar.bf\/en\/wp-json\/wp\/v2\/product"}],"about":[{"href":"https:\/\/localyaar.bf\/en\/wp-json\/wp\/v2\/types\/product"}],"replies":[{"embeddable":true,"href":"https:\/\/localyaar.bf\/en\/wp-json\/wp\/v2\/comments?post=2188"}],"wp:featuredmedia":[{"embeddable":true,"href":"https:\/\/localyaar.bf\/en\/wp-json\/wp\/v2\/media\/2190"}],"wp:attachment":[{"href":"https:\/\/localyaar.bf\/en\/wp-json\/wp\/v2\/media?parent=2188"}],"wp:term":[{"taxonomy":"product_cat","embeddable":true,"href":"https:\/\/localyaar.bf\/en\/wp-json\/wp\/v2\/product_cat?post=2188"},{"taxonomy":"product_tag","embeddable":true,"href":"https:\/\/localyaar.bf\/en\/wp-json\/wp\/v2\/product_tag?post=2188"}],"curies":[{"name":"wp","href":"https:\/\/api.w.org\/{rel}","templated":true}]}}