{"id":1669,"date":"2021-11-19T16:57:01","date_gmt":"2021-11-19T16:57:01","guid":{"rendered":"http:\/\/localyaar.bf\/?post_type=product&#038;p=1669"},"modified":"2024-12-08T22:14:24","modified_gmt":"2024-12-08T22:14:24","slug":"huile-de-moringa","status":"publish","type":"product","link":"https:\/\/localyaar.bf\/en\/boutique\/huile-de-moringa","title":{"rendered":"Huile de moringa (Sans aucun additif de 120 ml)"},"content":{"rendered":"<p><strong>L\u2019huile de moringa\u00a0permet un\u00a0usage cosm\u00e9tique\u00a0et un\u00a0usage alimentaire<\/strong><\/p>\n<p><strong>Comme qualit\u00e9, elle p\u00e9n\u00e8tre rapidement\u00a0dans la peau, elle ne laisse\u00a0pas de sensation grasse, elle\u00a0hydrate tr\u00e8s fort et se conserve tr\u00e8s bien<\/strong><\/p>\n<p><strong>Antioxydant naturel puissant, r\u00e9put\u00e9 pour ses\u00a0propri\u00e9t\u00e9s antibact\u00e9riennes,\u00a0antimicrobiennes\u00a0et\u00a0anti-inflammatoire<\/strong><\/p>\n<p><strong>Excellent exfoliant<\/strong><\/p>\n<p><strong>L\u2019huile de moringa est tr\u00e8s riche en vitamines A,\u00a0B\u00a0et\u00a0C<\/strong><\/p>\n<p><strong>Elle renforce et\u00a0adoucit les cheveux,\u00a0assouplit\u00a0et\u00a0nourrit\u00a0les zones les plus s\u00e8ches du corps pour les peaux matures. Elle peut aussi s\u2019utiliser en\u00a0huile de massage<\/strong><\/p>\n<p><strong>Cette huile pr\u00e9sente des propri\u00e9t\u00e9s antibact\u00e9riennes\u00a0et\u00a0antifongiques ce qui la rend tr\u00e8s efficace contre les d\u00e9r\u00e8glements cutan\u00e9s comme le psoriasis, l\u2019ecz\u00e9ma ou tout type d\u2019irritation de la peau<\/strong><\/p>","protected":false},"excerpt":{"rendered":"<p>La composition de l\u2019huile de Moringa lui permet d\u2019avoir de multiples actions b\u00e9n\u00e9fiques pour la peau, les cheveux et la barbe. Appliqu\u00e9e en massage, dans un bain ou en masque, elle r\u00e9pare, nourrit et hydrate l\u2019organisme.<\/p>","protected":false},"featured_media":4489,"comment_status":"open","ping_status":"closed","template":"","meta":{"_eb_attr":"","om_disable_all_campaigns":false,"_monsterinsights_skip_tracking":false,"_monsterinsights_sitenote_active":false,"_monsterinsights_sitenote_note":"","_monsterinsights_sitenote_category":0},"product_cat":[28,29,26],"product_tag":[193,187,188,192,194,195,74,196],"class_list":{"0":"post-1669","1":"product","2":"type-product","3":"status-publish","4":"has-post-thumbnail","6":"product_brand-tout-moringa","7":"product_cat-alimentation-nutrition-consommez-des-produits-sains","8":"product_cat-cosmetiques","9":"product_cat-sante-bien-etre","10":"product_tag-acne","11":"product_tag-beaute-et-hygiene","12":"product_tag-beaute-et-soins-personnel","13":"product_tag-huile","14":"product_tag-hydratant","15":"product_tag-nourrissant","16":"product_tag-peau","17":"product_tag-qualite","19":"first","20":"instock","21":"shipping-taxable","22":"purchasable","23":"product-type-simple","24":"col-xs-6 col-sm-4","25":"col-mf-5","26":"un-5-cols"},"aioseo_notices":[],"jetpack_likes_enabled":true,"jetpack_sharing_enabled":true,"_links":{"self":[{"href":"https:\/\/localyaar.bf\/en\/wp-json\/wp\/v2\/product\/1669","targetHints":{"allow":["GET"]}}],"collection":[{"href":"https:\/\/localyaar.bf\/en\/wp-json\/wp\/v2\/product"}],"about":[{"href":"https:\/\/localyaar.bf\/en\/wp-json\/wp\/v2\/types\/product"}],"replies":[{"embeddable":true,"href":"https:\/\/localyaar.bf\/en\/wp-json\/wp\/v2\/comments?post=1669"}],"wp:featuredmedia":[{"embeddable":true,"href":"https:\/\/localyaar.bf\/en\/wp-json\/wp\/v2\/media\/4489"}],"wp:attachment":[{"href":"https:\/\/localyaar.bf\/en\/wp-json\/wp\/v2\/media?parent=1669"}],"wp:term":[{"taxonomy":"product_cat","embeddable":true,"href":"https:\/\/localyaar.bf\/en\/wp-json\/wp\/v2\/product_cat?post=1669"},{"taxonomy":"product_tag","embeddable":true,"href":"https:\/\/localyaar.bf\/en\/wp-json\/wp\/v2\/product_tag?post=1669"}],"curies":[{"name":"wp","href":"https:\/\/api.w.org\/{rel}","templated":true}]}}