{"id":1623,"date":"2021-11-08T15:51:41","date_gmt":"2021-11-08T15:51:41","guid":{"rendered":"http:\/\/localyaar.bf\/?post_type=product&#038;p=1623"},"modified":"2025-06-18T18:54:20","modified_gmt":"2025-06-18T18:54:20","slug":"the-moringa-gingimbre","status":"publish","type":"product","link":"https:\/\/localyaar.bf\/en\/boutique\/the-moringa-gingimbre","title":{"rendered":"Th\u00e9 Moringa &#038; Gingimbre"},"content":{"rendered":"<p><strong>Comment pr\u00e9parer un th\u00e9 Moringa &amp; Gingimbre ?<\/strong><\/p>\n<p><strong>Le th\u00e9 de moringa &amp; Gingimbre est une infusion de feuilles s\u00e9ch\u00e9es de moringa.<\/strong><\/p>\n<p><strong>Il existe plusieurs fa\u00e7ons de pr\u00e9parer un th\u00e9 au Moringa. La plus simple, la plus courante aussi, est de laisser infuser 3 \u00e0 4 minutes les feuilles s\u00e9ch\u00e9es dans de l\u2019eau fr\u00e9missante. Pour une th\u00e9i\u00e8re, comptez 4 cuill\u00e8res \u00e0 caf\u00e9 (2 pour une tasse) pour 1 litre d\u2019eau. Votre tisane au Moringa est ensuite consommable tout au long de la journ\u00e9e !<\/strong><\/p>","protected":false},"excerpt":{"rendered":"<p>Comment pr\u00e9parer un th\u00e9 Moringa &amp; Gingimbre ? Le th\u00e9 de moringa &amp; Gingimbre est une infusion de feuilles s\u00e9ch\u00e9es de moringa. Il existe plusieurs fa\u00e7ons de pr\u00e9parer un th\u00e9 au Moringa. La plus simple, la plus courante aussi, est de laisser infuser 3 \u00e0 4 minutes les feuilles s\u00e9ch\u00e9es dans de l\u2019eau fr\u00e9missante. Pour&hellip;<\/p>","protected":false},"featured_media":1625,"comment_status":"open","ping_status":"closed","template":"","meta":{"_eb_attr":"","om_disable_all_campaigns":false,"_monsterinsights_skip_tracking":false,"_monsterinsights_sitenote_active":false,"_monsterinsights_sitenote_note":"","_monsterinsights_sitenote_category":0},"product_cat":[28,26],"product_tag":[175,178,173,176,50,99,177],"class_list":{"0":"post-1623","1":"product","2":"type-product","3":"status-publish","4":"has-post-thumbnail","6":"product_brand-tout-moringa","7":"product_cat-alimentation-nutrition-consommez-des-produits-sains","8":"product_cat-sante-bien-etre","9":"product_tag-bien-etre","10":"product_tag-crysanthelium","11":"product_tag-moringa","12":"product_tag-moringa-oleifera","13":"product_tag-sante","14":"product_tag-the","15":"product_tag-the-moringa","17":"first","18":"instock","19":"shipping-taxable","20":"purchasable","21":"product-type-simple","22":"col-xs-6 col-sm-4","23":"col-mf-5","24":"un-5-cols"},"aioseo_notices":[],"jetpack_likes_enabled":true,"jetpack_sharing_enabled":true,"_links":{"self":[{"href":"https:\/\/localyaar.bf\/en\/wp-json\/wp\/v2\/product\/1623","targetHints":{"allow":["GET"]}}],"collection":[{"href":"https:\/\/localyaar.bf\/en\/wp-json\/wp\/v2\/product"}],"about":[{"href":"https:\/\/localyaar.bf\/en\/wp-json\/wp\/v2\/types\/product"}],"replies":[{"embeddable":true,"href":"https:\/\/localyaar.bf\/en\/wp-json\/wp\/v2\/comments?post=1623"}],"wp:featuredmedia":[{"embeddable":true,"href":"https:\/\/localyaar.bf\/en\/wp-json\/wp\/v2\/media\/1625"}],"wp:attachment":[{"href":"https:\/\/localyaar.bf\/en\/wp-json\/wp\/v2\/media?parent=1623"}],"wp:term":[{"taxonomy":"product_cat","embeddable":true,"href":"https:\/\/localyaar.bf\/en\/wp-json\/wp\/v2\/product_cat?post=1623"},{"taxonomy":"product_tag","embeddable":true,"href":"https:\/\/localyaar.bf\/en\/wp-json\/wp\/v2\/product_tag?post=1623"}],"curies":[{"name":"wp","href":"https:\/\/api.w.org\/{rel}","templated":true}]}}