{"id":1615,"date":"2021-11-08T07:02:42","date_gmt":"2021-11-08T07:02:42","guid":{"rendered":"http:\/\/localyaar.bf\/?post_type=product&#038;p=1615"},"modified":"2025-06-18T18:54:20","modified_gmt":"2025-06-18T18:54:20","slug":"miel-naturel","status":"publish","type":"product","link":"https:\/\/localyaar.bf\/en\/boutique\/miel-naturel","title":{"rendered":"Miel Naturel 1 Litre (Ferme Saint Michel de Koubri)"},"content":{"rendered":"<h4>Les vertus miel naturel (Issu de la ferme Saint Michel de Koubri)<\/h4>\n<ul>\n<li>Une immunit\u00e9 r\u00e9g\u00e9n\u00e9r\u00e9e<\/li>\n<li>Un pouvoir hydratant<\/li>\n<li>Des effets antibact\u00e9riens<\/li>\n<li>Du bon sucre (le miel contient du fructose bien meilleur que la saccharose)<\/li>\n<li>Soigner le mal de gorge, la toux, des plaies, ou pour soulager les douleurs.<\/li>\n<li>Profitons des vertus du miel, en l&rsquo;incluant dans notre alimentation.<\/li>\n<\/ul>\n<h4>#NB :<\/h4>\n<p>Le miel est contre-indiqu\u00e9 pour les personnes souffrantes du diab\u00e8te et aux enfants de moins de 24 mois.<\/p>","protected":false},"excerpt":{"rendered":"<h4>Les vertus miel naturel (Issu de la ferme Saint Michel de Koubri)<\/h4>\n<ul>\n<li>Une immunit\u00e9 r\u00e9g\u00e9n\u00e9r\u00e9e<\/li>\n<li>Un pouvoir hydratant<\/li>\n<li>Des effets antibact\u00e9riens<\/li>\n<li>Du bon sucre (le miel contient du fructose bien meilleur que la saccharose)<\/li>\n<li>Soigner le mal de gorge, la toux, des plaies, ou pour soulager les douleurs.<\/li>\n<li>Profitons des vertus du miel, en l&rsquo;incluant dans notre alimentation.<\/li>\n<\/ul>\n<h4>#NB :<\/h4>\n<p>Le miel est contre-indiqu\u00e9 pour les personnes souffrantes du diab\u00e8te et aux enfants de moins de 24 mois.<\/p>","protected":false},"featured_media":1621,"comment_status":"open","ping_status":"closed","template":"","meta":{"_eb_attr":"","om_disable_all_campaigns":false,"_monsterinsights_skip_tracking":false,"_monsterinsights_sitenote_active":false,"_monsterinsights_sitenote_note":"","_monsterinsights_sitenote_category":0},"product_cat":[28,26],"product_tag":[175,179,49,50,101,99],"class_list":{"0":"post-1615","1":"product","2":"type-product","3":"status-publish","4":"has-post-thumbnail","6":"product_brand-tout-moringa","7":"product_cat-alimentation-nutrition-consommez-des-produits-sains","8":"product_cat-sante-bien-etre","9":"product_tag-bien-etre","10":"product_tag-fructose","11":"product_tag-miel","12":"product_tag-sante","13":"product_tag-sucre","14":"product_tag-the","16":"first","17":"instock","18":"shipping-taxable","19":"purchasable","20":"product-type-simple","21":"col-xs-6 col-sm-4","22":"col-mf-5","23":"un-5-cols"},"aioseo_notices":[],"jetpack_likes_enabled":true,"jetpack_sharing_enabled":true,"_links":{"self":[{"href":"https:\/\/localyaar.bf\/en\/wp-json\/wp\/v2\/product\/1615","targetHints":{"allow":["GET"]}}],"collection":[{"href":"https:\/\/localyaar.bf\/en\/wp-json\/wp\/v2\/product"}],"about":[{"href":"https:\/\/localyaar.bf\/en\/wp-json\/wp\/v2\/types\/product"}],"replies":[{"embeddable":true,"href":"https:\/\/localyaar.bf\/en\/wp-json\/wp\/v2\/comments?post=1615"}],"wp:featuredmedia":[{"embeddable":true,"href":"https:\/\/localyaar.bf\/en\/wp-json\/wp\/v2\/media\/1621"}],"wp:attachment":[{"href":"https:\/\/localyaar.bf\/en\/wp-json\/wp\/v2\/media?parent=1615"}],"wp:term":[{"taxonomy":"product_cat","embeddable":true,"href":"https:\/\/localyaar.bf\/en\/wp-json\/wp\/v2\/product_cat?post=1615"},{"taxonomy":"product_tag","embeddable":true,"href":"https:\/\/localyaar.bf\/en\/wp-json\/wp\/v2\/product_tag?post=1615"}],"curies":[{"name":"wp","href":"https:\/\/api.w.org\/{rel}","templated":true}]}}