{"id":1611,"date":"2021-11-07T17:52:06","date_gmt":"2021-11-07T17:52:06","guid":{"rendered":"http:\/\/localyaar.bf\/?post_type=product&#038;p=1611"},"modified":"2024-12-08T22:14:23","modified_gmt":"2024-12-08T22:14:23","slug":"pure-graine-de-moringa-non-decortiquees","status":"publish","type":"product","link":"https:\/\/localyaar.bf\/en\/boutique\/pure-graine-de-moringa-non-decortiquees","title":{"rendered":"Pure Graine De Moringa (Non d\u00e9cortiqu\u00e9es)"},"content":{"rendered":"<p><strong>Pour consommer les graines et am\u00e9liorer votre bien-\u00eatre, c\u2019est tr\u00e8s simple :<\/strong><\/p>\n<p>Il vous suffit de consommer 1 \u00e0 2 graines par jour au d\u00e9but.<\/p>\n<p>Les graines ne doivent pas \u00eatre consomm\u00e9es chez la femme enceinte. De plus, il est conseill\u00e9 de les manger apr\u00e8s un repas (petit-d\u00e9jeuner, d\u00e9jeuner, collation, ou diner).<\/p>","protected":false},"excerpt":{"rendered":"<h4>Les vertus des graines de Moringa<\/h4>\n<p>Voici les principales vertus, que vous ressentirez g\u00e9n\u00e9ralement apr\u00e8s une semaine d\u2019utilisation.<\/p>\n<h4>Les effets sur le court terme : baisse de la fatigue et meilleur sommeil<\/h4>\n<ul>\n<li>Une meilleure forme gr\u00e2ce \u00e0 l\u2019\u00e9nergie qu\u2019elles vous apportent.<\/li>\n<li>Une qualit\u00e9 du sommeil am\u00e9lior\u00e9e<\/li>\n<\/ul>\n<h4>Sur le moyen et long terme : r\u00e9gulation<\/h4>\n<ul>\n<li>Stabilisation du taux de cholest\u00e9rol.<\/li>\n<li>Stabilisation du taux de sucre dans le sang.<\/li>\n<li>Perte de poids : Plus d\u2019\u00e9nergie et une meilleure sant\u00e9, alli\u00e9 aux propri\u00e9t\u00e9s br\u00fbleuses de graisses des graines, favorisent la perte de poids.<\/li>\n<\/ul>\n<h4>#NB :<\/h4>\n<p>C&rsquo;est d\u00e9conseill\u00e9 de consommer les graines de Moringa sans avoir manger quelque chose au pr\u00e9alable.<\/p>\n<p>Les femmes enceintes ne doivent pas consommer les graines de moringa<\/p>","protected":false},"featured_media":1614,"comment_status":"open","ping_status":"closed","template":"","meta":{"_eb_attr":"","om_disable_all_campaigns":false,"_monsterinsights_skip_tracking":false,"_monsterinsights_sitenote_active":false,"_monsterinsights_sitenote_note":"","_monsterinsights_sitenote_category":0},"product_cat":[28,26],"product_tag":[175,178,173,176,50,99,177],"class_list":{"0":"post-1611","1":"product","2":"type-product","3":"status-publish","4":"has-post-thumbnail","6":"product_cat-alimentation-nutrition-consommez-des-produits-sains","7":"product_cat-sante-bien-etre","8":"product_tag-bien-etre","9":"product_tag-crysanthelium","10":"product_tag-moringa","11":"product_tag-moringa-oleifera","12":"product_tag-sante","13":"product_tag-the","14":"product_tag-the-moringa","16":"first","17":"instock","18":"shipping-taxable","19":"purchasable","20":"product-type-simple","21":"col-xs-6 col-sm-4","22":"col-mf-5","23":"un-5-cols"},"aioseo_notices":[],"jetpack_likes_enabled":true,"jetpack_sharing_enabled":true,"_links":{"self":[{"href":"https:\/\/localyaar.bf\/en\/wp-json\/wp\/v2\/product\/1611","targetHints":{"allow":["GET"]}}],"collection":[{"href":"https:\/\/localyaar.bf\/en\/wp-json\/wp\/v2\/product"}],"about":[{"href":"https:\/\/localyaar.bf\/en\/wp-json\/wp\/v2\/types\/product"}],"replies":[{"embeddable":true,"href":"https:\/\/localyaar.bf\/en\/wp-json\/wp\/v2\/comments?post=1611"}],"wp:featuredmedia":[{"embeddable":true,"href":"https:\/\/localyaar.bf\/en\/wp-json\/wp\/v2\/media\/1614"}],"wp:attachment":[{"href":"https:\/\/localyaar.bf\/en\/wp-json\/wp\/v2\/media?parent=1611"}],"wp:term":[{"taxonomy":"product_cat","embeddable":true,"href":"https:\/\/localyaar.bf\/en\/wp-json\/wp\/v2\/product_cat?post=1611"},{"taxonomy":"product_tag","embeddable":true,"href":"https:\/\/localyaar.bf\/en\/wp-json\/wp\/v2\/product_tag?post=1611"}],"curies":[{"name":"wp","href":"https:\/\/api.w.org\/{rel}","templated":true}]}}