{"id":1601,"date":"2021-11-07T07:38:09","date_gmt":"2021-11-07T07:38:09","guid":{"rendered":"http:\/\/localyaar.bf\/?post_type=product&#038;p=1601"},"modified":"2025-07-31T08:36:17","modified_gmt":"2025-07-31T08:36:17","slug":"the-chrysanthelium","status":"publish","type":"product","link":"https:\/\/localyaar.bf\/en\/boutique\/the-chrysanthelium","title":{"rendered":"Th\u00e9 de Chrysanthelium -Tout Moringa"},"content":{"rendered":"<p><strong>Comment pr\u00e9parer un th\u00e9 de chrysanthellum<\/strong><\/p>\n<p><strong>Le th\u00e9 de chrysanthellum est une infusion de feuilles s\u00e9ch\u00e9es chrysanthellum<\/strong><\/p>\n<p><strong>Il existe plusieurs fa\u00e7ons de pr\u00e9parer un th\u00e9 au Moringa &amp; chrysanthellum. La plus simple, la plus courante aussi, est de laisser infuser 3 \u00e0 4 minutes les feuilles s\u00e9ch\u00e9es dans de l\u2019eau fr\u00e9missante. Pour une th\u00e9i\u00e8re, comptez 4 cuill\u00e8res \u00e0 caf\u00e9 (2 pour une tasse) pour 1 litre d\u2019eau. Votre tisane au Moringa est ensuite consommable tout au long de la journ\u00e9e !<\/strong><\/p>","protected":false},"excerpt":{"rendered":"<p>Comment pr\u00e9parer un th\u00e9 de chrysanthellum Le th\u00e9 de chrysanthellum est une infusion de feuilles s\u00e9ch\u00e9es chrysanthellum Il existe plusieurs fa\u00e7ons de pr\u00e9parer un th\u00e9 au Moringa &amp; chrysanthellum. La plus simple, la plus courante aussi, est de laisser infuser 3 \u00e0 4 minutes les feuilles s\u00e9ch\u00e9es dans de l\u2019eau fr\u00e9missante. Pour une th\u00e9i\u00e8re, comptez&hellip;<\/p>","protected":false},"featured_media":4490,"comment_status":"open","ping_status":"closed","template":"","meta":{"_eb_attr":"","om_disable_all_campaigns":false,"_monsterinsights_skip_tracking":false,"_monsterinsights_sitenote_active":false,"_monsterinsights_sitenote_note":"","_monsterinsights_sitenote_category":0},"product_cat":[28,26],"product_tag":[175,99,414],"class_list":{"0":"post-1601","1":"product","2":"type-product","3":"status-publish","4":"has-post-thumbnail","6":"product_brand-tout-moringa","7":"product_cat-alimentation-nutrition-consommez-des-produits-sains","8":"product_cat-sante-bien-etre","9":"product_tag-bien-etre","10":"product_tag-the","11":"product_tag-the-crysanthellum","13":"first","14":"instock","15":"shipping-taxable","16":"purchasable","17":"product-type-simple","18":"col-xs-6 col-sm-4","19":"col-mf-5","20":"un-5-cols"},"aioseo_notices":[],"jetpack_likes_enabled":true,"jetpack_sharing_enabled":true,"_links":{"self":[{"href":"https:\/\/localyaar.bf\/en\/wp-json\/wp\/v2\/product\/1601","targetHints":{"allow":["GET"]}}],"collection":[{"href":"https:\/\/localyaar.bf\/en\/wp-json\/wp\/v2\/product"}],"about":[{"href":"https:\/\/localyaar.bf\/en\/wp-json\/wp\/v2\/types\/product"}],"replies":[{"embeddable":true,"href":"https:\/\/localyaar.bf\/en\/wp-json\/wp\/v2\/comments?post=1601"}],"wp:featuredmedia":[{"embeddable":true,"href":"https:\/\/localyaar.bf\/en\/wp-json\/wp\/v2\/media\/4490"}],"wp:attachment":[{"href":"https:\/\/localyaar.bf\/en\/wp-json\/wp\/v2\/media?parent=1601"}],"wp:term":[{"taxonomy":"product_cat","embeddable":true,"href":"https:\/\/localyaar.bf\/en\/wp-json\/wp\/v2\/product_cat?post=1601"},{"taxonomy":"product_tag","embeddable":true,"href":"https:\/\/localyaar.bf\/en\/wp-json\/wp\/v2\/product_tag?post=1601"}],"curies":[{"name":"wp","href":"https:\/\/api.w.org\/{rel}","templated":true}]}}